{"id":9097,"date":"2025-12-10T14:19:45","date_gmt":"2025-12-10T13:19:45","guid":{"rendered":"https:\/\/gmiinfo.com\/?post_type=product&#038;p=9097"},"modified":"2025-12-10T14:19:45","modified_gmt":"2025-12-10T13:19:45","slug":"smartphone-honor-x5c-plus-4g","status":"publish","type":"product","link":"https:\/\/gmiinfo.com\/fr\/produit\/smartphone-honor-x5c-plus-4g\/","title":{"rendered":"Smartphone HONOR X5C Plus 4G"},"content":{"rendered":"","protected":false},"excerpt":{"rendered":"<p>\u00c9cran\u00a0<strong>6,74&#8243; LCD TFT (720 x 1600 px), 90 Hz<\/strong>\u00a0&#8211; Processeur:\u00a0<strong>MediaTek Helio G81\u00a0Octa-core<\/strong>\u00a0&#8211; Fr\u00e9quence Processeur:\u00a0<strong>2&#215;2,0 GHz Cortex-A75 et 6&#215;1,7 GHz Cortex-A55<\/strong>\u00a0&#8211; Syst\u00e8me d&#8217;exploitation:\u00a0<strong>MagicOS 9.0 (Android 15)<\/strong>\u00a0&#8211; M\u00e9moire RAM:\u00a0<strong>4 Go<\/strong>\u00a0&#8211; Stockage:\u00a0<strong>128 Go<\/strong>\u00a0&#8211; Appareil photo Arri\u00e8re:\u00a0<strong>50 MP (f\/1,8)<\/strong>\u00a0&#8211; Appareil photo Frontale:\u00a0<strong>5 MP (f\/2,2)<\/strong>\u00a0&#8211; Connectivit\u00e9: Wifi\u00a0<strong>4G<\/strong>\u00a0et Bluetooth 5.1 &#8211; Double SIM &#8211; Capacit\u00e9 de la batterie:\u00a0<strong>5260 mAh<\/strong>\u00a0&#8211; Capteurs:\u00a0<strong>Empreinte digitale (mont\u00e9e sur le c\u00f4t\u00e9), acc\u00e9l\u00e9rom\u00e8tre, capteur de gravit\u00e9, capteur de proximit\u00e9, capteur de luminosit\u00e9 ambiante<\/strong>\u00a0&#8211; Couleur:Ocean Cyan &#8211; Garantie: 1 an<\/p>","protected":false},"featured_media":9094,"template":"","meta":[],"product_cat":[230,229],"product_tag":[],"class_list":["post-9097","product","type-product","status-publish","has-post-thumbnail","hentry","product_cat-smartphone","product_cat-telephonie"],"_links":{"self":[{"href":"https:\/\/gmiinfo.com\/fr\/wp-json\/wp\/v2\/product\/9097","targetHints":{"allow":["GET"]}}],"collection":[{"href":"https:\/\/gmiinfo.com\/fr\/wp-json\/wp\/v2\/product"}],"about":[{"href":"https:\/\/gmiinfo.com\/fr\/wp-json\/wp\/v2\/types\/product"}],"wp:featuredmedia":[{"embeddable":true,"href":"https:\/\/gmiinfo.com\/fr\/wp-json\/wp\/v2\/media\/9094"}],"wp:attachment":[{"href":"https:\/\/gmiinfo.com\/fr\/wp-json\/wp\/v2\/media?parent=9097"}],"wp:term":[{"taxonomy":"product_cat","embeddable":true,"href":"https:\/\/gmiinfo.com\/fr\/wp-json\/wp\/v2\/product_cat?post=9097"},{"taxonomy":"product_tag","embeddable":true,"href":"https:\/\/gmiinfo.com\/fr\/wp-json\/wp\/v2\/product_tag?post=9097"}],"curies":[{"name":"wp","href":"https:\/\/api.w.org\/{rel}","templated":true}]}}