{"id":9076,"date":"2025-12-10T13:56:53","date_gmt":"2025-12-10T12:56:53","guid":{"rendered":"https:\/\/gmiinfo.com\/?post_type=product&#038;p=9076"},"modified":"2025-12-10T13:56:53","modified_gmt":"2025-12-10T12:56:53","slug":"honor-play-10","status":"publish","type":"product","link":"https:\/\/gmiinfo.com\/fr\/produit\/honor-play-10\/","title":{"rendered":"Honor Play 10"},"content":{"rendered":"","protected":false},"excerpt":{"rendered":"<p>\u00c9cran\u00a0<strong>6.74&#8243; LCD TFT\u00a0<\/strong>(<strong>720 x 1600<\/strong>),\u00a0<strong>90hz<\/strong>\u00a0&#8211; Processeur:\u00a0<strong>MediaTek Helio G81 Octa-core\u00a0&#8211;<\/strong>\u00a0Fr\u00e9quence Processeur:\u00a0<strong>2&#215;2,0 GHz Cortex-A75 et 6&#215;1,7 GHz Cortex-A55<\/strong>\u00a0&#8211; Syst\u00e8me d&#8217;exploitation:\u00a0<strong>Android 15 (\u00e9dition Go)\u00a0<\/strong>&#8211; M\u00e9moire RAM:\u00a0<strong>3Go\u00a0<\/strong>&#8211;\u00a0 Stockage: <strong>64Go\u00a0<\/strong>&#8211; Appareil photo Arri\u00e8re:\u00a0<strong>13MP<\/strong>, Frontale\u00a0<strong>5MP<\/strong>\u00a0&#8211; Connectivit\u00e9: Wifi\u00a0<strong>4G<\/strong>\u00a0et Bluetooth 5.1 &#8211; Double SIM\u00a0&#8211; Capacite de la batterie:\u00a0<strong>5000mAh\u00a0<\/strong>&#8211; Charge rapide\u00a0<strong>10W\u00a0<\/strong>&#8211;<strong>\u00a0Empreinte digitale(mont\u00e9e sur le c\u00f4t\u00e9), acc\u00e9l\u00e9rom\u00e8tre, proximit\u00e9<\/strong>\u00a0&#8211; Couleur: Noir &#8211; Garantie: 1 an<\/p>","protected":false},"featured_media":9078,"template":"","meta":[],"product_cat":[16],"product_tag":[],"class_list":["post-9076","product","type-product","status-publish","has-post-thumbnail","hentry","product_cat-uncategorized"],"_links":{"self":[{"href":"https:\/\/gmiinfo.com\/fr\/wp-json\/wp\/v2\/product\/9076","targetHints":{"allow":["GET"]}}],"collection":[{"href":"https:\/\/gmiinfo.com\/fr\/wp-json\/wp\/v2\/product"}],"about":[{"href":"https:\/\/gmiinfo.com\/fr\/wp-json\/wp\/v2\/types\/product"}],"wp:featuredmedia":[{"embeddable":true,"href":"https:\/\/gmiinfo.com\/fr\/wp-json\/wp\/v2\/media\/9078"}],"wp:attachment":[{"href":"https:\/\/gmiinfo.com\/fr\/wp-json\/wp\/v2\/media?parent=9076"}],"wp:term":[{"taxonomy":"product_cat","embeddable":true,"href":"https:\/\/gmiinfo.com\/fr\/wp-json\/wp\/v2\/product_cat?post=9076"},{"taxonomy":"product_tag","embeddable":true,"href":"https:\/\/gmiinfo.com\/fr\/wp-json\/wp\/v2\/product_tag?post=9076"}],"curies":[{"name":"wp","href":"https:\/\/api.w.org\/{rel}","templated":true}]}}