{"id":9070,"date":"2025-12-10T13:52:33","date_gmt":"2025-12-10T12:52:33","guid":{"rendered":"https:\/\/gmiinfo.com\/?post_type=product&#038;p=9070"},"modified":"2025-12-10T13:52:33","modified_gmt":"2025-12-10T12:52:33","slug":"smartphone-honor-x9d-5g","status":"publish","type":"product","link":"https:\/\/gmiinfo.com\/fr\/produit\/smartphone-honor-x9d-5g\/","title":{"rendered":"Smartphone HONOR X9D 5G"},"content":{"rendered":"","protected":false},"excerpt":{"rendered":"<p>\u00c9cran\u00a0<strong>6.79&#8243; AMOLED<\/strong>\u00a0<strong>(1200 x 2640 pixels)<\/strong>,\u00a0<strong>120Hz<\/strong>, Verre aluminosilicate<strong>\u00a0<\/strong>&#8211;<strong>\u00a0Technologie de confort oculaire<\/strong>\u00a0&#8211; Processeur:\u00a0<strong>Snapdragon 6 Gen 4 Octa-core, Adreno A810<\/strong>\u00a0&#8211; Syst\u00e9me d&#8217;exploitation:\u00a0<strong>MagicOS 9.0 (Android 15)\u00a0<\/strong>&#8211; M\u00e9moire RAM:\u00a0<strong>12Go\u00a0<\/strong>&#8211; Stockage:\u00a0<strong>256Go\u00a0<\/strong>&#8211; Appareil Photo Arri\u00e9re:\u00a0<strong>108 MP (F1.75) + grand angle 5 MP (F2.2), Vid\u00e9o 4K (3840 x 2160px), Zoom num\u00e9rique 10x<\/strong>\u00a0&#8211; Appareil Photo Frontale:\u00a0<strong>16 MP (F2.45)<\/strong>\u00a0&#8211; Connectivit\u00e9:\u00a0<strong>5G, Wifi 6 et Bluetooth 5.2<\/strong>\u00a0&#8211; Double SIM &#8211; Capacit\u00e9 de Batterie:\u00a0<strong>8300 mAh<\/strong><strong>\u00a0<\/strong>&#8211;<strong>\u00a0HONOR Supercharge 66W\u00a0<\/strong>&#8211;\u00a0<strong>Charge invers\u00e9e<\/strong>\u00a0&#8211;\u00a0<strong>Capteur d&#8217;empreintes digitales &#8211; NFC\u00a0<\/strong>&#8211; Le plus haut niveau de r\u00e9sistance \u00e0 l&#8217;eau et \u00e0 la poussi\u00e8re:\u00a0<strong>IP69K + IP68 + IP66<\/strong>\u00a0&#8211; Couleur: Marron Rouge\u00e2tre &#8211; Garantie: 1 an<\/p>","protected":false},"featured_media":9074,"template":"","meta":[],"product_cat":[230,229],"product_tag":[],"class_list":["post-9070","product","type-product","status-publish","has-post-thumbnail","hentry","product_cat-smartphone","product_cat-telephonie"],"_links":{"self":[{"href":"https:\/\/gmiinfo.com\/fr\/wp-json\/wp\/v2\/product\/9070","targetHints":{"allow":["GET"]}}],"collection":[{"href":"https:\/\/gmiinfo.com\/fr\/wp-json\/wp\/v2\/product"}],"about":[{"href":"https:\/\/gmiinfo.com\/fr\/wp-json\/wp\/v2\/types\/product"}],"wp:featuredmedia":[{"embeddable":true,"href":"https:\/\/gmiinfo.com\/fr\/wp-json\/wp\/v2\/media\/9074"}],"wp:attachment":[{"href":"https:\/\/gmiinfo.com\/fr\/wp-json\/wp\/v2\/media?parent=9070"}],"wp:term":[{"taxonomy":"product_cat","embeddable":true,"href":"https:\/\/gmiinfo.com\/fr\/wp-json\/wp\/v2\/product_cat?post=9070"},{"taxonomy":"product_tag","embeddable":true,"href":"https:\/\/gmiinfo.com\/fr\/wp-json\/wp\/v2\/product_tag?post=9070"}],"curies":[{"name":"wp","href":"https:\/\/api.w.org\/{rel}","templated":true}]}}