{"id":9039,"date":"2025-08-29T19:53:27","date_gmt":"2025-08-29T17:53:27","guid":{"rendered":"https:\/\/gmiinfo.com\/?post_type=product&#038;p=9039"},"modified":"2025-08-29T19:54:39","modified_gmt":"2025-08-29T17:54:39","slug":"smartphone-infinix-hot-60-ff-5g","status":"publish","type":"product","link":"https:\/\/gmiinfo.com\/fr\/produit\/smartphone-infinix-hot-60-ff-5g\/","title":{"rendered":"Smartphone INFINIX Hot 60 FF 5G"},"content":{"rendered":"","protected":false},"excerpt":{"rendered":"<p>\u00c9cran:\u00a0<strong>6.7&#8243; LCD IPS<\/strong>\u00a0(720&#215;1600 pixels),\u00a0<strong>120Hz\u00a0<\/strong>&#8211; Processeur:\u00a0<strong>Mediatek\u00a0Octa-core<\/strong>\u00a0&#8211; Syst\u00e8me d&#8217;exploitation:\u00a0<strong>Android 15, XOS 15.1<\/strong>\u00a0&#8211; RAM:\u00a0<strong>8Go\u00a0<\/strong>&#8211; Stockage:\u00a0<strong>256Go\u00a0<\/strong>&#8211; Appareil Photo Arri\u00e8re:\u00a0<strong>50MP<\/strong>, Frontale:\u00a0<strong>8MP\u00a0<\/strong>&#8211; Connectivit\u00e9: Wifi\u00a0<strong>5G\u00a0<\/strong>et Bluetooth &#8211; Batterie:\u00a0<strong>5200mAh\u00a0<\/strong>&#8211; Capteur: Empreintes digitales, Acc\u00e9l\u00e9rom\u00e8tre, Boussole, Gyroscope, Proximit\u00e9 &#8211;\u00a0<strong>IP64\u00a0<\/strong>&#8211; Double SIM &#8211; Couleur: Seelk Black &#8211; Garantie: 1an<\/p>","protected":false},"featured_media":9037,"template":"","meta":[],"product_cat":[230,229],"product_tag":[],"class_list":["post-9039","product","type-product","status-publish","has-post-thumbnail","hentry","product_cat-smartphone","product_cat-telephonie"],"_links":{"self":[{"href":"https:\/\/gmiinfo.com\/fr\/wp-json\/wp\/v2\/product\/9039","targetHints":{"allow":["GET"]}}],"collection":[{"href":"https:\/\/gmiinfo.com\/fr\/wp-json\/wp\/v2\/product"}],"about":[{"href":"https:\/\/gmiinfo.com\/fr\/wp-json\/wp\/v2\/types\/product"}],"wp:featuredmedia":[{"embeddable":true,"href":"https:\/\/gmiinfo.com\/fr\/wp-json\/wp\/v2\/media\/9037"}],"wp:attachment":[{"href":"https:\/\/gmiinfo.com\/fr\/wp-json\/wp\/v2\/media?parent=9039"}],"wp:term":[{"taxonomy":"product_cat","embeddable":true,"href":"https:\/\/gmiinfo.com\/fr\/wp-json\/wp\/v2\/product_cat?post=9039"},{"taxonomy":"product_tag","embeddable":true,"href":"https:\/\/gmiinfo.com\/fr\/wp-json\/wp\/v2\/product_tag?post=9039"}],"curies":[{"name":"wp","href":"https:\/\/api.w.org\/{rel}","templated":true}]}}