{"id":8998,"date":"2025-04-21T18:09:13","date_gmt":"2025-04-21T16:09:13","guid":{"rendered":"https:\/\/gmiinfo.com\/?post_type=product&#038;p=8998"},"modified":"2025-04-21T18:09:13","modified_gmt":"2025-04-21T16:09:13","slug":"tp-link-point-dacces-300mbps-wireless","status":"publish","type":"product","link":"https:\/\/gmiinfo.com\/fr\/produit\/tp-link-point-dacces-300mbps-wireless\/","title":{"rendered":"TP-Link Point d\u2019acc\u00e8s 300Mbps Wireless"},"content":{"rendered":"","protected":false},"excerpt":{"rendered":"<ul>\n<li>D\u00e9bit de transmission sans fil de 300 Mbps id\u00e9al pour les t\u00e2ches sensibles \u00e0 la bande passante et les travaux de base<\/li>\n<li>Prend en charge le mode Point d\u2019acc\u00e8s pour cr\u00e9er un nouveau point d\u2019acc\u00e8s Wi-Fi<\/li>\n<li>Prend en charge le mode Range Extender pour augmenter la couverture sans fil existante dans votre pi\u00e8ce<\/li>\n<li>Le contr\u00f4le parental g\u00e8re quand et comment les appareils connect\u00e9s peuvent acc\u00e9der \u00e0 Internet<\/li>\n<li>IPTV prend en charge IGMP Proxy\/Snooping, Bridge et Tag VLAN pour optimiser le streaming IPTV<\/li>\n<li>compatible avec IPv6 (Internet Protocol version 6)<\/li>\n<li>Le r\u00e9seau invit\u00e9 offre un acc\u00e8s s\u00e9par\u00e9 aux invit\u00e9s tout en s\u00e9curisant le r\u00e9seau domestique<\/li>\n<\/ul>","protected":false},"featured_media":8999,"template":"","meta":[],"product_cat":[440],"product_tag":[],"class_list":["post-8998","product","type-product","status-publish","has-post-thumbnail","hentry","product_cat-repeteur-wifi"],"_links":{"self":[{"href":"https:\/\/gmiinfo.com\/fr\/wp-json\/wp\/v2\/product\/8998","targetHints":{"allow":["GET"]}}],"collection":[{"href":"https:\/\/gmiinfo.com\/fr\/wp-json\/wp\/v2\/product"}],"about":[{"href":"https:\/\/gmiinfo.com\/fr\/wp-json\/wp\/v2\/types\/product"}],"wp:featuredmedia":[{"embeddable":true,"href":"https:\/\/gmiinfo.com\/fr\/wp-json\/wp\/v2\/media\/8999"}],"wp:attachment":[{"href":"https:\/\/gmiinfo.com\/fr\/wp-json\/wp\/v2\/media?parent=8998"}],"wp:term":[{"taxonomy":"product_cat","embeddable":true,"href":"https:\/\/gmiinfo.com\/fr\/wp-json\/wp\/v2\/product_cat?post=8998"},{"taxonomy":"product_tag","embeddable":true,"href":"https:\/\/gmiinfo.com\/fr\/wp-json\/wp\/v2\/product_tag?post=8998"}],"curies":[{"name":"wp","href":"https:\/\/api.w.org\/{rel}","templated":true}]}}