{"id":8993,"date":"2025-04-21T18:02:41","date_gmt":"2025-04-21T16:02:41","guid":{"rendered":"https:\/\/gmiinfo.com\/?post_type=product&#038;p=8993"},"modified":"2025-04-21T18:02:41","modified_gmt":"2025-04-21T16:02:41","slug":"repeteur-wifi-xiaomi-range-extender-n300","status":"publish","type":"product","link":"https:\/\/gmiinfo.com\/fr\/produit\/repeteur-wifi-xiaomi-range-extender-n300\/","title":{"rendered":"R\u00e9p\u00e9teur WIFI XIAOMI Range Extender N300"},"content":{"rendered":"","protected":false},"excerpt":{"rendered":"<p><strong>R\u00e9p\u00e9teur Wifi XIAOMI Range Extender WIFI N300\u00a0<\/strong>&#8211; Technologie de connectivit\u00e9:\u00a0<strong>Wi-Fi<\/strong>\u00a0&#8211; D\u00e9bit de transfert de donn\u00e9es:\u00a0<strong>300 Mbit\/s<\/strong>\u00a0&#8211; Bande de fr\u00e9quence:\u00a0<strong>2,<\/strong><strong>4 GHz<\/strong>\u00a0&#8211; Norme de communication sans fil:\u00a0<strong>IEEE 802.11b\/g\/n<\/strong>\u00a0&#8211;\u00a0 Type d&#8217;antenne :<strong>\u00a02 antennes externes<\/strong>\u00a0&#8211; S\u00e9curit\u00e9 Sans Fil:\u00a0\u00a0<strong>Cryptage WPA-PSK\/WPA2-PSK\u00a0<\/strong>&#8211; Tension:\u00a0<strong>100-240 V\/0,35 A<\/strong>\u00a0&#8211; Consommation \u00e9lectrique :\u00a0<strong>3,57 W<\/strong>\u00a0&#8211; Prend en charge jusqu&#8217;\u00e0\u00a0<strong>16 appareils connect\u00e9s<\/strong>\u00a0simultan\u00e9ment &#8211; Utiliser pour des dispositifs tels que\u00a0<strong>les ordinateurs portables<\/strong>,\u00a0<strong>tablettes<\/strong>,\u00a0<strong>smartphones<\/strong>,\u00a0<strong>consoles de jeux<\/strong>\u00a0et\u00a0<strong>t\u00e9l\u00e9viseurs intelligents<\/strong><\/p>","protected":false},"featured_media":8994,"template":"","meta":[],"product_cat":[440],"product_tag":[],"class_list":["post-8993","product","type-product","status-publish","has-post-thumbnail","hentry","product_cat-repeteur-wifi"],"_links":{"self":[{"href":"https:\/\/gmiinfo.com\/fr\/wp-json\/wp\/v2\/product\/8993","targetHints":{"allow":["GET"]}}],"collection":[{"href":"https:\/\/gmiinfo.com\/fr\/wp-json\/wp\/v2\/product"}],"about":[{"href":"https:\/\/gmiinfo.com\/fr\/wp-json\/wp\/v2\/types\/product"}],"wp:featuredmedia":[{"embeddable":true,"href":"https:\/\/gmiinfo.com\/fr\/wp-json\/wp\/v2\/media\/8994"}],"wp:attachment":[{"href":"https:\/\/gmiinfo.com\/fr\/wp-json\/wp\/v2\/media?parent=8993"}],"wp:term":[{"taxonomy":"product_cat","embeddable":true,"href":"https:\/\/gmiinfo.com\/fr\/wp-json\/wp\/v2\/product_cat?post=8993"},{"taxonomy":"product_tag","embeddable":true,"href":"https:\/\/gmiinfo.com\/fr\/wp-json\/wp\/v2\/product_tag?post=8993"}],"curies":[{"name":"wp","href":"https:\/\/api.w.org\/{rel}","templated":true}]}}