{"id":8981,"date":"2025-04-21T17:59:33","date_gmt":"2025-04-21T15:59:33","guid":{"rendered":"https:\/\/gmiinfo.com\/?post_type=product&#038;p=8981"},"modified":"2025-04-21T17:59:34","modified_gmt":"2025-04-21T15:59:34","slug":"smartphone-oppo-a5-pro-4g","status":"publish","type":"product","link":"https:\/\/gmiinfo.com\/fr\/produit\/smartphone-oppo-a5-pro-4g\/","title":{"rendered":"Smartphone OPPO A5 Pro 4G"},"content":{"rendered":"","protected":false},"excerpt":{"rendered":"<p>\u00c9cran\u00a0<strong>6.67&#8243; LCD IPS\u00a0<\/strong><strong>(720 x 1604 pixels ), 90 Hz, 1 000 nits (HBM),Verre Corning Gorilla Glass 7i\u00a0\u00a0<\/strong><strong>&#8211;\u00a0<\/strong>Processeur:<strong>\u00a0Qualcomm\u00ae Snapdragon\u00ae 6s 4G Gen1\u00a0Octa-core\u00a0<\/strong>\u00a0&#8211; Syst\u00e8me d&#8217;exploitation:<strong>\u00a0ColorOS 15<\/strong>\u00a0&#8211; M\u00e9moire RAM:<strong>\u00a08Go (extensible jusqu&#8217;\u00e0 16Go)\u00a0\u00a0<\/strong>&#8211; Stockage:\u00a0<strong>256 Go<\/strong>\u00a0&#8211; Cam\u00e9ra arri\u00e8re:\u00a0<strong>50 MP ; f\/1,8 ; FOV 76\u00b0 ; objectif 5P ; AF pris en charge\u00a0<\/strong>,\u00a0<strong>2 MP ; f\/2,4 ; FOV 89\u00b0 ; objectif 3P<\/strong>\u00a0&#8211; Avant:\u00a0<strong>8 MP, f\/2.0, champ de vision 80\u00b0\u00a0; objectif 4P\u00a0<\/strong>&#8211;\u00a0Vid\u00e9o Cam\u00e9ra\u00a0Arri\u00e8re :1080p \u00e0 30\/60 ips &#8211; Vid\u00e9o Cam\u00e9ra selfie :1080p \u00e0 30 ips &#8211;\u00a0<strong>haut-parleurs st\u00e9r\u00e9o<\/strong>\u00a0<strong>&#8211;\u00a0\u00a0<\/strong><strong>Suppression des reflets de l&#8217;IA<\/strong>\u00a0\u00a0&#8211;\u00a0\u00a0<strong>Eraser Ai 2.0<\/strong><strong>\u00a0<\/strong>&#8211; Connectivit\u00e9:\u00a0<strong>WiFi 5, 4G,\u00a0<\/strong>Bluetooth 5.0 &#8211;<strong>\u00a0Empreinte digitale (mont\u00e9e sur le c\u00f4t\u00e9),Reconnaissance faciale,NFC<\/strong>\u00a0&#8211; Batterie:\u00a0<strong>5800 mAh &#8211; Charge rapide 45 W\u00a0<\/strong>&#8211; R\u00e9sistant \u00e0 l&#8217;eau et \u00e0 la poussi\u00e8re:\u00a0<strong>IP69<\/strong> &#8211; Couleur: Vert -Noir\u00a0 <strong>Garantie :2 ans<\/strong><\/p>","protected":false},"featured_media":8987,"template":"","meta":[],"product_cat":[230,229],"product_tag":[],"class_list":["post-8981","product","type-product","status-publish","has-post-thumbnail","hentry","product_cat-smartphone","product_cat-telephonie"],"_links":{"self":[{"href":"https:\/\/gmiinfo.com\/fr\/wp-json\/wp\/v2\/product\/8981","targetHints":{"allow":["GET"]}}],"collection":[{"href":"https:\/\/gmiinfo.com\/fr\/wp-json\/wp\/v2\/product"}],"about":[{"href":"https:\/\/gmiinfo.com\/fr\/wp-json\/wp\/v2\/types\/product"}],"wp:featuredmedia":[{"embeddable":true,"href":"https:\/\/gmiinfo.com\/fr\/wp-json\/wp\/v2\/media\/8987"}],"wp:attachment":[{"href":"https:\/\/gmiinfo.com\/fr\/wp-json\/wp\/v2\/media?parent=8981"}],"wp:term":[{"taxonomy":"product_cat","embeddable":true,"href":"https:\/\/gmiinfo.com\/fr\/wp-json\/wp\/v2\/product_cat?post=8981"},{"taxonomy":"product_tag","embeddable":true,"href":"https:\/\/gmiinfo.com\/fr\/wp-json\/wp\/v2\/product_tag?post=8981"}],"curies":[{"name":"wp","href":"https:\/\/api.w.org\/{rel}","templated":true}]}}