{"id":8964,"date":"2025-04-18T13:09:31","date_gmt":"2025-04-18T11:09:31","guid":{"rendered":"https:\/\/gmiinfo.com\/?post_type=product&#038;p=8964"},"modified":"2025-04-18T13:11:31","modified_gmt":"2025-04-18T11:11:31","slug":"ecouteurs-sans-fil-xiaomi-redmi-buds-6-active","status":"publish","type":"product","link":"https:\/\/gmiinfo.com\/fr\/produit\/ecouteurs-sans-fil-xiaomi-redmi-buds-6-active\/","title":{"rendered":"Ecouteurs sans fil Xiaomi Redmi Buds 6 Active"},"content":{"rendered":"","protected":false},"excerpt":{"rendered":"<ul>\n<li><strong>Ecouteurs sans fil Xiaomi Redmi Buds 6 Active poids :<\/strong>\u00a036 g<\/li>\n<li><strong>Taille de chaque \u00e9couteur :<\/strong>\u00a032 x 17,8 x 18,5 mm<\/li>\n<li><strong>Capacit\u00e9 de la batterie des \u00e9couteurs :<\/strong>\u00a037 mAh<\/li>\n<li><strong>Connexion :<\/strong>\u00a0Bluetooth 5.4<\/li>\n<li><strong>Port de charge :<\/strong>\u00a0USB Type-C<\/li>\n<li><strong>Autonomie de la batterie avec l&#8217;\u00e9tui de charge :<\/strong>\u00a030 heures<\/li>\n<li><strong>Param\u00e8tres d&#8217;entr\u00e9e des \u00e9couteurs :<\/strong>\u00a05 V = 50 mA MAX ( un seul \u00e9couteur )<\/li>\n<\/ul>","protected":false},"featured_media":8970,"template":"","meta":[],"product_cat":[421],"product_tag":[],"class_list":["post-8964","product","type-product","status-publish","has-post-thumbnail","hentry","product_cat-airpods-bluetooth"],"_links":{"self":[{"href":"https:\/\/gmiinfo.com\/fr\/wp-json\/wp\/v2\/product\/8964","targetHints":{"allow":["GET"]}}],"collection":[{"href":"https:\/\/gmiinfo.com\/fr\/wp-json\/wp\/v2\/product"}],"about":[{"href":"https:\/\/gmiinfo.com\/fr\/wp-json\/wp\/v2\/types\/product"}],"wp:featuredmedia":[{"embeddable":true,"href":"https:\/\/gmiinfo.com\/fr\/wp-json\/wp\/v2\/media\/8970"}],"wp:attachment":[{"href":"https:\/\/gmiinfo.com\/fr\/wp-json\/wp\/v2\/media?parent=8964"}],"wp:term":[{"taxonomy":"product_cat","embeddable":true,"href":"https:\/\/gmiinfo.com\/fr\/wp-json\/wp\/v2\/product_cat?post=8964"},{"taxonomy":"product_tag","embeddable":true,"href":"https:\/\/gmiinfo.com\/fr\/wp-json\/wp\/v2\/product_tag?post=8964"}],"curies":[{"name":"wp","href":"https:\/\/api.w.org\/{rel}","templated":true}]}}