{"id":8953,"date":"2025-04-18T13:02:03","date_gmt":"2025-04-18T11:02:03","guid":{"rendered":"https:\/\/gmiinfo.com\/?post_type=product&#038;p=8953"},"modified":"2025-04-18T13:02:03","modified_gmt":"2025-04-18T11:02:03","slug":"ecouteurs-sans-fil-xiaomi-redmi-buds-6-lite","status":"publish","type":"product","link":"https:\/\/gmiinfo.com\/fr\/produit\/ecouteurs-sans-fil-xiaomi-redmi-buds-6-lite\/","title":{"rendered":"\u00c9couteurs Sans Fil XIAOMI Redmi Buds 6 Lite"},"content":{"rendered":"","protected":false},"excerpt":{"rendered":"<p>\u00c9couteurs Sans Fil XIAOMI Redmi Buds 6 Lite &#8211; Technologie de connectivit\u00e9:\u00a0<strong>Bluetooth 5.3\u00a0<\/strong>&#8211;<strong>\u00a0Prend en charge Google Fast Pair\u00a0<\/strong>&#8211;<strong>\u00a0R\u00e9duction du bruit avec l&#8217;IA pour des appels clairs<\/strong><strong>\u00a0<\/strong>&#8211; Capacit\u00e9 de la Batterie:<strong>\u00a0480 mAh (boitier de charge), 45 mAh (\u00e9couteur)\u00a0<\/strong>&#8211; Autonomie:\u00a0<strong>Jusqu&#8217;\u00e0 7 heures sur une seule charge, Jusqu&#8217;\u00e0 38 heures (avec Boitier de charge)<\/strong>\u00a0&#8211; Pilote dynamique de 12,4 mm &#8211; Port de chargement:\u00a0<strong>Type C<\/strong>\u00a0&#8211;<\/p>","protected":false},"featured_media":8958,"template":"","meta":[],"product_cat":[421],"product_tag":[],"class_list":["post-8953","product","type-product","status-publish","has-post-thumbnail","hentry","product_cat-airpods-bluetooth"],"_links":{"self":[{"href":"https:\/\/gmiinfo.com\/fr\/wp-json\/wp\/v2\/product\/8953","targetHints":{"allow":["GET"]}}],"collection":[{"href":"https:\/\/gmiinfo.com\/fr\/wp-json\/wp\/v2\/product"}],"about":[{"href":"https:\/\/gmiinfo.com\/fr\/wp-json\/wp\/v2\/types\/product"}],"wp:featuredmedia":[{"embeddable":true,"href":"https:\/\/gmiinfo.com\/fr\/wp-json\/wp\/v2\/media\/8958"}],"wp:attachment":[{"href":"https:\/\/gmiinfo.com\/fr\/wp-json\/wp\/v2\/media?parent=8953"}],"wp:term":[{"taxonomy":"product_cat","embeddable":true,"href":"https:\/\/gmiinfo.com\/fr\/wp-json\/wp\/v2\/product_cat?post=8953"},{"taxonomy":"product_tag","embeddable":true,"href":"https:\/\/gmiinfo.com\/fr\/wp-json\/wp\/v2\/product_tag?post=8953"}],"curies":[{"name":"wp","href":"https:\/\/api.w.org\/{rel}","templated":true}]}}