{"id":8941,"date":"2025-04-18T12:31:37","date_gmt":"2025-04-18T10:31:37","guid":{"rendered":"https:\/\/gmiinfo.com\/?post_type=product&#038;p=8941"},"modified":"2025-04-18T12:31:37","modified_gmt":"2025-04-18T10:31:37","slug":"ecouteurs-sans-fil-xiaomi-redmi-buds-6-play","status":"publish","type":"product","link":"https:\/\/gmiinfo.com\/fr\/produit\/ecouteurs-sans-fil-xiaomi-redmi-buds-6-play\/","title":{"rendered":"\u00c9couteurs Sans Fil XIAOMI Redmi Buds 6 Play"},"content":{"rendered":"","protected":false},"excerpt":{"rendered":"<p>\u00c9couteurs Sans Fil XIAOMI Redmi Buds 6 Play &#8211; Technologie de connectivit\u00e9:\u00a0<strong>Bluetooth 5.4\u00a0&#8211;\u00a0Prend en charge Google Fast Pair &#8211; R\u00e9duction du bruit avec l&#8217;IA pour des appels clairs<\/strong><strong>\u00a0<\/strong>&#8211; Capacit\u00e9 de la Batterie:<strong>\u00a0600mAh (boitier de charge), 57mAh(\u00e9couteur)\u00a0<\/strong>&#8211; Autonomie:\u00a0<strong>Jusq&#8217;\u00e0 7.5 heures sur une seule charge, Jusq&#8217;\u00e0 36 heures (avec Boitier de charge)<\/strong><strong>\u00a0&#8211;\u00a0<\/strong>Jusqu&#8217;\u00e0 3 heures de lecture de musique avec une charge de 10 minutes &#8211; Contr\u00f4le\u00a0tactile &#8211; \u00c9tanch\u00e9it\u00e9<strong>\u00a0IPX4<\/strong>\u00a0&#8211; Pilote dynamique de 10mm &#8211; Port\u00e9 bluetooth: 10m<\/p>","protected":false},"featured_media":8942,"template":"","meta":[],"product_cat":[421],"product_tag":[],"class_list":["post-8941","product","type-product","status-publish","has-post-thumbnail","hentry","product_cat-airpods-bluetooth"],"_links":{"self":[{"href":"https:\/\/gmiinfo.com\/fr\/wp-json\/wp\/v2\/product\/8941","targetHints":{"allow":["GET"]}}],"collection":[{"href":"https:\/\/gmiinfo.com\/fr\/wp-json\/wp\/v2\/product"}],"about":[{"href":"https:\/\/gmiinfo.com\/fr\/wp-json\/wp\/v2\/types\/product"}],"wp:featuredmedia":[{"embeddable":true,"href":"https:\/\/gmiinfo.com\/fr\/wp-json\/wp\/v2\/media\/8942"}],"wp:attachment":[{"href":"https:\/\/gmiinfo.com\/fr\/wp-json\/wp\/v2\/media?parent=8941"}],"wp:term":[{"taxonomy":"product_cat","embeddable":true,"href":"https:\/\/gmiinfo.com\/fr\/wp-json\/wp\/v2\/product_cat?post=8941"},{"taxonomy":"product_tag","embeddable":true,"href":"https:\/\/gmiinfo.com\/fr\/wp-json\/wp\/v2\/product_tag?post=8941"}],"curies":[{"name":"wp","href":"https:\/\/api.w.org\/{rel}","templated":true}]}}