{"id":8883,"date":"2025-02-22T12:58:53","date_gmt":"2025-02-22T11:58:53","guid":{"rendered":"https:\/\/gmiinfo.com\/?post_type=product&#038;p=8883"},"modified":"2025-02-22T12:58:53","modified_gmt":"2025-02-22T11:58:53","slug":"haut-parleur-sans-fil-ndr-610","status":"publish","type":"product","link":"https:\/\/gmiinfo.com\/fr\/produit\/haut-parleur-sans-fil-ndr-610\/","title":{"rendered":"Haut Parleur Sans Fil Ndr 610"},"content":{"rendered":"","protected":false},"excerpt":{"rendered":"<p>Haut Parleur\u00a0 NDR 610 &#8211; Connectivit\u00e9 Sans Fil:\u00a0<strong>Bluetooth 5.0<\/strong>\u00a0&#8211; Puissance de sortie: 800 Watts &#8211; Interfaces:\u00a0<strong>AUX,USB, St\u00e9r\u00e9o sortie ligne<\/strong>\u00a0&#8211; Nombre d&#8217;Enceinte de Haut-Parleur: 2 x 6.5 pouces &#8211; Batterie: lithium 3.7v\/18650 mah &#8211; Temps de charge: 1,5 heures &#8211; Temps de travail:\u00a0<strong>8 heures<\/strong>\u00a0&#8211; R\u00e9ponse en fr\u00e9quence: 150 MHz-18 KHz &#8211; Lumi\u00e8re led &#8211; FM: 87 MHz-108 MHz &#8211; Un design moderne et \u00e9l\u00e9gant et une sangle de transport incluse &#8211; Dimensions: 298 x 253 x 513 mm &#8211; Couleur: Noir&amp;Orange<\/p>","protected":false},"featured_media":8888,"template":"","meta":[],"product_cat":[243,418],"product_tag":[],"class_list":["post-8883","product","type-product","status-publish","has-post-thumbnail","hentry","product_cat-gadget","product_cat-speakers"],"_links":{"self":[{"href":"https:\/\/gmiinfo.com\/fr\/wp-json\/wp\/v2\/product\/8883","targetHints":{"allow":["GET"]}}],"collection":[{"href":"https:\/\/gmiinfo.com\/fr\/wp-json\/wp\/v2\/product"}],"about":[{"href":"https:\/\/gmiinfo.com\/fr\/wp-json\/wp\/v2\/types\/product"}],"wp:featuredmedia":[{"embeddable":true,"href":"https:\/\/gmiinfo.com\/fr\/wp-json\/wp\/v2\/media\/8888"}],"wp:attachment":[{"href":"https:\/\/gmiinfo.com\/fr\/wp-json\/wp\/v2\/media?parent=8883"}],"wp:term":[{"taxonomy":"product_cat","embeddable":true,"href":"https:\/\/gmiinfo.com\/fr\/wp-json\/wp\/v2\/product_cat?post=8883"},{"taxonomy":"product_tag","embeddable":true,"href":"https:\/\/gmiinfo.com\/fr\/wp-json\/wp\/v2\/product_tag?post=8883"}],"curies":[{"name":"wp","href":"https:\/\/api.w.org\/{rel}","templated":true}]}}