{"id":8868,"date":"2025-02-22T12:53:31","date_gmt":"2025-02-22T11:53:31","guid":{"rendered":"https:\/\/gmiinfo.com\/?post_type=product&#038;p=8868"},"modified":"2025-02-22T12:53:32","modified_gmt":"2025-02-22T11:53:32","slug":"haut-parleur-sans-fil-hoco-bs52-micro-filaire","status":"publish","type":"product","link":"https:\/\/gmiinfo.com\/fr\/produit\/haut-parleur-sans-fil-hoco-bs52-micro-filaire\/","title":{"rendered":"Haut parleur Sans Fil  HOCO BS52 + Micro Filaire"},"content":{"rendered":"","protected":false},"excerpt":{"rendered":"<p><strong>Haut parleur Sans Fil Portable HOCO BS52 + Micro Filaire \u2013 Noir<\/strong><br \/>\n<strong>\u2013 Connectivite:<\/strong>\u00a0Sans Fil (Bluetooth 5.0)<br \/>\n<strong>\u2013 Interfaces:<\/strong>\u00a0Tws, Fm, Cl\u00e9 Usb, Carte Tf, Aux Et Autres Modes<br \/>\n<strong>\u2013 Puissance:<\/strong>\u00a02 X 10 Watts<br \/>\n<strong>\u2013 Taille De Haut-parleur:<\/strong>\u00a02 X 6.5 Pouces<br \/>\n\u2013 Batterie De 2200 Mah<br \/>\n<strong>\u2013 Autonomie:<\/strong>\u00a03 Heures<br \/>\n<strong>\u2013 Temps De Charge:<\/strong>\u00a03 Heures<br \/>\n\u2013 Interrupteur Ind\u00e9pendant Des Lumi\u00e8res Color\u00e9es<br \/>\n\u2013 Avec Microphone Filaire<br \/>\n<strong>\u2013 Dimensions:<\/strong>\u00a0494 X 211 X 188 Mm<br \/>\n<strong>\u2013 Poids:<\/strong>\u00a02150 G<br \/>\n<strong>\u2013 Couleur:<\/strong>\u00a0Noir<\/p>","protected":false},"featured_media":8879,"template":"","meta":[],"product_cat":[243,418],"product_tag":[],"class_list":["post-8868","product","type-product","status-publish","has-post-thumbnail","hentry","product_cat-gadget","product_cat-speakers"],"_links":{"self":[{"href":"https:\/\/gmiinfo.com\/fr\/wp-json\/wp\/v2\/product\/8868","targetHints":{"allow":["GET"]}}],"collection":[{"href":"https:\/\/gmiinfo.com\/fr\/wp-json\/wp\/v2\/product"}],"about":[{"href":"https:\/\/gmiinfo.com\/fr\/wp-json\/wp\/v2\/types\/product"}],"wp:featuredmedia":[{"embeddable":true,"href":"https:\/\/gmiinfo.com\/fr\/wp-json\/wp\/v2\/media\/8879"}],"wp:attachment":[{"href":"https:\/\/gmiinfo.com\/fr\/wp-json\/wp\/v2\/media?parent=8868"}],"wp:term":[{"taxonomy":"product_cat","embeddable":true,"href":"https:\/\/gmiinfo.com\/fr\/wp-json\/wp\/v2\/product_cat?post=8868"},{"taxonomy":"product_tag","embeddable":true,"href":"https:\/\/gmiinfo.com\/fr\/wp-json\/wp\/v2\/product_tag?post=8868"}],"curies":[{"name":"wp","href":"https:\/\/api.w.org\/{rel}","templated":true}]}}