{"id":8862,"date":"2025-02-22T12:36:09","date_gmt":"2025-02-22T11:36:09","guid":{"rendered":"https:\/\/gmiinfo.com\/?post_type=product&#038;p=8862"},"modified":"2025-02-22T12:36:10","modified_gmt":"2025-02-22T11:36:10","slug":"haut-parleur-bluetooth-aibimy-282","status":"publish","type":"product","link":"https:\/\/gmiinfo.com\/fr\/produit\/haut-parleur-bluetooth-aibimy-282\/","title":{"rendered":"Haut Parleur Bluetooth Aibimy 282"},"content":{"rendered":"","protected":false},"excerpt":{"rendered":"<p><b>Haut-parleurs Bluetooth Aibimy 282\u00a0<\/b>&#8211;\u00a0<strong>Puissance\u00a0<\/strong>: 10 Watts &#8211;\u00a0<strong>Connectivit\u00e9\u00a0<\/strong>: Bluetooth 5.0 &#8211;\u00a0<strong>Capacit\u00e9 de batterie<\/strong>\u00a0: 2000mAh &#8211;\u00a0<strong>Autonomie<\/strong>\u00a0: jusqu&#8217;\u00e0 2.5 heures de lecture &#8211; d\u00e9livre un son clair et puissant avec des basses profondes et des aigus cristallins &#8211;\u00a0\u00a0une port\u00e9e \u00e9tendue jusqu\u2019\u00e0 10 m\u00e8tres &#8211; design moderne et \u00e9l\u00e9gant &#8211; format compact et sa grille en m\u00e9tal ajoutent une touche de sophistication &#8211;\u00a0<strong>R\u00e9sistant aux \u00e9claboussures IPX5\u00a0<\/strong>&#8211;\u00a0<strong>Couleur\u00a0<\/strong>: Noir<\/p>","protected":false},"featured_media":8866,"template":"","meta":[],"product_cat":[243,418],"product_tag":[],"class_list":["post-8862","product","type-product","status-publish","has-post-thumbnail","hentry","product_cat-gadget","product_cat-speakers"],"_links":{"self":[{"href":"https:\/\/gmiinfo.com\/fr\/wp-json\/wp\/v2\/product\/8862","targetHints":{"allow":["GET"]}}],"collection":[{"href":"https:\/\/gmiinfo.com\/fr\/wp-json\/wp\/v2\/product"}],"about":[{"href":"https:\/\/gmiinfo.com\/fr\/wp-json\/wp\/v2\/types\/product"}],"wp:featuredmedia":[{"embeddable":true,"href":"https:\/\/gmiinfo.com\/fr\/wp-json\/wp\/v2\/media\/8866"}],"wp:attachment":[{"href":"https:\/\/gmiinfo.com\/fr\/wp-json\/wp\/v2\/media?parent=8862"}],"wp:term":[{"taxonomy":"product_cat","embeddable":true,"href":"https:\/\/gmiinfo.com\/fr\/wp-json\/wp\/v2\/product_cat?post=8862"},{"taxonomy":"product_tag","embeddable":true,"href":"https:\/\/gmiinfo.com\/fr\/wp-json\/wp\/v2\/product_tag?post=8862"}],"curies":[{"name":"wp","href":"https:\/\/api.w.org\/{rel}","templated":true}]}}