{"id":8859,"date":"2025-02-22T12:29:51","date_gmt":"2025-02-22T11:29:51","guid":{"rendered":"https:\/\/gmiinfo.com\/?post_type=product&#038;p=8859"},"modified":"2025-02-22T13:10:38","modified_gmt":"2025-02-22T12:10:38","slug":"aibimy-bluetooth-speaker-272","status":"publish","type":"product","link":"https:\/\/gmiinfo.com\/fr\/produit\/aibimy-bluetooth-speaker-272\/","title":{"rendered":"AIBIMY BLUETOOTH SPEAKER 272"},"content":{"rendered":"","protected":false},"excerpt":{"rendered":"<p>D\u00e9couvrez le AIBIMY Bluetooth Speaker 272, un haut-parleur portable qui allie puissance et performance pour une exp\u00e9rience audio exceptionnelle. Avec une version Bluetooth V5.1+BR+EDR+BLE, ce haut-parleur assure une connexion stable et rapide avec vos appareils. Son protocole BT complet, incluant A2DP 1.0, AVRCP 1.5, et HFP 1.5, garantit une qualit\u00e9 sonore optimale et un contr\u00f4le facile de vos musiques.<\/p>\n<p>\u00c9quip\u00e9 de deux haut-parleurs de 15 W chacun, le AIBIMY Speaker 272 d\u00e9livre un son clair et puissant. Sa r\u00e9ponse en fr\u00e9quence \u00e9tendue de 30 Hz \u00e0 18 kHz assure des basses profondes et des aigus cristallins. La sensibilit\u00e9 de 490 mV et le rapport signal\/bruit de 81 dB permettent de profiter d\u2019un son riche avec une distorsion inf\u00e9rieure \u00e0 3 %. Vous pouvez \u00e9couter vos morceaux pr\u00e9f\u00e9r\u00e9s en WAV ou MP3, offrant ainsi une grande flexibilit\u00e9 dans vos choix musicaux.<\/p>\n<p>Le AIBIMY Bluetooth Speaker 272 se distingue \u00e9galement par sa batterie lithium-ion 18650 de 4500 mAh, offrant jusqu\u2019\u00e0 10 heures de lecture continue et une autonomie en veille de 25 heures. De plus, il se recharge rapidement avec une tension d\u2019entr\u00e9e de DC5V et un courant de 2A.<\/p>\n<p>Gr\u00e2ce \u00e0 ses fonctionnalit\u00e9s multiples telles que le Bluetooth, le port USB, la carte TF (jusqu\u2019\u00e0 64 Go) et le TWS, vous pouvez facilement connecter plusieurs appareils et stocker une grande quantit\u00e9 de musique. Enfin, sa conception \u00e9tanche (s\u00e9rie \u00e9tanche) assure une utilisation sans souci, que ce soit \u00e0 l\u2019int\u00e9rieur ou en ext\u00e9rieur.<\/p>","protected":false},"featured_media":8861,"template":"","meta":[],"product_cat":[243,418],"product_tag":[],"class_list":["post-8859","product","type-product","status-publish","has-post-thumbnail","hentry","product_cat-gadget","product_cat-speakers"],"_links":{"self":[{"href":"https:\/\/gmiinfo.com\/fr\/wp-json\/wp\/v2\/product\/8859","targetHints":{"allow":["GET"]}}],"collection":[{"href":"https:\/\/gmiinfo.com\/fr\/wp-json\/wp\/v2\/product"}],"about":[{"href":"https:\/\/gmiinfo.com\/fr\/wp-json\/wp\/v2\/types\/product"}],"wp:featuredmedia":[{"embeddable":true,"href":"https:\/\/gmiinfo.com\/fr\/wp-json\/wp\/v2\/media\/8861"}],"wp:attachment":[{"href":"https:\/\/gmiinfo.com\/fr\/wp-json\/wp\/v2\/media?parent=8859"}],"wp:term":[{"taxonomy":"product_cat","embeddable":true,"href":"https:\/\/gmiinfo.com\/fr\/wp-json\/wp\/v2\/product_cat?post=8859"},{"taxonomy":"product_tag","embeddable":true,"href":"https:\/\/gmiinfo.com\/fr\/wp-json\/wp\/v2\/product_tag?post=8859"}],"curies":[{"name":"wp","href":"https:\/\/api.w.org\/{rel}","templated":true}]}}