{"id":8835,"date":"2025-02-21T13:32:24","date_gmt":"2025-02-21T12:32:24","guid":{"rendered":"https:\/\/gmiinfo.com\/?post_type=product&#038;p=8835"},"modified":"2025-02-21T13:34:49","modified_gmt":"2025-02-21T12:34:49","slug":"montre-connectee-haino-teko-gt4-noir","status":"publish","type":"product","link":"https:\/\/gmiinfo.com\/fr\/produit\/montre-connectee-haino-teko-gt4-noir\/","title":{"rendered":"Montre Connect\u00e9e Haino Teko GT4 Noir"},"content":{"rendered":"","protected":false},"excerpt":{"rendered":"<p><b>Smart Watch\u00a0Haino Teko RW-44<\/b>\u00a0&#8211;\u00a0<strong>Ecran :<\/strong>\u00a0Amoled\u00a0IPS\u00a0&#8211;\u00a0<strong>Syst\u00e8me d&#8217;exploitation :<\/strong>\u00a0Android, iOS &#8211;\u00a0<strong>Connectivit\u00e9 :<\/strong>\u00a0Bluetooth 5.2 &#8211;\u00a0<strong>Autonomie :<\/strong>\u00a010 \u00e0 15 jours &#8211; Temps de charge : 3 heures de charge rapide &#8211; Temps de travail environ 3 \u00e0 5 jours &#8211;\u00a0<strong>Etanche<\/strong>\u00a0&#8211; Appels Bluetooth, chargeur sans fil, design \u00e9l\u00e9gant &#8211; Conception robuste et \u00e9cran incassable &#8211; Intelligence artificielle avec Chat GPT &#8211;\u00a0<strong>Couleur :<\/strong>\u00a0Noir<\/p>","protected":false},"featured_media":8843,"template":"","meta":[],"product_cat":[243,247],"product_tag":[],"class_list":["post-8835","product","type-product","status-publish","has-post-thumbnail","hentry","product_cat-gadget","product_cat-smartwatch"],"_links":{"self":[{"href":"https:\/\/gmiinfo.com\/fr\/wp-json\/wp\/v2\/product\/8835","targetHints":{"allow":["GET"]}}],"collection":[{"href":"https:\/\/gmiinfo.com\/fr\/wp-json\/wp\/v2\/product"}],"about":[{"href":"https:\/\/gmiinfo.com\/fr\/wp-json\/wp\/v2\/types\/product"}],"wp:featuredmedia":[{"embeddable":true,"href":"https:\/\/gmiinfo.com\/fr\/wp-json\/wp\/v2\/media\/8843"}],"wp:attachment":[{"href":"https:\/\/gmiinfo.com\/fr\/wp-json\/wp\/v2\/media?parent=8835"}],"wp:term":[{"taxonomy":"product_cat","embeddable":true,"href":"https:\/\/gmiinfo.com\/fr\/wp-json\/wp\/v2\/product_cat?post=8835"},{"taxonomy":"product_tag","embeddable":true,"href":"https:\/\/gmiinfo.com\/fr\/wp-json\/wp\/v2\/product_tag?post=8835"}],"curies":[{"name":"wp","href":"https:\/\/api.w.org\/{rel}","templated":true}]}}