{"id":8831,"date":"2025-02-21T12:50:11","date_gmt":"2025-02-21T11:50:11","guid":{"rendered":"https:\/\/gmiinfo.com\/?post_type=product&#038;p=8831"},"modified":"2025-02-21T12:50:11","modified_gmt":"2025-02-21T11:50:11","slug":"montre-connectee-nodizz-oa96","status":"publish","type":"product","link":"https:\/\/gmiinfo.com\/fr\/produit\/montre-connectee-nodizz-oa96\/","title":{"rendered":"Montre connect\u00e9e Nodizz \u2013 OA96"},"content":{"rendered":"","protected":false},"excerpt":{"rendered":"<p><span style=\"text-decoration: underline\"><strong>CARACTERISTIQUES:<\/strong><\/span><\/p>\n<p><strong>Type de produit:<\/strong>\u00a0Montre connect\u00e9e<\/p>\n<p><strong>Marque:<\/strong>\u00a0Nodizz<\/p>\n<p><strong>Mod\u00e8le:<\/strong>\u00a0OA96<\/p>\n<p><strong>Nom de l\u2019application:<\/strong>\u00a0Dafit<\/p>\n<p><strong>Capacit\u00e9 de la batterie:<\/strong>\u00a0260mAh<\/p>\n<p><strong>Dur\u00e9e de charge:<\/strong>\u00a02h<\/p>\n<p><strong>Temps d\u2019attente:<\/strong>\u00a025 jours<\/p>\n<p><strong>Taille du corps:<\/strong>\u00a0Diam\u00e8tre: 44mm, Epaisseur: 11mm<\/p>\n<p><strong>Taille de l\u2019\u00e9cran:<\/strong>\u00a01,43\u2033 AMOLED<\/p>\n<p><strong>R\u00e9solution d\u2019\u00e9cran:<\/strong>\u00a0466*466<\/p>\n<p><strong>Mat\u00e9riel:<\/strong>\u00a0Plastique de surface + alliage de zinc<\/p>\n<p><strong>Indice d\u2019\u00e9tanch\u00e9it\u00e9:<\/strong>\u00a0IP67<\/p>","protected":false},"featured_media":8832,"template":"","meta":[],"product_cat":[243,247],"product_tag":[],"class_list":["post-8831","product","type-product","status-publish","has-post-thumbnail","hentry","product_cat-gadget","product_cat-smartwatch"],"_links":{"self":[{"href":"https:\/\/gmiinfo.com\/fr\/wp-json\/wp\/v2\/product\/8831","targetHints":{"allow":["GET"]}}],"collection":[{"href":"https:\/\/gmiinfo.com\/fr\/wp-json\/wp\/v2\/product"}],"about":[{"href":"https:\/\/gmiinfo.com\/fr\/wp-json\/wp\/v2\/types\/product"}],"wp:featuredmedia":[{"embeddable":true,"href":"https:\/\/gmiinfo.com\/fr\/wp-json\/wp\/v2\/media\/8832"}],"wp:attachment":[{"href":"https:\/\/gmiinfo.com\/fr\/wp-json\/wp\/v2\/media?parent=8831"}],"wp:term":[{"taxonomy":"product_cat","embeddable":true,"href":"https:\/\/gmiinfo.com\/fr\/wp-json\/wp\/v2\/product_cat?post=8831"},{"taxonomy":"product_tag","embeddable":true,"href":"https:\/\/gmiinfo.com\/fr\/wp-json\/wp\/v2\/product_tag?post=8831"}],"curies":[{"name":"wp","href":"https:\/\/api.w.org\/{rel}","templated":true}]}}