{"id":8811,"date":"2025-02-21T12:24:32","date_gmt":"2025-02-21T11:24:32","guid":{"rendered":"https:\/\/gmiinfo.com\/?post_type=product&#038;p=8811"},"modified":"2025-02-21T12:24:32","modified_gmt":"2025-02-21T11:24:32","slug":"montre-connectee-haylou-solar-lite","status":"publish","type":"product","link":"https:\/\/gmiinfo.com\/fr\/produit\/montre-connectee-haylou-solar-lite\/","title":{"rendered":"Montre Connect\u00e9e Haylou Solar Lite"},"content":{"rendered":"","protected":false},"excerpt":{"rendered":"<h2><strong>Montre Connect\u00e9 Haylou Smart:<\/strong><\/h2>\n<p><strong>&#8211; Affichage :\u00a01.38 pouces\u00a0<\/strong><\/p>\n<p><strong>&#8211; r\u00e9solution:\u00a0240 x 240<\/strong><\/p>\n<p><strong>&#8211; Autonomie de la batterie:\u00a020\u00a0jours\u00a0\u00a0<\/strong><\/p>\n<p><strong>&#8211; Mode sportif:\u00a012+<\/strong><\/p>\n<p><strong>&#8211; \u00e9tanch\u00e9it\u00e9:\u00a0IP68\u00a0\u00a0<\/strong><\/p>\n<p><strong>&#8211; capteurs:<\/strong>\u00a0<strong>moniteur fr\u00e9quence cardiaque, moniteur de sommeil, capteur spO2\u00a0\u00a0<\/strong><\/p>\n<p><strong>&#8211; fonctionnalit\u00e9:\u00a0notification intelligentes, suivi de la condition physique, suivi de sommeil, contr\u00f4le de la<\/strong><\/p>\n<p><strong>\u00a0 musique, m\u00e9t\u00e9o, trouver mon t\u00e9l\u00e9phone, rappels ,chronom\u00e8tre, minuteur, alarmes.<\/strong><\/p>","protected":false},"featured_media":8814,"template":"","meta":[],"product_cat":[243,247],"product_tag":[],"class_list":["post-8811","product","type-product","status-publish","has-post-thumbnail","hentry","product_cat-gadget","product_cat-smartwatch"],"_links":{"self":[{"href":"https:\/\/gmiinfo.com\/fr\/wp-json\/wp\/v2\/product\/8811","targetHints":{"allow":["GET"]}}],"collection":[{"href":"https:\/\/gmiinfo.com\/fr\/wp-json\/wp\/v2\/product"}],"about":[{"href":"https:\/\/gmiinfo.com\/fr\/wp-json\/wp\/v2\/types\/product"}],"wp:featuredmedia":[{"embeddable":true,"href":"https:\/\/gmiinfo.com\/fr\/wp-json\/wp\/v2\/media\/8814"}],"wp:attachment":[{"href":"https:\/\/gmiinfo.com\/fr\/wp-json\/wp\/v2\/media?parent=8811"}],"wp:term":[{"taxonomy":"product_cat","embeddable":true,"href":"https:\/\/gmiinfo.com\/fr\/wp-json\/wp\/v2\/product_cat?post=8811"},{"taxonomy":"product_tag","embeddable":true,"href":"https:\/\/gmiinfo.com\/fr\/wp-json\/wp\/v2\/product_tag?post=8811"}],"curies":[{"name":"wp","href":"https:\/\/api.w.org\/{rel}","templated":true}]}}