{"id":8807,"date":"2025-02-21T12:20:36","date_gmt":"2025-02-21T11:20:36","guid":{"rendered":"https:\/\/gmiinfo.com\/?post_type=product&#038;p=8807"},"modified":"2025-02-21T12:20:36","modified_gmt":"2025-02-21T11:20:36","slug":"montre-connectee-haylou-rs4-max","status":"publish","type":"product","link":"https:\/\/gmiinfo.com\/fr\/produit\/montre-connectee-haylou-rs4-max\/","title":{"rendered":"Montre Connect\u00e9e Haylou RS4 MAX"},"content":{"rendered":"","protected":false},"excerpt":{"rendered":"<p><b>Montre Connect\u00e9e Haylou RS4 MAX\u00a0<\/b>&#8211;\u00a0<strong>Ecran<\/strong>: 1.91&#8243; LCD (320&#215;380 pixels) &#8211;\u00a0<strong>Syst\u00e8me d&#8217;exploitation<\/strong>: Android 6.0 et sup\u00e9rieur, iOS 9.0 et sup\u00e9rieur &#8211;\u00a0<strong>Connectivit\u00e9<\/strong>: Bluetooth 5.1 &#8211;\u00a0<strong>Capacit\u00e9 de la batterie<\/strong>: 230mAh &#8211;\u00a0<strong>Autonomie<\/strong>: Jusqu\u2019\u00e0 12 Jours &#8211; Verrouillage s\u00e9curis\u00e9 hors du poignet &#8211; Surveillance d\u00e9taill\u00e9e du sommeil &#8211; Appel t\u00e9l\u00e9phonique Bluetooth &#8211; 127 modes d&#8217;entra\u00eenement &#8211; Sangle magn\u00e9tique &#8211; Gestion de la sant\u00e9 toute la journ\u00e9e<\/p>","protected":false},"featured_media":8809,"template":"","meta":[],"product_cat":[243,247],"product_tag":[],"class_list":["post-8807","product","type-product","status-publish","has-post-thumbnail","hentry","product_cat-gadget","product_cat-smartwatch"],"_links":{"self":[{"href":"https:\/\/gmiinfo.com\/fr\/wp-json\/wp\/v2\/product\/8807","targetHints":{"allow":["GET"]}}],"collection":[{"href":"https:\/\/gmiinfo.com\/fr\/wp-json\/wp\/v2\/product"}],"about":[{"href":"https:\/\/gmiinfo.com\/fr\/wp-json\/wp\/v2\/types\/product"}],"wp:featuredmedia":[{"embeddable":true,"href":"https:\/\/gmiinfo.com\/fr\/wp-json\/wp\/v2\/media\/8809"}],"wp:attachment":[{"href":"https:\/\/gmiinfo.com\/fr\/wp-json\/wp\/v2\/media?parent=8807"}],"wp:term":[{"taxonomy":"product_cat","embeddable":true,"href":"https:\/\/gmiinfo.com\/fr\/wp-json\/wp\/v2\/product_cat?post=8807"},{"taxonomy":"product_tag","embeddable":true,"href":"https:\/\/gmiinfo.com\/fr\/wp-json\/wp\/v2\/product_tag?post=8807"}],"curies":[{"name":"wp","href":"https:\/\/api.w.org\/{rel}","templated":true}]}}