{"id":8785,"date":"2025-02-21T11:57:20","date_gmt":"2025-02-21T10:57:20","guid":{"rendered":"https:\/\/gmiinfo.com\/?post_type=product&#038;p=8785"},"modified":"2025-02-21T11:58:12","modified_gmt":"2025-02-21T10:58:12","slug":"kieslect-watch-pura","status":"publish","type":"product","link":"https:\/\/gmiinfo.com\/fr\/produit\/kieslect-watch-pura\/","title":{"rendered":"Kieslect Watch Pura"},"content":{"rendered":"<div class=\"row\">\n<div class=\"large-12 columns\">\n<div class=\"nasa-tab-wrap text-center\">\n<p>&nbsp;<\/p>\n<\/div>\n<\/div>\n<\/div>\n<div class=\"nasa-panels nasa-desc-wrap\">\n<div id=\"nasa-tab-description\" class=\"nasa-panel nasa-content-description active\">\n<div class=\"row\">\n<div class=\"large-12 columns nasa-content-panel\">\n<section id=\"shopify-section-template--16776623161596__fe7b8f77-0695-4670-81e4-15f5004851aa\" class=\"shopify-section spaced-section\">\n<div class=\"row\">\n<p><img decoding=\"async\" src=\"https:\/\/cdn.shopify.com\/s\/files\/1\/0647\/7296\/4604\/files\/Kieslect-Pura_01.jpg?v=1725257941\" alt=\"\" \/><img decoding=\"async\" src=\"https:\/\/cdn.shopify.com\/s\/files\/1\/0647\/7296\/4604\/files\/Kieslect-Pura_02.jpg?v=1725258002\" alt=\"\" \/><img decoding=\"async\" src=\"https:\/\/cdn.shopify.com\/s\/files\/1\/0647\/7296\/4604\/files\/Kieslect-Pura_03.jpg?v=1725258007\" alt=\"\" \/><img decoding=\"async\" src=\"https:\/\/cdn.shopify.com\/s\/files\/1\/0647\/7296\/4604\/files\/Kieslect-Pura_04.jpg?v=1725258013\" alt=\"\" \/><img decoding=\"async\" src=\"https:\/\/cdn.shopify.com\/s\/files\/1\/0647\/7296\/4604\/files\/Kieslect-Pura_05.jpg?v=1725258018\" alt=\"\" \/><img decoding=\"async\" src=\"https:\/\/cdn.shopify.com\/s\/files\/1\/0647\/7296\/4604\/files\/Kieslect-Pura_06.jpg?v=1725258023\" alt=\"\" \/><img decoding=\"async\" src=\"https:\/\/cdn.shopify.com\/s\/files\/1\/0647\/7296\/4604\/files\/Kieslect-Pura_07.jpg?v=1725258026\" alt=\"\" \/><img decoding=\"async\" src=\"https:\/\/cdn.shopify.com\/s\/files\/1\/0647\/7296\/4604\/files\/Kieslect-Pura_08.jpg?v=1725258030\" alt=\"\" \/><img decoding=\"async\" src=\"https:\/\/cdn.shopify.com\/s\/files\/1\/0647\/7296\/4604\/files\/Kieslect-Pura_09.jpg?v=1725258034\" alt=\"\" \/><img decoding=\"async\" src=\"https:\/\/cdn.shopify.com\/s\/files\/1\/0647\/7296\/4604\/files\/img_v3_02ek_8eeff19b-4074-4668-8495-a4c1de17e40g.jpg?v=1726038693\" alt=\"\" \/><img decoding=\"async\" src=\"https:\/\/cdn.shopify.com\/s\/files\/1\/0647\/7296\/4604\/files\/Kieslect-Pura_11.jpg?v=1725258044\" alt=\"\" \/><img decoding=\"async\" src=\"https:\/\/cdn.shopify.com\/s\/files\/1\/0647\/7296\/4604\/files\/Kieslect-Pura_12.jpg?v=1725258047\" alt=\"\" \/><\/p>\n<\/div>\n<\/section>\n<\/div>\n<\/div>\n<\/div>\n<\/div>","protected":false},"excerpt":{"rendered":"<p>\u25cf \u00c9cran AMOLED cristallin de 1,19 pouces.<br \/>\n\u25cf Conception de cadre \u00e9l\u00e9gante et rationalis\u00e9e.<br \/>\n\u25cf Double sangle.<br \/>\n\u25cf BT5.2 Appel.<br \/>\n\u25cf IP68 \u00e9tanche.<br \/>\n\u25cf 100 Modes sportifs.<\/p>","protected":false},"featured_media":8791,"template":"","meta":[],"product_cat":[243,247],"product_tag":[],"class_list":["post-8785","product","type-product","status-publish","has-post-thumbnail","hentry","product_cat-gadget","product_cat-smartwatch"],"_links":{"self":[{"href":"https:\/\/gmiinfo.com\/fr\/wp-json\/wp\/v2\/product\/8785","targetHints":{"allow":["GET"]}}],"collection":[{"href":"https:\/\/gmiinfo.com\/fr\/wp-json\/wp\/v2\/product"}],"about":[{"href":"https:\/\/gmiinfo.com\/fr\/wp-json\/wp\/v2\/types\/product"}],"wp:featuredmedia":[{"embeddable":true,"href":"https:\/\/gmiinfo.com\/fr\/wp-json\/wp\/v2\/media\/8791"}],"wp:attachment":[{"href":"https:\/\/gmiinfo.com\/fr\/wp-json\/wp\/v2\/media?parent=8785"}],"wp:term":[{"taxonomy":"product_cat","embeddable":true,"href":"https:\/\/gmiinfo.com\/fr\/wp-json\/wp\/v2\/product_cat?post=8785"},{"taxonomy":"product_tag","embeddable":true,"href":"https:\/\/gmiinfo.com\/fr\/wp-json\/wp\/v2\/product_tag?post=8785"}],"curies":[{"name":"wp","href":"https:\/\/api.w.org\/{rel}","templated":true}]}}