{"id":8772,"date":"2025-02-21T11:52:27","date_gmt":"2025-02-21T10:52:27","guid":{"rendered":"https:\/\/gmiinfo.com\/?post_type=product&#038;p=8772"},"modified":"2025-02-21T11:52:48","modified_gmt":"2025-02-21T10:52:48","slug":"montre-connectee-mibro-lite-3-pro-vert","status":"publish","type":"product","link":"https:\/\/gmiinfo.com\/fr\/produit\/montre-connectee-mibro-lite-3-pro-vert\/","title":{"rendered":"Montre Connect\u00e9e MIBRO Lite 3 Pro-Rose Gold"},"content":{"rendered":"<p><strong>\u00a0 \u00a0 Montre Connect\u00e9e MIBRO Lite 3 Pro<\/strong><\/p>\n<p>&nbsp;<\/p>\n<div class=\"col-lg-12 col-sm-12\"><img loading=\"lazy\" decoding=\"async\" src=\"https:\/\/media.mytek.tn\/media\/wysiwyg\/en-savoir-plus\/montre-connectee-mibro-lite-3-pro\/montre-connectee-mibro-lite-3-pro.jpg\" alt=\"Montre Connect\u00e9e MIBRO Lite 3 Pro\" width=\"350\" height=\"228\" \/><\/div>\n<p>&nbsp;<\/p>\n<div class=\"ChatMessage_chatMessage__xkgHx\" data-complete=\"true\">\n<div class=\"ChatMessage_messageRow__DHlnq\">\n<div class=\"ChatMessage_messageWrapper__4Ugd6\">\n<div class=\"Message_rowWithFooter__FShU6\">\n<div class=\"Message_row__ug_UU\">\n<div class=\"Message_leftSideMessageBubble__VPdk6\">\n<div class=\"Markdown_markdownContainer__Tz3HQ\">\n<p>La\u00a0<strong>Mibro Lite 3 Pro<\/strong>\u00a0est une montre intelligente de pointe, cr\u00e9\u00e9e\u00a0<strong>pour satisfaire les passionn\u00e9s de technologie et de sport<\/strong>. Avec un ensemble de caract\u00e9ristiques novatrices et un design raffin\u00e9, cette montre connect\u00e9e est le compagnon id\u00e9al pour surveiller votre bien-\u00eatre et vos exploits sportifs. Explorez en profondeur les fonctionnalit\u00e9s offertes par la SmartWatch\u00a0<strong>Mibro Lite 3 Pro<\/strong>\u00a0et d\u00e9couvrez pourquoi elle m\u00e9rite une place de choix \u00e0 votre poignet.<\/p>\n<div class=\"ChatMessage_chatMessage__xkgHx\" data-complete=\"true\">\n<div class=\"ChatMessage_messageRow__DHlnq\">\n<div class=\"ChatMessage_messageWrapper__4Ugd6\">\n<div class=\"Message_rowWithFooter__FShU6\">\n<div class=\"Message_row__ug_UU\">\n<div class=\"Message_leftSideMessageBubble__VPdk6\">\n<div class=\"Markdown_markdownContainer__Tz3HQ\">\n<p>Avec sa connectivit\u00e9\u00a0<strong>Bluetooth V5.3<\/strong>,\u00a0<strong>la Mibro Lite 3 Pro<\/strong>\u00a0assure une connexion rapide et stable avec votre smartphone. Cette technologie avanc\u00e9e permet une synchronisation en temps r\u00e9el de vos notifications, appels et autres donn\u00e9es essentielles. Vous pouvez ainsi rester connect\u00e9 facilement, sans interruption. Que ce soit pour passer des appels Bluetooth directement depuis votre montre ou recevoir des notifications instantan\u00e9es, la\u00a0<strong>SmartWatch Mibro<\/strong>\u00a0vous propose une exp\u00e9rience connect\u00e9e fluide et efficace.<\/p>\n<\/div>\n<\/div>\n<\/div>\n<\/div>\n<\/div>\n<\/div>\n<\/div>\n<\/div>\n<\/div>\n<\/div>\n<\/div>\n<\/div>\n<\/div>\n<\/div>\n<p>&nbsp;<\/p>\n<div class=\"col-lg-12 col-sm-12\"><img loading=\"lazy\" decoding=\"async\" src=\"https:\/\/media.mytek.tn\/media\/wysiwyg\/en-savoir-plus\/montre-connectee-mibro-lite-3-pro\/montre-connectee-mibro-lite-3-pro-1.jpg\" alt=\"Montre Connect\u00e9e MIBRO Lite 3 Pro\" width=\"350\" height=\"228\" \/><\/div>\n<p>&nbsp;<\/p>\n<div class=\"ChatMessage_chatMessage__xkgHx\" data-complete=\"true\">\n<div class=\"ChatMessage_messageRow__DHlnq\">\n<div class=\"ChatMessage_messageWrapper__4Ugd6\">\n<div class=\"Message_rowWithFooter__FShU6\">\n<div class=\"Message_row__ug_UU\">\n<div class=\"Message_leftSideMessageBubble__VPdk6\">\n<div class=\"Markdown_markdownContainer__Tz3HQ\">\n<p><strong>La Mibro Lite 3 Pro\u00a0<\/strong>est construite \u00e0 partir de mat\u00e9riaux de premi\u00e8re qualit\u00e9, combinant un alliage de zinc et du PA pour le bo\u00eetier de la montre. Ce processus de moulage par insertion garantit une solidit\u00e9 et une r\u00e9sistance \u00e0 l&#8217;usure, tout en offrant un design \u00e0 la fois \u00e9l\u00e9gant et contemporain.\u00a0<strong>Le bracelet en cuir et en silicone<\/strong>\u00a0ajoute une note de confort et de style, s&#8217;adaptant parfaitement \u00e0 votre poignet. Que vous soyez au travail, \u00e0 la salle de sport ou en soir\u00e9e, la SmartWatch Mibro est l&#8217;accessoire id\u00e9al pour toutes les occasions.<\/p>\n<div class=\"ChatMessage_chatMessage__xkgHx\" data-complete=\"true\">\n<div class=\"ChatMessage_messageRow__DHlnq\">\n<div class=\"ChatMessage_messageWrapper__4Ugd6\">\n<div class=\"Message_rowWithFooter__FShU6\">\n<div class=\"Message_row__ug_UU\">\n<div class=\"Message_leftSideMessageBubble__VPdk6\">\n<div class=\"Markdown_markdownContainer__Tz3HQ\">\n<p>La\u00a0<strong>Mibro Lite 3 Pro<\/strong>\u00a0est pourvue d&#8217;un \u00e9cran\u00a0<strong>AMOLED\u00a0<\/strong>de 1.3 pouces, qui offre une r\u00e9solution exceptionnelle et des couleurs vives. Cet \u00e9cran haute d\u00e9finition assure une lisibilit\u00e9 optimale, m\u00eame en plein soleil, et apporte une clart\u00e9 incomparable \u00e0 toutes vos notifications et donn\u00e9es. Que ce soit pour consulter vos messages, suivre vos statistiques sportives ou v\u00e9rifier l&#8217;heure,\u00a0<strong>l&#8217;\u00e9cran AMOLED de la SmartWatch Mibro garantit une exp\u00e9rience visuelle immersive et plaisante<\/strong>.<\/p>\n<\/div>\n<\/div>\n<\/div>\n<\/div>\n<\/div>\n<\/div>\n<\/div>\n<\/div>\n<\/div>\n<\/div>\n<\/div>\n<\/div>\n<\/div>\n<\/div>\n<p>&nbsp;<\/p>\n<div class=\"col-lg-12 col-sm-12\"><img loading=\"lazy\" decoding=\"async\" src=\"https:\/\/media.mytek.tn\/media\/wysiwyg\/en-savoir-plus\/montre-connectee-mibro-lite-3-pro\/montre-connectee-mibro-lite-3-pro-2.jpg\" alt=\"Montre Connect\u00e9e MIBRO Lite 3 Pro\" width=\"350\" height=\"228\" \/><\/div>\n<p>&nbsp;<\/p>\n<div class=\"ChatMessage_chatMessage__xkgHx\" data-complete=\"true\">\n<div class=\"ChatMessage_messageRow__DHlnq\">\n<div class=\"ChatMessage_messageWrapper__4Ugd6\">\n<div class=\"Message_rowWithFooter__FShU6\">\n<div class=\"Message_row__ug_UU\">\n<div class=\"Message_leftSideMessageBubble__VPdk6\">\n<div class=\"Markdown_markdownContainer__Tz3HQ\">\n<p>Avec\u00a0<strong>plus de 150 modes sportifs<\/strong>\u00a0disponibles, la\u00a0<strong>Mibro Lite 3 Pro<\/strong>\u00a0se pr\u00e9sente comme votre alli\u00e9e ultime pour maintenir votre activit\u00e9 physique et votre bien-\u00eatre. Que vous pratiquiez la course \u00e0 pied, le cyclisme, la natation ou m\u00eame le yoga, cette montre intelligente propose un mode d\u00e9di\u00e9 pour chaque activit\u00e9. Elle enregistre vos performances, analyse vos donn\u00e9es et vous accompagne dans l&#8217;atteinte de vos objectifs de remise en forme. Gr\u00e2ce \u00e0 ses algorithmes avanc\u00e9s, la SmartWatch Mibro fournit des informations pr\u00e9cises sur vos s\u00e9ances d&#8217;entra\u00eenement, vous permettant d&#8217;optimiser vos sessions et d&#8217;am\u00e9liorer vos r\u00e9sultats.<\/p>\n<div class=\"ChatMessage_chatMessage__xkgHx\" data-complete=\"true\">\n<div class=\"ChatMessage_messageRow__DHlnq\">\n<div class=\"ChatMessage_messageWrapper__4Ugd6\">\n<div class=\"Message_rowWithFooter__FShU6\">\n<div class=\"Message_row__ug_UU\">\n<div class=\"Message_leftSideMessageBubble__VPdk6\">\n<div class=\"Markdown_markdownContainer__Tz3HQ\">\n<p>En plus de ses capacit\u00e9s sportives,\u00a0<strong>la Mibro Lite 3 Pro<\/strong>\u00a0propose des fonctionnalit\u00e9s \u00e9tendues pour surveiller votre sant\u00e9 et votre bien-\u00eatre. Elle peut mesurer votre fr\u00e9quence cardiaque, suivre la qualit\u00e9 de votre sommeil, surveiller votre niveau de stress, et m\u00eame \u00e9valuer votre taux d&#8217;oxyg\u00e8ne dans le sang. Ces informations pr\u00e9cieuses vous aident \u00e0 mieux appr\u00e9hender votre \u00e9tat de sant\u00e9 et \u00e0 prendre les mesures n\u00e9cessaires pour am\u00e9liorer votre bien-\u00eatre global. Avec la SmartWatch Mibro, vous disposez d&#8217;un v\u00e9ritable coach sant\u00e9 \u00e0 votre poignet, vous guidant vers un mode de vie plus sain et \u00e9quilibr\u00e9.<\/p>\n<\/div>\n<\/div>\n<\/div>\n<\/div>\n<\/div>\n<\/div>\n<\/div>\n<\/div>\n<\/div>\n<\/div>\n<\/div>\n<\/div>\n<\/div>\n<\/div>","protected":false},"excerpt":{"rendered":"<p>Montre Connect\u00e9e MIBRO Lite 3 Pro &#8211;\u00a0<strong>\u00c9cran Amoled 1.32&#8243;<\/strong>\u00a0(466 x 466px) &#8211; Connectivit\u00e9:\u00a0<strong>Bluetooth 5.3 &#8211; GPS\u00a0<\/strong>&#8211;\u00a0<strong>Appel Bluetooth et notifications ( whatsapp, chat, sms, email..)\u00a0&#8211; Assistant vocal &#8211;\u00a0<\/strong>Capacit\u00e9 de batterie:\u00a0<strong>350mah\u00a0<\/strong>&#8211;\u00a0Autonomie:\u00a0<strong>15 jours en mode quotidien, plus de 60 jours en mode veille et 15 heures en mode GPS &#8211;<\/strong>\u00a0<strong>150 Modes sportifs<\/strong>\u00a0&#8211; Capteur de sant\u00e9, Fr\u00e9quence cardiaque, moniteur d&#8217;oxyg\u00e8ne sanguin, D\u00e9tection du stress &#8211;<strong>\u00a0<\/strong>Charge magn\u00e9tique &#8211; \u00c9tanche:\u00a0<strong>5ATM\u00a0<\/strong>&#8211; Mat\u00e9riaux du corps : moulage par insertion en alliage de zinc + PA &#8211; Largeur de la sangle 22 mm &#8211;\u00a0<strong>+Bracelet en silicone\u00a0<\/strong>&#8211; Syst\u00e8me d&#8217;exploitation: Android 5.0, iOS 10.0<\/p>","protected":false},"featured_media":8775,"template":"","meta":[],"product_cat":[243,247],"product_tag":[],"class_list":["post-8772","product","type-product","status-publish","has-post-thumbnail","hentry","product_cat-gadget","product_cat-smartwatch"],"_links":{"self":[{"href":"https:\/\/gmiinfo.com\/fr\/wp-json\/wp\/v2\/product\/8772","targetHints":{"allow":["GET"]}}],"collection":[{"href":"https:\/\/gmiinfo.com\/fr\/wp-json\/wp\/v2\/product"}],"about":[{"href":"https:\/\/gmiinfo.com\/fr\/wp-json\/wp\/v2\/types\/product"}],"wp:featuredmedia":[{"embeddable":true,"href":"https:\/\/gmiinfo.com\/fr\/wp-json\/wp\/v2\/media\/8775"}],"wp:attachment":[{"href":"https:\/\/gmiinfo.com\/fr\/wp-json\/wp\/v2\/media?parent=8772"}],"wp:term":[{"taxonomy":"product_cat","embeddable":true,"href":"https:\/\/gmiinfo.com\/fr\/wp-json\/wp\/v2\/product_cat?post=8772"},{"taxonomy":"product_tag","embeddable":true,"href":"https:\/\/gmiinfo.com\/fr\/wp-json\/wp\/v2\/product_tag?post=8772"}],"curies":[{"name":"wp","href":"https:\/\/api.w.org\/{rel}","templated":true}]}}