{"id":8770,"date":"2025-02-21T11:44:32","date_gmt":"2025-02-21T10:44:32","guid":{"rendered":"https:\/\/gmiinfo.com\/?post_type=product&#038;p=8770"},"modified":"2025-02-21T11:44:32","modified_gmt":"2025-02-21T10:44:32","slug":"montre-connectee-mibro-lite-3","status":"publish","type":"product","link":"https:\/\/gmiinfo.com\/fr\/produit\/montre-connectee-mibro-lite-3\/","title":{"rendered":"Montre Connect\u00e9e MIBRO Lite 3"},"content":{"rendered":"<table id=\"product-attribute-specs-table\" class=\"data table additional-attributes\">\n<caption class=\"table-caption\">FICHE TECHNIQUE<\/caption>\n<tbody>\n<tr>\n<th class=\"col label\" scope=\"row\">DISPONIBILIT\u00c9<\/th>\n<td class=\"col data\" data-th=\"DISPONIBILIT\u00c9\">En stock<\/td>\n<\/tr>\n<tr>\n<th class=\"col label\" scope=\"row\">gtin<\/th>\n<td class=\"col data\" data-th=\"gtin\">BU-XPAW020-RGOLD<\/td>\n<\/tr>\n<tr>\n<th class=\"col label\" scope=\"row\">Marque<\/th>\n<td class=\"col data\" data-th=\"Marque\">MIBRO<\/td>\n<\/tr>\n<tr>\n<th class=\"col label\" scope=\"row\">Mod\u00e8le SmartWatch<\/th>\n<td class=\"col data\" data-th=\"Mod\u00e8le SmartWatch\">Lite 3<\/td>\n<\/tr>\n<tr>\n<th class=\"col label\" scope=\"row\">Forme<\/th>\n<td class=\"col data\" data-th=\"Forme\">Ronde<\/td>\n<\/tr>\n<tr>\n<th class=\"col label\" scope=\"row\">Bracelet<\/th>\n<td class=\"col data\" data-th=\"Bracelet\">Cuir<\/td>\n<\/tr>\n<tr>\n<th class=\"col label\" scope=\"row\">Syst\u00e8me d&#8217;exploitation<\/th>\n<td class=\"col data\" data-th=\"Syst\u00e8me d'exploitation\">Android ou iOS<\/td>\n<\/tr>\n<tr>\n<th class=\"col label\" scope=\"row\">Public<\/th>\n<td class=\"col data\" data-th=\"Public\">Adulte<\/td>\n<\/tr>\n<tr>\n<th class=\"col label\" scope=\"row\">Affichage<\/th>\n<td class=\"col data\" data-th=\"Affichage\">Analogique &#8211; Digital<\/td>\n<\/tr>\n<tr>\n<th class=\"col label\" scope=\"row\">Taille de l&#8217;\u00e9cran<\/th>\n<td class=\"col data\" data-th=\"Taille de l'\u00e9cran\">1.3 Pouces<\/td>\n<\/tr>\n<tr>\n<th class=\"col label\" scope=\"row\">Ecran Tactile<\/th>\n<td class=\"col data\" data-th=\"Ecran Tactile\">Oui<\/td>\n<\/tr>\n<tr>\n<th class=\"col label\" scope=\"row\">Ecran<\/th>\n<td class=\"col data\" data-th=\"Ecran\">Amoled<\/td>\n<\/tr>\n<tr>\n<th class=\"col label\" scope=\"row\">Sexe<\/th>\n<td class=\"col data\" data-th=\"Sexe\">Unisex<\/td>\n<\/tr>\n<tr>\n<th class=\"col label\" scope=\"row\">Connectivite<\/th>\n<td class=\"col data\" data-th=\"Connectivite\">Bluetooth<\/td>\n<\/tr>\n<tr>\n<th class=\"col label\" scope=\"row\">\u00c9tanche<\/th>\n<td class=\"col data\" data-th=\"\u00c9tanche\">Oui<\/td>\n<\/tr>\n<tr>\n<th class=\"col label\" scope=\"row\">Capacit\u00e9 de la Batterie<\/th>\n<td class=\"col data\" data-th=\"Capacit\u00e9 de la Batterie\">Autres<\/td>\n<\/tr>\n<tr>\n<th class=\"col label\" scope=\"row\">Autonomie Batterie<\/th>\n<td class=\"col data\" data-th=\"Autonomie Batterie\">jusqu&#8217;\u00e0 50 jours<\/td>\n<\/tr>\n<tr>\n<th class=\"col label\" scope=\"row\">Bluetooth<\/th>\n<td class=\"col data\" data-th=\"Bluetooth\">Oui<\/td>\n<\/tr>\n<\/tbody>\n<\/table>","protected":false},"excerpt":{"rendered":"<p>Montre Connect\u00e9e MIBRO Lite 3 &#8211; \u00c9cran\u00a0<strong>AMOLED 1,3&#8243;\u00a0<\/strong>(360 x 360px),AOD, PPI 277<strong>\u00a0<\/strong>&#8211; Connectivit\u00e9:\u00a0<strong>Bluetooth 5.3\u00a0<\/strong>&#8211;\u00a0<strong>Appel Bluetooth et notifications ( whatsapp, chat, sms, email..)\u00a0&#8211;\u00a0<\/strong>Fonction d&#8217;appel mains libres au poignet<strong>\u00a0&#8211; Assistant vocal &#8211;\u00a0<\/strong>Autonomie: Mode veille: 50 jours, Mode quotidien: 12 jours, Mode musique: 5 heures, Mode d&#8217;appel BT: 6 heures<strong>\u00a0&#8211;<\/strong>\u00a0<strong>+100 Modes sportifs<\/strong>\u00a0&#8211; Surveillance 24h\/24 et 7j\/7 de la fr\u00e9quence cardiaque, des niveaux d&#8217;oxyg\u00e8ne, du stress et du sommeil, avec alertes en cas de lectures anormales et soins de sant\u00e9 pour les femmes &#8211;<strong>\u00a0<\/strong>Charge magn\u00e9tique &#8211; \u00c9tanche:\u00a0<strong>2ATM\u00a0<\/strong>&#8211; Mat\u00e9riaux: Alliage de zinc + PC et 20 % GF &#8211; Largeur de la sangle 22 mm &#8211; Syst\u00e8me d&#8217;exploitation: Android 5.0, iOS 10.0 et versions ult\u00e9rieures &#8211;\u00a0<strong>+ 2 ceintures cuire et silicone<\/strong>\u00a0&#8211; Couleur: Rose Gold<\/p>","protected":false},"featured_media":8771,"template":"","meta":[],"product_cat":[243,247],"product_tag":[],"class_list":["post-8770","product","type-product","status-publish","has-post-thumbnail","hentry","product_cat-gadget","product_cat-smartwatch"],"_links":{"self":[{"href":"https:\/\/gmiinfo.com\/fr\/wp-json\/wp\/v2\/product\/8770","targetHints":{"allow":["GET"]}}],"collection":[{"href":"https:\/\/gmiinfo.com\/fr\/wp-json\/wp\/v2\/product"}],"about":[{"href":"https:\/\/gmiinfo.com\/fr\/wp-json\/wp\/v2\/types\/product"}],"wp:featuredmedia":[{"embeddable":true,"href":"https:\/\/gmiinfo.com\/fr\/wp-json\/wp\/v2\/media\/8771"}],"wp:attachment":[{"href":"https:\/\/gmiinfo.com\/fr\/wp-json\/wp\/v2\/media?parent=8770"}],"wp:term":[{"taxonomy":"product_cat","embeddable":true,"href":"https:\/\/gmiinfo.com\/fr\/wp-json\/wp\/v2\/product_cat?post=8770"},{"taxonomy":"product_tag","embeddable":true,"href":"https:\/\/gmiinfo.com\/fr\/wp-json\/wp\/v2\/product_tag?post=8770"}],"curies":[{"name":"wp","href":"https:\/\/api.w.org\/{rel}","templated":true}]}}