{"id":8759,"date":"2025-02-21T11:29:15","date_gmt":"2025-02-21T10:29:15","guid":{"rendered":"https:\/\/gmiinfo.com\/?post_type=product&#038;p=8759"},"modified":"2025-02-21T11:29:15","modified_gmt":"2025-02-21T10:29:15","slug":"montre-connectee-t800-ultra-noir","status":"publish","type":"product","link":"https:\/\/gmiinfo.com\/fr\/produit\/montre-connectee-t800-ultra-noir\/","title":{"rendered":"Montre Connect\u00e9e T800 Ultra-NOIR"},"content":{"rendered":"<table id=\"product-attribute-specs-table\" class=\"data table additional-attributes\">\n<caption class=\"table-caption\">FICHE TECHNIQUE<\/caption>\n<tbody>\n<tr>\n<th class=\"col label\" scope=\"row\">DISPONIBILIT\u00c9<\/th>\n<td class=\"col data\" data-th=\"DISPONIBILIT\u00c9\">En stock<\/td>\n<\/tr>\n<tr>\n<th class=\"col label\" scope=\"row\">gtin<\/th>\n<td class=\"col data\" data-th=\"gtin\">T800-ULT-BL<\/td>\n<\/tr>\n<tr>\n<th class=\"col label\" scope=\"row\">Marque<\/th>\n<td class=\"col data\" data-th=\"Marque\">Sans-Fabricant<\/td>\n<\/tr>\n<tr>\n<th class=\"col label\" scope=\"row\">Mod\u00e8le SmartWatch<\/th>\n<td class=\"col data\" data-th=\"Mod\u00e8le SmartWatch\">T800 Ultra<\/td>\n<\/tr>\n<tr>\n<th class=\"col label\" scope=\"row\">Forme<\/th>\n<td class=\"col data\" data-th=\"Forme\">Rectangulaire<\/td>\n<\/tr>\n<tr>\n<th class=\"col label\" scope=\"row\">Bracelet<\/th>\n<td class=\"col data\" data-th=\"Bracelet\">Silicone<\/td>\n<\/tr>\n<tr>\n<th class=\"col label\" scope=\"row\">Syst\u00e8me d&#8217;exploitation<\/th>\n<td class=\"col data\" data-th=\"Syst\u00e8me d'exploitation\">Android ou iOS<\/td>\n<\/tr>\n<tr>\n<th class=\"col label\" scope=\"row\">Public<\/th>\n<td class=\"col data\" data-th=\"Public\">Adulte<\/td>\n<\/tr>\n<tr>\n<th class=\"col label\" scope=\"row\">Affichage<\/th>\n<td class=\"col data\" data-th=\"Affichage\">Analogique &#8211; Digital<\/td>\n<\/tr>\n<tr>\n<th class=\"col label\" scope=\"row\">Taille de l&#8217;\u00e9cran<\/th>\n<td class=\"col data\" data-th=\"Taille de l'\u00e9cran\">1.99 Pouces<\/td>\n<\/tr>\n<tr>\n<th class=\"col label\" scope=\"row\">Ecran Tactile<\/th>\n<td class=\"col data\" data-th=\"Ecran Tactile\">Oui<\/td>\n<\/tr>\n<tr>\n<th class=\"col label\" scope=\"row\">Ecran<\/th>\n<td class=\"col data\" data-th=\"Ecran\">HD<\/td>\n<\/tr>\n<tr>\n<th class=\"col label\" scope=\"row\">R\u00e9solution d&#8217;\u00e9crans<\/th>\n<td class=\"col data\" data-th=\"R\u00e9solution d'\u00e9crans\">Autres<\/td>\n<\/tr>\n<tr>\n<th class=\"col label\" scope=\"row\">Sexe<\/th>\n<td class=\"col data\" data-th=\"Sexe\">Unisex<\/td>\n<\/tr>\n<tr>\n<th class=\"col label\" scope=\"row\">Connectivite<\/th>\n<td class=\"col data\" data-th=\"Connectivite\">Bluetooth<\/td>\n<\/tr>\n<tr>\n<th class=\"col label\" scope=\"row\">\u00c9tanche<\/th>\n<td class=\"col data\" data-th=\"\u00c9tanche\">Oui<\/td>\n<\/tr>\n<tr>\n<th class=\"col label\" scope=\"row\">Capacit\u00e9 de la Batterie<\/th>\n<td class=\"col data\" data-th=\"Capacit\u00e9 de la Batterie\">320 mAh<\/td>\n<\/tr>\n<tr>\n<th class=\"col label\" scope=\"row\">Bluetooth<\/th>\n<td class=\"col data\" data-th=\"Bluetooth\">Oui<\/td>\n<\/tr>\n<\/tbody>\n<\/table>","protected":false},"excerpt":{"rendered":"<p>Montre Connect\u00e9e T800 Ultra &#8211;<strong>\u00a0<\/strong>\u00c9cran\u00a0<strong>HD 1.99&#8243;\u00a0<\/strong>&#8211; Connectivit\u00e9:\u00a0<strong>Bluetooth 5.0<\/strong>\u00a0&#8211; Batterie:\u00a0<strong>lithium Polym\u00e8re 320 mAh<\/strong>\u00a0&#8211; Autonomie :\u00a0<strong>7 \u00e0 15 jours<\/strong>\u00a0&#8211; Fonction de surveillance de la sant\u00e9 en temps r\u00e9el &#8211; R\u00e9sistance \u00e0 l&#8217;eau:\u00a0<strong>IP67\u00a0<\/strong>&#8211; Mat\u00e9riau : alliage de Zinc + Gel de silice &#8211; Couleur: Noir<\/p>","protected":false},"featured_media":8760,"template":"","meta":[],"product_cat":[243,247],"product_tag":[],"class_list":["post-8759","product","type-product","status-publish","has-post-thumbnail","hentry","product_cat-gadget","product_cat-smartwatch"],"_links":{"self":[{"href":"https:\/\/gmiinfo.com\/fr\/wp-json\/wp\/v2\/product\/8759","targetHints":{"allow":["GET"]}}],"collection":[{"href":"https:\/\/gmiinfo.com\/fr\/wp-json\/wp\/v2\/product"}],"about":[{"href":"https:\/\/gmiinfo.com\/fr\/wp-json\/wp\/v2\/types\/product"}],"wp:featuredmedia":[{"embeddable":true,"href":"https:\/\/gmiinfo.com\/fr\/wp-json\/wp\/v2\/media\/8760"}],"wp:attachment":[{"href":"https:\/\/gmiinfo.com\/fr\/wp-json\/wp\/v2\/media?parent=8759"}],"wp:term":[{"taxonomy":"product_cat","embeddable":true,"href":"https:\/\/gmiinfo.com\/fr\/wp-json\/wp\/v2\/product_cat?post=8759"},{"taxonomy":"product_tag","embeddable":true,"href":"https:\/\/gmiinfo.com\/fr\/wp-json\/wp\/v2\/product_tag?post=8759"}],"curies":[{"name":"wp","href":"https:\/\/api.w.org\/{rel}","templated":true}]}}