{"id":8744,"date":"2025-02-21T10:56:46","date_gmt":"2025-02-21T09:56:46","guid":{"rendered":"https:\/\/gmiinfo.com\/?post_type=product&#038;p=8744"},"modified":"2025-02-22T13:14:25","modified_gmt":"2025-02-22T12:14:25","slug":"casque-bluetooth-haylou-s35-anc","status":"publish","type":"product","link":"https:\/\/gmiinfo.com\/fr\/produit\/casque-bluetooth-haylou-s35-anc\/","title":{"rendered":"Casque Bluetooth Haylou S35 ANC"},"content":{"rendered":"","protected":false},"excerpt":{"rendered":"<p><b>Casque Bluetooth Haylou S35<\/b>\u00a0&#8211;\u00a0<strong>Technologie de Connectivit\u00e9 :<\/strong>\u00a0Bluetooth 5.2 &#8211;\u00a0<strong>Autonomie :<\/strong>\u00a060 heures (ANC activ\u00e9) \/ 70 heures (ANC d\u00e9sactiv\u00e9) &#8211; Plage de fr\u00e9quences: 20 Hz \u2013 20 kHz &#8211; R\u00e9ponse en fr\u00e9quence: 20 Hz \u2013 20 kHz &#8211; Sensibilit\u00e9: 100dB \u00b1 3dB Imp\u00e9dance: 32\u03a9 &#8211; supra-auriculaire avec une suppression active du bruit- un son Hi-Res Audio &#8211; Poids: 290 g &#8211;\u00a0<strong>Couleur<\/strong>\u00a0: Blanc &#8211;\u00a0<strong>Garantie<\/strong>\u00a0: 1 an<\/p>","protected":false},"featured_media":8746,"template":"","meta":[],"product_cat":[250,243],"product_tag":[],"class_list":["post-8744","product","type-product","status-publish","has-post-thumbnail","hentry","product_cat-casque-bluetooth","product_cat-gadget"],"_links":{"self":[{"href":"https:\/\/gmiinfo.com\/fr\/wp-json\/wp\/v2\/product\/8744","targetHints":{"allow":["GET"]}}],"collection":[{"href":"https:\/\/gmiinfo.com\/fr\/wp-json\/wp\/v2\/product"}],"about":[{"href":"https:\/\/gmiinfo.com\/fr\/wp-json\/wp\/v2\/types\/product"}],"wp:featuredmedia":[{"embeddable":true,"href":"https:\/\/gmiinfo.com\/fr\/wp-json\/wp\/v2\/media\/8746"}],"wp:attachment":[{"href":"https:\/\/gmiinfo.com\/fr\/wp-json\/wp\/v2\/media?parent=8744"}],"wp:term":[{"taxonomy":"product_cat","embeddable":true,"href":"https:\/\/gmiinfo.com\/fr\/wp-json\/wp\/v2\/product_cat?post=8744"},{"taxonomy":"product_tag","embeddable":true,"href":"https:\/\/gmiinfo.com\/fr\/wp-json\/wp\/v2\/product_tag?post=8744"}],"curies":[{"name":"wp","href":"https:\/\/api.w.org\/{rel}","templated":true}]}}