{"id":8729,"date":"2025-02-21T10:15:35","date_gmt":"2025-02-21T09:15:35","guid":{"rendered":"https:\/\/gmiinfo.com\/?post_type=product&#038;p=8729"},"modified":"2025-02-21T10:15:35","modified_gmt":"2025-02-21T09:15:35","slug":"telephone-portable-philips-e2130","status":"publish","type":"product","link":"https:\/\/gmiinfo.com\/fr\/produit\/telephone-portable-philips-e2130\/","title":{"rendered":"T\u00e9l\u00e9phone Portable PHILIPS E2130"},"content":{"rendered":"","protected":false},"excerpt":{"rendered":"<p>T\u00e9l\u00e9phone Portable PHILIPS E2130 &#8211; \u00c9cran:\u00a0<strong>2.0&#8243;<\/strong>\u00a0<strong>(128 x 160 pixels)<\/strong>\u00a0&#8211; M\u00e9moire:\u00a0<strong>4Mo<\/strong>\u00a0-Stockage:<strong>\u00a04Mo\u00a0<\/strong>&#8211;<strong>\u00a0Stockage externe jusqu&#8217;\u00e0 32Go\u00a0<\/strong>&#8211; Camera:\u00a0<strong>0.08 m\u00e9gapixels\u00a0<\/strong>&#8211; Capacit\u00e9 Batterie:\u00a0<strong>1500mAh<\/strong><strong>\u00a0<\/strong>&#8211;<strong>\u00a0Double SIM<\/strong>\u00a0&#8211;\u00a0<strong>Bluetooth<\/strong>\u00a0&#8211;\u00a0<strong>Radio Fm<\/strong><strong>\u00a0<\/strong>&#8211;\u00a0<strong>Lecteur MP3\u00a0<\/strong>&#8211; \u00a0Port USB-C &#8211; Couleur: Vert -Deep Bleu -Noir &#8211; Garantie: 1an<\/p>","protected":false},"featured_media":8732,"template":"","meta":[],"product_cat":[478,229],"product_tag":[],"class_list":["post-8729","product","type-product","status-publish","has-post-thumbnail","hentry","product_cat-telephone-portable","product_cat-telephonie"],"_links":{"self":[{"href":"https:\/\/gmiinfo.com\/fr\/wp-json\/wp\/v2\/product\/8729","targetHints":{"allow":["GET"]}}],"collection":[{"href":"https:\/\/gmiinfo.com\/fr\/wp-json\/wp\/v2\/product"}],"about":[{"href":"https:\/\/gmiinfo.com\/fr\/wp-json\/wp\/v2\/types\/product"}],"wp:featuredmedia":[{"embeddable":true,"href":"https:\/\/gmiinfo.com\/fr\/wp-json\/wp\/v2\/media\/8732"}],"wp:attachment":[{"href":"https:\/\/gmiinfo.com\/fr\/wp-json\/wp\/v2\/media?parent=8729"}],"wp:term":[{"taxonomy":"product_cat","embeddable":true,"href":"https:\/\/gmiinfo.com\/fr\/wp-json\/wp\/v2\/product_cat?post=8729"},{"taxonomy":"product_tag","embeddable":true,"href":"https:\/\/gmiinfo.com\/fr\/wp-json\/wp\/v2\/product_tag?post=8729"}],"curies":[{"name":"wp","href":"https:\/\/api.w.org\/{rel}","templated":true}]}}