{"id":8715,"date":"2025-02-20T18:44:27","date_gmt":"2025-02-20T17:44:27","guid":{"rendered":"https:\/\/gmiinfo.com\/?post_type=product&#038;p=8715"},"modified":"2025-02-20T18:44:27","modified_gmt":"2025-02-20T17:44:27","slug":"telephone-portable-geniphone-a33","status":"publish","type":"product","link":"https:\/\/gmiinfo.com\/fr\/produit\/telephone-portable-geniphone-a33\/","title":{"rendered":"T\u00e9l\u00e9phone Portable Geniphone A33"},"content":{"rendered":"","protected":false},"excerpt":{"rendered":"<p><strong>T\u00e9l\u00e9phone Portable Geniphone A33 Noir en Tunisie<\/strong><\/p>\n<ul>\n<li>Ecran :<strong>\u00a02.4 &#8220;pouces\u00a0<\/strong><\/li>\n<li>M\u00e9moire RAM : 32Mo<\/li>\n<li>Capacit\u00e9 de Stockage:32Mo<\/li>\n<li>Cam\u00e9ra arri\u00e8re : 0.3MP<\/li>\n<li>Capacit\u00e9 Batterie :\u00a0<strong>1800mAh<\/strong><\/li>\n<li>Connectivit\u00e9s sans \ufb01l : Support BT V2.1<\/li>\n<li>Fonctionnalit\u00e9 : FM Wireless &#8211; Appel abr\u00e9g\u00e9<\/li>\n<li>Haut-parleur : 3 en 1<\/li>\n<li>Torche:\u00a0<b>DUAL LED \ufb02ash light<\/b><\/li>\n<li>Nombre de SIM:\u00a0<strong>Double SIM\u00a0<\/strong><\/li>\n<li>Couleur : Noir- Gris-noir+rouge &#8211; rouge -Bleu<\/li>\n<li><strong>Garantie : 1 an<\/strong><\/li>\n<\/ul>","protected":false},"featured_media":8719,"template":"","meta":[],"product_cat":[478,229],"product_tag":[],"class_list":["post-8715","product","type-product","status-publish","has-post-thumbnail","hentry","product_cat-telephone-portable","product_cat-telephonie"],"_links":{"self":[{"href":"https:\/\/gmiinfo.com\/fr\/wp-json\/wp\/v2\/product\/8715","targetHints":{"allow":["GET"]}}],"collection":[{"href":"https:\/\/gmiinfo.com\/fr\/wp-json\/wp\/v2\/product"}],"about":[{"href":"https:\/\/gmiinfo.com\/fr\/wp-json\/wp\/v2\/types\/product"}],"wp:featuredmedia":[{"embeddable":true,"href":"https:\/\/gmiinfo.com\/fr\/wp-json\/wp\/v2\/media\/8719"}],"wp:attachment":[{"href":"https:\/\/gmiinfo.com\/fr\/wp-json\/wp\/v2\/media?parent=8715"}],"wp:term":[{"taxonomy":"product_cat","embeddable":true,"href":"https:\/\/gmiinfo.com\/fr\/wp-json\/wp\/v2\/product_cat?post=8715"},{"taxonomy":"product_tag","embeddable":true,"href":"https:\/\/gmiinfo.com\/fr\/wp-json\/wp\/v2\/product_tag?post=8715"}],"curies":[{"name":"wp","href":"https:\/\/api.w.org\/{rel}","templated":true}]}}