{"id":8706,"date":"2025-02-20T18:36:26","date_gmt":"2025-02-20T17:36:26","guid":{"rendered":"https:\/\/gmiinfo.com\/?post_type=product&#038;p=8706"},"modified":"2025-02-20T18:36:26","modified_gmt":"2025-02-20T17:36:26","slug":"telephone-portable-geniphone-a4-mini","status":"publish","type":"product","link":"https:\/\/gmiinfo.com\/fr\/produit\/telephone-portable-geniphone-a4-mini\/","title":{"rendered":"T\u00e9l\u00e9phone Portable GENIPHONE A4 Mini"},"content":{"rendered":"","protected":false},"excerpt":{"rendered":"<p>T\u00e9l\u00e9phone Portable GENIPHONE A4 Mini &#8211; \u00c9cran:\u00a0<strong>1.8&#8243;<\/strong>\u00a0&#8211; Cam\u00e9ra:\u00a0<strong>0.08MP\u00a0<\/strong>&#8211; M\u00e9moire: 32Mo &#8211; Stockage: 32Mo &#8211; Capacit\u00e9 Batterie:\u00a0<strong>800mAh\u00a0<\/strong>&#8211;\u00a0<strong>Radio FM sans fil &#8211; Double SIM<\/strong> &#8211; Torche &#8211; Lecteur carte m\u00e9moire &#8211; Couleur: Noir &#8211;\u00a0 Gris &#8211; Garantie: 1an<\/p>","protected":false},"featured_media":8707,"template":"","meta":[],"product_cat":[478,229],"product_tag":[],"class_list":["post-8706","product","type-product","status-publish","has-post-thumbnail","hentry","product_cat-telephone-portable","product_cat-telephonie"],"_links":{"self":[{"href":"https:\/\/gmiinfo.com\/fr\/wp-json\/wp\/v2\/product\/8706","targetHints":{"allow":["GET"]}}],"collection":[{"href":"https:\/\/gmiinfo.com\/fr\/wp-json\/wp\/v2\/product"}],"about":[{"href":"https:\/\/gmiinfo.com\/fr\/wp-json\/wp\/v2\/types\/product"}],"wp:featuredmedia":[{"embeddable":true,"href":"https:\/\/gmiinfo.com\/fr\/wp-json\/wp\/v2\/media\/8707"}],"wp:attachment":[{"href":"https:\/\/gmiinfo.com\/fr\/wp-json\/wp\/v2\/media?parent=8706"}],"wp:term":[{"taxonomy":"product_cat","embeddable":true,"href":"https:\/\/gmiinfo.com\/fr\/wp-json\/wp\/v2\/product_cat?post=8706"},{"taxonomy":"product_tag","embeddable":true,"href":"https:\/\/gmiinfo.com\/fr\/wp-json\/wp\/v2\/product_tag?post=8706"}],"curies":[{"name":"wp","href":"https:\/\/api.w.org\/{rel}","templated":true}]}}