{"id":8701,"date":"2025-02-20T18:19:22","date_gmt":"2025-02-20T17:19:22","guid":{"rendered":"https:\/\/gmiinfo.com\/?post_type=product&#038;p=8701"},"modified":"2025-02-20T18:25:17","modified_gmt":"2025-02-20T17:25:17","slug":"smartphone-infinix-smart-9-3go-64go","status":"publish","type":"product","link":"https:\/\/gmiinfo.com\/fr\/produit\/smartphone-infinix-smart-9-3go-64go\/","title":{"rendered":"Smartphone INFINIX Smart 9 3Go 64Go"},"content":{"rendered":"","protected":false},"excerpt":{"rendered":"<p>\u00c9cran:\u00a0<strong>6.7&#8243; LCD IPS\u00a0<\/strong>(720&#215;1600 pixels),\u00a0<strong>120Hz\u00a0<\/strong>&#8211; Processeur:\u00a0<strong>MediaTek Helio G81<\/strong>\u00a0avec autonomie de 48 mois\u00a0<strong>Octa-core\u00a0<\/strong>&#8211; Syst\u00e8me d&#8217;exploitation:\u00a0<strong>Android 14 (\u00e9dition Go), XOS 14<\/strong>\u00a0&#8211; RAM:\u00a0<strong>3Go (extensible jusqu&#8217;\u00e0 6Go)<\/strong>\u00a0&#8211; Stockage:\u00a0<strong>64Go<\/strong>\u00a0&#8211; Appareil Photo Arri\u00e8re:\u00a0<strong>13MP ,\u00a0<\/strong>Frontale:<strong>\u00a08MP\u00a0<\/strong>&#8211; Haut-parleurs doubles 300% Ultra Volume &#8211; Connectivit\u00e9: Wifi\u00a0<strong>4G<\/strong>\u00a0et Bluetooth &#8211; Batterie:\u00a0<strong>5000mAh<\/strong><strong>\u00a0&#8211; Empreinte digitale\u00a0<\/strong>&#8211; R\u00e9sistant \u00e0 la poussi\u00e8re et aux \u00e9claboussures:<strong>\u00a0IP54 &#8211;\u00a0<\/strong>Double SIM &#8211;\u00a0 \u00a0Garantie: 1an<\/p>","protected":false},"featured_media":8696,"template":"","meta":[],"product_cat":[230,229],"product_tag":[],"class_list":["post-8701","product","type-product","status-publish","has-post-thumbnail","hentry","product_cat-smartphone","product_cat-telephonie"],"_links":{"self":[{"href":"https:\/\/gmiinfo.com\/fr\/wp-json\/wp\/v2\/product\/8701","targetHints":{"allow":["GET"]}}],"collection":[{"href":"https:\/\/gmiinfo.com\/fr\/wp-json\/wp\/v2\/product"}],"about":[{"href":"https:\/\/gmiinfo.com\/fr\/wp-json\/wp\/v2\/types\/product"}],"wp:featuredmedia":[{"embeddable":true,"href":"https:\/\/gmiinfo.com\/fr\/wp-json\/wp\/v2\/media\/8696"}],"wp:attachment":[{"href":"https:\/\/gmiinfo.com\/fr\/wp-json\/wp\/v2\/media?parent=8701"}],"wp:term":[{"taxonomy":"product_cat","embeddable":true,"href":"https:\/\/gmiinfo.com\/fr\/wp-json\/wp\/v2\/product_cat?post=8701"},{"taxonomy":"product_tag","embeddable":true,"href":"https:\/\/gmiinfo.com\/fr\/wp-json\/wp\/v2\/product_tag?post=8701"}],"curies":[{"name":"wp","href":"https:\/\/api.w.org\/{rel}","templated":true}]}}