{"id":8680,"date":"2025-02-20T18:06:56","date_gmt":"2025-02-20T17:06:56","guid":{"rendered":"https:\/\/gmiinfo.com\/?post_type=product&#038;p=8680"},"modified":"2025-02-20T18:23:30","modified_gmt":"2025-02-20T17:23:30","slug":"smartphone-infinix-hot-50i-6go-128go","status":"publish","type":"product","link":"https:\/\/gmiinfo.com\/fr\/produit\/smartphone-infinix-hot-50i-6go-128go\/","title":{"rendered":"Smartphone INFINIX Hot 50i 6Go 128Go"},"content":{"rendered":"","protected":false},"excerpt":{"rendered":"<p>\u00c9cran:\u00a0<strong>6.7&#8243; LCD IPS\u00a0<\/strong>(720&#215;1600 pixels),\u00a0<strong>120Hz\u00a0<\/strong>&#8211; Processeur:\u00a0<strong>MediaTek Helio G81,\u00a0<\/strong>48 mois de performances T\u00dcV Fluency\u00a0<strong>Octa-core\u00a0<\/strong>&#8211; Syst\u00e8me d&#8217;exploitation:\u00a0<strong>Android 14, XOS 14.5<\/strong>\u00a0&#8211; RAM:\u00a0<strong>6Go\u00a0<\/strong>&#8211; Stockage:\u00a0<strong>128Go<\/strong>\u00a0&#8211; Appareil Photo Arri\u00e8re:\u00a0<strong>48MP ,\u00a0<\/strong>Frontale:<strong>\u00a08MP\u00a0<\/strong>&#8211; Haut-parleurs doubles 300% Ultra Volume &#8211; Connectivit\u00e9: Wifi\u00a0<strong>4G<\/strong>\u00a0et Bluetooth &#8211; Batterie:\u00a0<strong>5000mAh &#8211; Charge rapide 18 W<\/strong><strong>\u00a0&#8211; Empreinte digitale\u00a0<\/strong>&#8211; R\u00e9sistant \u00e0 la poussi\u00e8re et aux \u00e9claboussures:<strong>\u00a0IP54 &#8211;\u00a0<\/strong>Double SIM\u00a0 &#8211; Garantie: 1an<\/p>","protected":false},"featured_media":8684,"template":"","meta":[],"product_cat":[230,229],"product_tag":[],"class_list":["post-8680","product","type-product","status-publish","has-post-thumbnail","hentry","product_cat-smartphone","product_cat-telephonie"],"_links":{"self":[{"href":"https:\/\/gmiinfo.com\/fr\/wp-json\/wp\/v2\/product\/8680","targetHints":{"allow":["GET"]}}],"collection":[{"href":"https:\/\/gmiinfo.com\/fr\/wp-json\/wp\/v2\/product"}],"about":[{"href":"https:\/\/gmiinfo.com\/fr\/wp-json\/wp\/v2\/types\/product"}],"wp:featuredmedia":[{"embeddable":true,"href":"https:\/\/gmiinfo.com\/fr\/wp-json\/wp\/v2\/media\/8684"}],"wp:attachment":[{"href":"https:\/\/gmiinfo.com\/fr\/wp-json\/wp\/v2\/media?parent=8680"}],"wp:term":[{"taxonomy":"product_cat","embeddable":true,"href":"https:\/\/gmiinfo.com\/fr\/wp-json\/wp\/v2\/product_cat?post=8680"},{"taxonomy":"product_tag","embeddable":true,"href":"https:\/\/gmiinfo.com\/fr\/wp-json\/wp\/v2\/product_tag?post=8680"}],"curies":[{"name":"wp","href":"https:\/\/api.w.org\/{rel}","templated":true}]}}