{"id":8667,"date":"2025-02-20T17:54:32","date_gmt":"2025-02-20T16:54:32","guid":{"rendered":"https:\/\/gmiinfo.com\/?post_type=product&#038;p=8667"},"modified":"2025-02-20T18:27:59","modified_gmt":"2025-02-20T17:27:59","slug":"smartphone-oppo-a3-6go-128go","status":"publish","type":"product","link":"https:\/\/gmiinfo.com\/fr\/produit\/smartphone-oppo-a3-6go-128go\/","title":{"rendered":"Smartphone OPPO A3 6Go 128Go"},"content":{"rendered":"","protected":false},"excerpt":{"rendered":"<p>Ecran <strong>6.67&#8243; HD+<\/strong>\u00a0(720 x 1604Pixels),\u00a0<strong>90Hz\u00a0<\/strong>&#8211; \u00c9cran ultra lumineux de 1000 nits &#8211; Processeur:\u00a0<strong>Qualcomm Snapdragon 6s 4G Gen1\u00a0<\/strong>Octa-core &#8211; Syst\u00e9me d&#8217;exploitation:\u00a0<strong>Android 14, ColorOS 14<\/strong>\u00a0&#8211; M\u00e9moire RAM:\u00a0<strong>6Go\u00a0<\/strong>&#8211; Stockage:\u00a0<strong>128Go\u00a0<\/strong>&#8211; Appareil Photo Arri\u00e9re:\u00a0<strong>ultra-claire<\/strong>\u00a0<strong>50MP<\/strong>\u00a0et Frontale:\u00a0<strong>5MP\u00a0<\/strong>&#8211; Connectivit\u00e9: 4G, Wifi et Bluetooth 5.0, BLE &#8211; Double SIM &#8211; Batterie:\u00a0<strong>5100mAh<\/strong>\u00a0&#8211;\u00a0<strong>Charge SUPERVOOC\u00a0<\/strong><strong>2.0 45 W<\/strong>\u00a0&#8211;\u00a0<strong>Reconnaissance faciale, Empreinte digitale<\/strong><strong>\u00a0<\/strong>&#8211; R\u00e9sistance aux chocs de qualit\u00e9 militaire, R\u00e9sistance multiple aux liquides &#8211; Couleur: Noir &#8211;\u00a0<strong>Garantie: 2ans<\/strong><\/p>","protected":false},"featured_media":8660,"template":"","meta":[],"product_cat":[230,229],"product_tag":[],"class_list":["post-8667","product","type-product","status-publish","has-post-thumbnail","hentry","product_cat-smartphone","product_cat-telephonie"],"_links":{"self":[{"href":"https:\/\/gmiinfo.com\/fr\/wp-json\/wp\/v2\/product\/8667","targetHints":{"allow":["GET"]}}],"collection":[{"href":"https:\/\/gmiinfo.com\/fr\/wp-json\/wp\/v2\/product"}],"about":[{"href":"https:\/\/gmiinfo.com\/fr\/wp-json\/wp\/v2\/types\/product"}],"wp:featuredmedia":[{"embeddable":true,"href":"https:\/\/gmiinfo.com\/fr\/wp-json\/wp\/v2\/media\/8660"}],"wp:attachment":[{"href":"https:\/\/gmiinfo.com\/fr\/wp-json\/wp\/v2\/media?parent=8667"}],"wp:term":[{"taxonomy":"product_cat","embeddable":true,"href":"https:\/\/gmiinfo.com\/fr\/wp-json\/wp\/v2\/product_cat?post=8667"},{"taxonomy":"product_tag","embeddable":true,"href":"https:\/\/gmiinfo.com\/fr\/wp-json\/wp\/v2\/product_tag?post=8667"}],"curies":[{"name":"wp","href":"https:\/\/api.w.org\/{rel}","templated":true}]}}