{"id":8613,"date":"2025-02-20T16:58:40","date_gmt":"2025-02-20T15:58:40","guid":{"rendered":"https:\/\/gmiinfo.com\/?post_type=product&#038;p=8613"},"modified":"2025-02-20T17:18:39","modified_gmt":"2025-02-20T16:18:39","slug":"smartphone-xiaomi-redmi-note-14-4g-6go-128go","status":"publish","type":"product","link":"https:\/\/gmiinfo.com\/fr\/produit\/smartphone-xiaomi-redmi-note-14-4g-6go-128go\/","title":{"rendered":"Smartphone Xiaomi Redmi Note 14 4G 6Go 128Go"},"content":{"rendered":"","protected":false},"excerpt":{"rendered":"<ul>\n<li><strong>Smartphone Xiaomi Redmi Note 14 4G 6Go 128Go \u00e9cran :<\/strong>\u00a06,67 pouces, AMOLED<\/li>\n<li><strong>R\u00e9solution :<\/strong>\u00a02400 \u00d7 1080<\/li>\n<li><strong>Taux de rafra\u00eechissement :<\/strong>\u00a0Jusqu&#8217;\u00e0 120 Hz<\/li>\n<li><strong>Processeur :<\/strong>\u00a0Helio G99-Ultra<\/li>\n<li><strong>CPU :<\/strong>\u00a0Processeur huit c\u0153urs jusqu&#8217;\u00e0 2,2 GHz<\/li>\n<li><strong>RAM :<\/strong>\u00a06Go<\/li>\n<li><strong>M\u00e9moire :<\/strong>\u00a0128Go<\/li>\n<li><strong>Cam\u00e9ra arri\u00e8re :<\/strong>\u00a0Triple objectif 108 MP + 2 MP + 2 MP<\/li>\n<li><strong>Cam\u00e9ra avant :<\/strong>\u00a020 MP<\/li>\n<li><strong>Batterie :<\/strong>\u00a05500 mAh (typique)<\/li>\n<li><strong>Charge turbo :<\/strong>\u00a033 W<\/li>\n<li><strong>S\u00e9curit\u00e9 :<\/strong>\u00a0Capteur d&#8217;empreintes digitales int\u00e9gr\u00e9 \u00e0 l&#8217;\u00e9cran, D\u00e9verrouillage par reconnaissance faciale via l&#8217;IA<\/li>\n<li><strong>Connectivit\u00e9 :<\/strong>\u00a0Wi-Fi, Bluetooth 5.3, 4G<\/li>\n<li><strong>R\u00e9sistant aux \u00e9claboussures, \u00e0 l&#8217;eau et \u00e0 la poussi\u00e8re :<\/strong>\u00a0IP54<\/li>\n<li><strong>Syst\u00e8me d&#8217;exploitation :<\/strong>\u00a0Xiaomi HyperOS<\/li>\n<\/ul>","protected":false},"featured_media":8609,"template":"","meta":[],"product_cat":[230,229],"product_tag":[],"class_list":["post-8613","product","type-product","status-publish","has-post-thumbnail","hentry","product_cat-smartphone","product_cat-telephonie"],"_links":{"self":[{"href":"https:\/\/gmiinfo.com\/fr\/wp-json\/wp\/v2\/product\/8613","targetHints":{"allow":["GET"]}}],"collection":[{"href":"https:\/\/gmiinfo.com\/fr\/wp-json\/wp\/v2\/product"}],"about":[{"href":"https:\/\/gmiinfo.com\/fr\/wp-json\/wp\/v2\/types\/product"}],"wp:featuredmedia":[{"embeddable":true,"href":"https:\/\/gmiinfo.com\/fr\/wp-json\/wp\/v2\/media\/8609"}],"wp:attachment":[{"href":"https:\/\/gmiinfo.com\/fr\/wp-json\/wp\/v2\/media?parent=8613"}],"wp:term":[{"taxonomy":"product_cat","embeddable":true,"href":"https:\/\/gmiinfo.com\/fr\/wp-json\/wp\/v2\/product_cat?post=8613"},{"taxonomy":"product_tag","embeddable":true,"href":"https:\/\/gmiinfo.com\/fr\/wp-json\/wp\/v2\/product_tag?post=8613"}],"curies":[{"name":"wp","href":"https:\/\/api.w.org\/{rel}","templated":true}]}}