{"id":8607,"date":"2025-02-20T16:52:20","date_gmt":"2025-02-20T15:52:20","guid":{"rendered":"https:\/\/gmiinfo.com\/?post_type=product&#038;p=8607"},"modified":"2025-02-20T17:20:36","modified_gmt":"2025-02-20T16:20:36","slug":"smartphone-xiaomi-redmi-note-14-4g-8go-256go","status":"publish","type":"product","link":"https:\/\/gmiinfo.com\/fr\/produit\/smartphone-xiaomi-redmi-note-14-4g-8go-256go\/","title":{"rendered":"Smartphone Xiaomi Redmi Note 14 4G 8Go 256Go"},"content":{"rendered":"<h2>Redmi Note 14 (4G )<\/h2>\n<p><img decoding=\"async\" src=\"https:\/\/www.mitunisie.tn\/img\/cms\/Redmi%20Note%2014\/Smartphone-Xiaomi-Redmi-Note-14-prix-tunisie.jpg\" alt=\"Smartphone Xiaomi Redmi Note 14\" \/><\/p>\n<p>&nbsp;<\/p>\n<h2><strong>Capturez l\u2019Exceptionnel avec une Cam\u00e9ra Triple 108 MP<\/strong><b><\/b><\/h2>\n<p>&nbsp;<\/p>\n<p>Cam\u00e9ra de pointe avec r\u00e9solution de 108 MP, offrant une configuration triple cam\u00e9ra innovante pour capturer chaque d\u00e9tail avec une qualit\u00e9 exceptionnelle.<\/p>\n<p>&nbsp;<\/p>\n<p><img decoding=\"async\" src=\"https:\/\/www.mitunisie.tn\/img\/cms\/Redmi%20Note%2014\/Smartphone-Xiaomi-Redmi-Note-14-prix-tunisie-1.png\" alt=\"Smartphone Xiaomi Redmi Note 14\" \/><\/p>\n<p>&nbsp;<\/p>\n<h2><strong>Zoom optique 3\u00d7 avec une clart\u00e9 exceptionnelle en HD, m\u00eame en zoom avant<\/strong><\/h2>\n<p>&nbsp;<\/p>\n<p>Capturez des images d\u2019une qualit\u00e9 remarquable et d\u2019un niveau de d\u00e9tail in\u00e9gal\u00e9, surpassant les zooms optiques traditionnels gr\u00e2ce au zoom sur capteur et aux algorithmes de super r\u00e9solution.<\/p>\n<p>&nbsp;<\/p>\n<p><img decoding=\"async\" src=\"https:\/\/www.mitunisie.tn\/img\/cms\/Redmi%20Note%2014\/Smartphone-Xiaomi-Redmi-Note-14-prix-tunisie-2.png\" alt=\"Smartphone Xiaomi Redmi Note 14 6Go 128Go\" \/><\/p>\n<p>Smartphone Xiaomi Redmi Note 14\u00a0<img decoding=\"async\" src=\"https:\/\/www.mitunisie.tn\/img\/cms\/Redmi%20Note%2014\/Smartphone-Xiaomi-Redmi-Note-14-prix-tunisie-3.png\" alt=\"Redmi Note 14\" \/><\/p>","protected":false},"excerpt":{"rendered":"<p>\u00e9cran<strong>\u00a0:\u00a06,67 &#8220;<\/strong>,\u00a0<strong>\u00a0AMOLED\u00a0\u00a0&#8211;\u00a0<\/strong>R\u00e9solution<strong>\u00a0:\u00a0(2400 x 1080)\u00a0<\/strong>&#8211; Taux de rafra\u00eechissement<strong>\u00a0:<\/strong>\u00a0<strong>Jusqu&#8217;\u00e0 120 Hz\u00a0<\/strong>&#8211; Processeur<strong>\u00a0:<\/strong>\u00a0<strong>H\u00e9lio G99-Ultra<\/strong>,\u00a0<strong>Proc\u00e9d\u00e9 de fabrication 6 nm\u00a0<\/strong>&#8211; RAM<strong>\u00a0:<\/strong>\u00a0<strong>8<\/strong><strong>Go\u00a0<\/strong>&#8211; M\u00e9moire<strong>\u00a0:\u00a0256Go<\/strong>\u00a0 &#8211; Cam\u00e9ra arri\u00e8re\u00a0<strong>:\u00a0108MP+2MP+2MP\u00a0<\/strong>&#8211; Cam\u00e9ra avant\u00a0<strong>:<\/strong>\u00a0<strong>20<\/strong><strong>\u00a0MP\u00a0<\/strong>&#8211; Audio :<span class=\"xm-text f-light\" data-key=\"spec_79\" data-type=\"text\" data-id=\"544669ec9d\">Deux haut-parleurs ,\u00a0<\/span><span class=\"xm-text f-light\" data-key=\"spec_80\" data-type=\"text\" data-id=\"565928f0d8\">Dolby Atmos\u00ae ,\u00a0<\/span><span class=\"xm-text f-light\" data-key=\"spec_81\" data-type=\"text\" data-id=\"8567fe7ed8\">Prise casque 3,5 mm<\/span>&#8211; Batterie<strong>\u00a0:\u00a05500 mAh (typique)\u00a0\u00a0<\/strong>&#8211; HyperCharge :\u00a0<strong>120 W &#8211; Charge turbo 33 W<\/strong>&#8211; Connectivit\u00e9 :\u00a0<strong>4G<\/strong>-S\u00e9curit\u00e9 :\u00a0<span class=\"xm-text f-light\" data-key=\"spec_59\" data-type=\"text\" data-id=\"932b0400bc\">Capteur d&#8217;empreintes digitales int\u00e9gr\u00e9 \u00e0 l&#8217;\u00e9cran<\/span><span class=\"xm-text f-light\" data-key=\"spec_60\" data-type=\"text\" data-id=\"49adf9e222\">D\u00e9verrouillage du visage par IA\u00a0<\/span><strong>&#8211; R\u00e9sistance \u00e0 l&#8217;eau et \u00e0 la poussi\u00e8re :\u00a0IP54<\/strong>\u00a0&#8211;\u00a0<strong>Syst\u00e8me d&#8217;exploitation :<\/strong>\u00a0Xiaomi HyperOS &#8211; Couleur: Midnight Black \u00a0&#8211; Garantie: 1 an<\/p>","protected":false},"featured_media":8610,"template":"","meta":[],"product_cat":[230,229],"product_tag":[],"class_list":["post-8607","product","type-product","status-publish","has-post-thumbnail","hentry","product_cat-smartphone","product_cat-telephonie"],"_links":{"self":[{"href":"https:\/\/gmiinfo.com\/fr\/wp-json\/wp\/v2\/product\/8607","targetHints":{"allow":["GET"]}}],"collection":[{"href":"https:\/\/gmiinfo.com\/fr\/wp-json\/wp\/v2\/product"}],"about":[{"href":"https:\/\/gmiinfo.com\/fr\/wp-json\/wp\/v2\/types\/product"}],"wp:featuredmedia":[{"embeddable":true,"href":"https:\/\/gmiinfo.com\/fr\/wp-json\/wp\/v2\/media\/8610"}],"wp:attachment":[{"href":"https:\/\/gmiinfo.com\/fr\/wp-json\/wp\/v2\/media?parent=8607"}],"wp:term":[{"taxonomy":"product_cat","embeddable":true,"href":"https:\/\/gmiinfo.com\/fr\/wp-json\/wp\/v2\/product_cat?post=8607"},{"taxonomy":"product_tag","embeddable":true,"href":"https:\/\/gmiinfo.com\/fr\/wp-json\/wp\/v2\/product_tag?post=8607"}],"curies":[{"name":"wp","href":"https:\/\/api.w.org\/{rel}","templated":true}]}}