{"id":8566,"date":"2025-02-20T15:48:38","date_gmt":"2025-02-20T14:48:38","guid":{"rendered":"https:\/\/gmiinfo.com\/?post_type=product&#038;p=8566"},"modified":"2025-02-20T15:48:38","modified_gmt":"2025-02-20T14:48:38","slug":"smartphone-samsung-galaxy-a16-4go-128go-gris","status":"publish","type":"product","link":"https:\/\/gmiinfo.com\/fr\/produit\/smartphone-samsung-galaxy-a16-4go-128go-gris\/","title":{"rendered":"Smartphone SAMSUNG GALAXY A16 4Go 128Go \u2013GRIS"},"content":{"rendered":"<p>SAMSUNG GALAXY A16<br \/>\nAutonomie longue dur\u00e9e et recharge rapide<br \/>\nL\u2019autonomie du SAMSUNG GALAXY A16 est un atout majeur gr\u00e2ce \u00e0 sa batterie robuste de 5000 mAh. Cette capacit\u00e9 \u00e9lev\u00e9e garantit une utilisation prolong\u00e9e, que ce soit pour regarder des vid\u00e9os, jouer \u00e0 des jeux, ou naviguer sur Internet, sans la contrainte de recharges fr\u00e9quentes. Les optimisations logicielles de Samsung, comme le mode d\u2019\u00e9conomie d\u2019\u00e9nergie, prolongent encore plus la dur\u00e9e de vie de la batterie, offrant ainsi une exp\u00e9rience utilisateur fluide et fiable. Bien que la puissance exacte de la charge rapide ne soit pas sp\u00e9cifi\u00e9e, le Galaxy A16 supporte une technologie de recharge rapide, permettant de r\u00e9duire significativement le temps n\u00e9cessaire pour une recharge compl\u00e8te.<\/p>\n<p>SAMSUNG GALAXY A16<br \/>\nVos informations en toute s\u00e9curit\u00e9<br \/>\nSamsung Knox Vault, certifi\u00e9e EAL5+, est con\u00e7u pour prot\u00e9ger vos informations, comme le code PIN, le mot de passe et le mod\u00e8le de d\u00e9v\u00e9rouillage. Vos donn\u00e9es crypt\u00e9es sont en s\u00e9curit\u00e9 dans un espace isol\u00e9 et s\u00e9par\u00e9 du reste du syst\u00e8me d\u2019exploitation. C\u2019est comme un coffre-fort pour vos donn\u00e9es.<\/p>\n<p>SAMSUNG GALAXY A16<br \/>\nR\u00e9sistant aux al\u00e9as du quotidien<br \/>\nLe Samsung Galaxy A16 est dot\u00e9 de la certification IP54, assurant une r\u00e9sistance renforc\u00e9e face \u00e0 certains \u00e9l\u00e9ments ext\u00e9rieurs. Cette certification offre une protection contre la poussi\u00e8re, bien qu\u2019elle ne soit pas totalement \u00e9tanche, emp\u00eachant ainsi les particules d\u2019endommager les composants internes. Concernant l\u2019eau, l\u2019appareil est con\u00e7u pour r\u00e9sister aux \u00e9claboussures, aux projections l\u00e9g\u00e8res ou \u00e0 une exposition mod\u00e9r\u00e9e, comme les gouttes de pluie. Toutefois, il est essentiel de souligner que cette certification ne garantit pas une protection contre une immersion compl\u00e8te dans l\u2019eau.<\/p>\n<p>&nbsp;<\/p>","protected":false},"excerpt":{"rendered":"<p>\u00c9cran<strong>\u00a06.7\u2033 Super Amoled\u00a0 FHD+ (2340x 1080px)\u00a0<\/strong>\u2013 Processeur:<strong>Octa-core<\/strong>\u00a0\u2013<strong>\u00a0<\/strong>Syst\u00e8me d\u2019exploitation:<strong>\u00a0Android\u00a0\u2013\u00a0<\/strong>M\u00e9moire RAM:\u00a0<strong>4Go\u00a0<\/strong>\u2013 Stockage:\u00a0<strong>128Go<\/strong>\u00a0\u2013 Appareil photo Arri\u00e8re:\u00a0<strong>Trio 50MP + 5MP + 2MP\u00a0<\/strong>\u2013\u00a0Appareil Photo Frontale:\u00a0<strong>13MP\u00a0<\/strong>\u2013 Connectivit\u00e9:\u00a0<strong>4G,\u00a0<\/strong>Wifi et Bluetooth 5.3 \u2013\u00a0Double SIM\u00a0\u2013\u00a0Capacite de la batterie:<strong>\u00a05000 mAh<\/strong><strong>\u00a0<\/strong>\u2013 Empreinte digitale \u2013 NFC<strong>\u00a0\u2013\u00a0<\/strong>Couleur: Vert d\u2019eau \u2013 Garantie: 1 an<\/p>","protected":false},"featured_media":8558,"template":"","meta":[],"product_cat":[230,229],"product_tag":[],"class_list":["post-8566","product","type-product","status-publish","has-post-thumbnail","hentry","product_cat-smartphone","product_cat-telephonie"],"_links":{"self":[{"href":"https:\/\/gmiinfo.com\/fr\/wp-json\/wp\/v2\/product\/8566","targetHints":{"allow":["GET"]}}],"collection":[{"href":"https:\/\/gmiinfo.com\/fr\/wp-json\/wp\/v2\/product"}],"about":[{"href":"https:\/\/gmiinfo.com\/fr\/wp-json\/wp\/v2\/types\/product"}],"wp:featuredmedia":[{"embeddable":true,"href":"https:\/\/gmiinfo.com\/fr\/wp-json\/wp\/v2\/media\/8558"}],"wp:attachment":[{"href":"https:\/\/gmiinfo.com\/fr\/wp-json\/wp\/v2\/media?parent=8566"}],"wp:term":[{"taxonomy":"product_cat","embeddable":true,"href":"https:\/\/gmiinfo.com\/fr\/wp-json\/wp\/v2\/product_cat?post=8566"},{"taxonomy":"product_tag","embeddable":true,"href":"https:\/\/gmiinfo.com\/fr\/wp-json\/wp\/v2\/product_tag?post=8566"}],"curies":[{"name":"wp","href":"https:\/\/api.w.org\/{rel}","templated":true}]}}