{"id":8495,"date":"2024-05-16T13:26:48","date_gmt":"2024-05-16T11:26:48","guid":{"rendered":"https:\/\/gmiinfo.com\/?post_type=product&#038;p=8495"},"modified":"2025-02-20T15:12:28","modified_gmt":"2025-02-20T14:12:28","slug":"xiaomi-smart-air-fryer-65l-black","status":"publish","type":"product","link":"https:\/\/gmiinfo.com\/fr\/produit\/xiaomi-smart-air-fryer-65l-black\/","title":{"rendered":"Xiaomi Smart Air Fryer 6,5l (black)"},"content":{"rendered":"<p>Friteuse Smart\u00a0<strong>Sans Huile<\/strong>\u00a0XIAOMI &#8211; Puissance:\u00a0<strong>1800 Watts\u00a0<\/strong>&#8211; Capacit\u00e9:\u00a0<strong>6.5 Litres\u00a0<\/strong>&#8211; Temp\u00e9rature R\u00e9glable:\u00a0<strong>de 40\u00b0 C jusqu&#8217;\u00e0 220\u00b0 C<\/strong>\u00a0&#8211; Chauffage par convection \u00e0\u00a0<strong>360\u00b0<\/strong>\u00a0pour une cuisson uniforme et sans retournement &#8211;\u00a0<strong>Fonction de d\u00e9graissage<\/strong>\u00a0d\u00e9di\u00e9e pour \u00e9liminer l&#8217;exc\u00e8s de graisse et d&#8217;huile &#8211;\u00a0<strong>\u00c9cran LCD\u00a0<\/strong>&#8211;\u00a0<strong>Contr\u00f4le intelligent<\/strong>: 100 recettes cloud \u00e0 une touche et plus encore &#8211;\u00a0<strong>Rev\u00eatement antiadh\u00e9sif:<\/strong>\u00a0Double couche PTFE \u00e0 base d&#8217;eau Nettoyage apr\u00e8s repas sans effort &#8211; Pause automatique lorsque le panier est retir\u00e9 &#8211; Grille de refroidissement arri\u00e8re &#8211; Coupl\u00e9 \u00e0 un grill exclusif &#8211; Couleur: Noir &#8211; Garantie: 1an<\/p>","protected":false},"excerpt":{"rendered":"<p>Friteuse Smart\u00a0<strong>Sans Huile<\/strong>\u00a0XIAOMI &#8211; Puissance:\u00a0<strong>1800 Watts\u00a0<\/strong>&#8211; Capacit\u00e9:\u00a0<strong>6.5 Litres\u00a0<\/strong>&#8211; Temp\u00e9rature R\u00e9glable:\u00a0<strong>de 40\u00b0 C jusqu&#8217;\u00e0 220\u00b0 C<\/strong>\u00a0&#8211; Chauffage par convection \u00e0\u00a0<strong>360\u00b0<\/strong>\u00a0pour une cuisson uniforme et sans retournement &#8211;\u00a0<strong>Fonction de d\u00e9graissage<\/strong>\u00a0d\u00e9di\u00e9e pour \u00e9liminer l&#8217;exc\u00e8s de graisse et d&#8217;huile &#8211;\u00a0<strong>\u00c9cran LCD\u00a0<\/strong>&#8211;\u00a0<strong>Contr\u00f4le intelligent<\/strong>: 100 recettes cloud \u00e0 une touche et plus encore &#8211;\u00a0<strong>Rev\u00eatement antiadh\u00e9sif:<\/strong>\u00a0Double couche PTFE \u00e0 base d&#8217;eau Nettoyage apr\u00e8s repas sans effort &#8211; Pause automatique lorsque le panier est retir\u00e9 &#8211; Grille de refroidissement arri\u00e8re &#8211; Coupl\u00e9 \u00e0 un grill exclusif &#8211; Couleur: Noir &#8211; Garantie: 1an<\/p>","protected":false},"featured_media":8496,"template":"","meta":[],"product_cat":[481],"product_tag":[],"class_list":["post-8495","product","type-product","status-publish","has-post-thumbnail","hentry","product_cat-air-fryer"],"_links":{"self":[{"href":"https:\/\/gmiinfo.com\/fr\/wp-json\/wp\/v2\/product\/8495","targetHints":{"allow":["GET"]}}],"collection":[{"href":"https:\/\/gmiinfo.com\/fr\/wp-json\/wp\/v2\/product"}],"about":[{"href":"https:\/\/gmiinfo.com\/fr\/wp-json\/wp\/v2\/types\/product"}],"wp:featuredmedia":[{"embeddable":true,"href":"https:\/\/gmiinfo.com\/fr\/wp-json\/wp\/v2\/media\/8496"}],"wp:attachment":[{"href":"https:\/\/gmiinfo.com\/fr\/wp-json\/wp\/v2\/media?parent=8495"}],"wp:term":[{"taxonomy":"product_cat","embeddable":true,"href":"https:\/\/gmiinfo.com\/fr\/wp-json\/wp\/v2\/product_cat?post=8495"},{"taxonomy":"product_tag","embeddable":true,"href":"https:\/\/gmiinfo.com\/fr\/wp-json\/wp\/v2\/product_tag?post=8495"}],"curies":[{"name":"wp","href":"https:\/\/api.w.org\/{rel}","templated":true}]}}