{"id":8443,"date":"2024-03-06T17:00:30","date_gmt":"2024-03-06T16:00:30","guid":{"rendered":"https:\/\/gmiinfo.com\/?post_type=product&#038;p=8443"},"modified":"2025-02-21T11:19:23","modified_gmt":"2025-02-21T10:19:23","slug":"jbl-casque-t520-bt","status":"publish","type":"product","link":"https:\/\/gmiinfo.com\/fr\/produit\/jbl-casque-t520-bt\/","title":{"rendered":"JBL Casque T520 BT"},"content":{"rendered":"<h2>Casque supra-auriculaire sans fil avec le son JBL Pure Bass.<\/h2>\n<p>Casque supra-auriculaire sans fil avec le son JBL Pure Bass<\/p>\n<p>Le casque JBL Tune 520BT diffuse en connexion sans fil le puissant son Pure Bass de JBL gr\u00e2ce \u00e0 la toute derni\u00e8re technologie Bluetooth 5.3. Simple d\u2019utilisation, ce casque fournit jusqu\u2019\u00e0 57 heures de pur plaisir, avec 3 heures d\u2019autonomie suppl\u00e9mentaires, obtenues en seulement 5 minutes de charge.<\/p>\n<p>L\u00e9ger et confortable m\u00eame apr\u00e8s des heures d\u2019\u00e9coute, le casque JBL Tune 520BT se replie \u00e0 plat dans votre sac \u00e0 dos pour vous suivre partout.<\/p>\n<p>Avec 6 mois de garantie<\/p>","protected":false},"excerpt":{"rendered":"<h2>Casque supra-auriculaire sans fil avec le son JBL Pure Bass.<\/h2>\n<p>Casque supra-auriculaire sans fil avec le son JBL Pure Bass<\/p>\n<p>Le casque JBL Tune 520BT diffuse en connexion sans fil le puissant son Pure Bass de JBL gr\u00e2ce \u00e0 la toute derni\u00e8re technologie Bluetooth 5.3. Simple d\u2019utilisation, ce casque fournit jusqu\u2019\u00e0 57 heures de pur plaisir, avec 3 heures d\u2019autonomie suppl\u00e9mentaires, obtenues en seulement 5 minutes de charge.<\/p>\n<p>L\u00e9ger et confortable m\u00eame apr\u00e8s des heures d\u2019\u00e9coute, le casque JBL Tune 520BT se replie \u00e0 plat dans votre sac \u00e0 dos pour vous suivre partout.<\/p>\n<p>Avec 6 mois de garantie<\/p>","protected":false},"featured_media":8452,"template":"","meta":[],"product_cat":[250],"product_tag":[],"class_list":["post-8443","product","type-product","status-publish","has-post-thumbnail","hentry","product_cat-casque-bluetooth"],"_links":{"self":[{"href":"https:\/\/gmiinfo.com\/fr\/wp-json\/wp\/v2\/product\/8443","targetHints":{"allow":["GET"]}}],"collection":[{"href":"https:\/\/gmiinfo.com\/fr\/wp-json\/wp\/v2\/product"}],"about":[{"href":"https:\/\/gmiinfo.com\/fr\/wp-json\/wp\/v2\/types\/product"}],"wp:featuredmedia":[{"embeddable":true,"href":"https:\/\/gmiinfo.com\/fr\/wp-json\/wp\/v2\/media\/8452"}],"wp:attachment":[{"href":"https:\/\/gmiinfo.com\/fr\/wp-json\/wp\/v2\/media?parent=8443"}],"wp:term":[{"taxonomy":"product_cat","embeddable":true,"href":"https:\/\/gmiinfo.com\/fr\/wp-json\/wp\/v2\/product_cat?post=8443"},{"taxonomy":"product_tag","embeddable":true,"href":"https:\/\/gmiinfo.com\/fr\/wp-json\/wp\/v2\/product_tag?post=8443"}],"curies":[{"name":"wp","href":"https:\/\/api.w.org\/{rel}","templated":true}]}}