{"id":8425,"date":"2024-03-06T16:21:50","date_gmt":"2024-03-06T15:21:50","guid":{"rendered":"https:\/\/gmiinfo.com\/?post_type=product&#038;p=8425"},"modified":"2024-03-06T16:21:51","modified_gmt":"2024-03-06T15:21:51","slug":"casque-bluetooth-guess","status":"publish","type":"product","link":"https:\/\/gmiinfo.com\/fr\/produit\/casque-bluetooth-guess\/","title":{"rendered":"Casque Bluetooth Guess\u00a0"},"content":{"rendered":"<p>Casque Bluetooth Guess<br \/>\n*Ce Casque Guess en PU 4G Metal<br \/>\nLogo avec port de chargement USB<br \/>\nC!<br \/>\n*Design original avec des d\u00e9tails<br \/>\nm\u00e9talliques. Profitez d&#8217;\u00e9couter votre<br \/>\nmusique ou vos podcasts pr\u00e9f\u00e9r\u00e9s<br \/>\ntout au long de la journ\u00e9e! Durer<br \/>\njusqu&#8217;\u00e0 : 32 heures avec une seule<br \/>\ncharge.<br \/>\nGr\u00e2ce \u00e0 la pr\u00e9sence d&#8217;un port USB-C,<br \/>\nils peuvent \u00eatre charg\u00e9s en seulement<br \/>\n2 heures.<br \/>\nUn son riche et \u00e9quilibr\u00e9 avec une<br \/>\nr\u00e9ponse en fr\u00e9quence de 20 Hz \u00e0 20<br \/>\nkHz.<br \/>\nla technologie Bluetooth 5.3 pour une<br \/>\ntransmission claire garantiront une<br \/>\nexp\u00e9rience exceptionnelle.<\/p>","protected":false},"excerpt":{"rendered":"<p>Casque Bluetooth Guess<br \/>\n*Ce Casque Guess en PU 4G Metal<br \/>\nLogo avec port de chargement USB<br \/>\nC!<br \/>\n*Design original avec des d\u00e9tails<br \/>\nm\u00e9talliques. Profitez d&#8217;\u00e9couter votre<br \/>\nmusique ou vos podcasts pr\u00e9f\u00e9r\u00e9s<br \/>\ntout au long de la journ\u00e9e! Durer<br \/>\njusqu&#8217;\u00e0 : 32 heures avec une seule<br \/>\ncharge.<br \/>\nGr\u00e2ce \u00e0 la pr\u00e9sence d&#8217;un port USB-C,<br \/>\nils peuvent \u00eatre charg\u00e9s en seulement<br \/>\n2 heures.<br \/>\nUn son riche et \u00e9quilibr\u00e9 avec une<br \/>\nr\u00e9ponse en fr\u00e9quence de 20 Hz \u00e0 20<br \/>\nkHz.<br \/>\nla technologie Bluetooth 5.3 pour une<br \/>\ntransmission claire garantiront une<br \/>\nexp\u00e9rience exceptionnelle.<\/p>","protected":false},"featured_media":8430,"template":"","meta":[],"product_cat":[250],"product_tag":[],"class_list":["post-8425","product","type-product","status-publish","has-post-thumbnail","hentry","product_cat-casque-bluetooth"],"_links":{"self":[{"href":"https:\/\/gmiinfo.com\/fr\/wp-json\/wp\/v2\/product\/8425","targetHints":{"allow":["GET"]}}],"collection":[{"href":"https:\/\/gmiinfo.com\/fr\/wp-json\/wp\/v2\/product"}],"about":[{"href":"https:\/\/gmiinfo.com\/fr\/wp-json\/wp\/v2\/types\/product"}],"wp:featuredmedia":[{"embeddable":true,"href":"https:\/\/gmiinfo.com\/fr\/wp-json\/wp\/v2\/media\/8430"}],"wp:attachment":[{"href":"https:\/\/gmiinfo.com\/fr\/wp-json\/wp\/v2\/media?parent=8425"}],"wp:term":[{"taxonomy":"product_cat","embeddable":true,"href":"https:\/\/gmiinfo.com\/fr\/wp-json\/wp\/v2\/product_cat?post=8425"},{"taxonomy":"product_tag","embeddable":true,"href":"https:\/\/gmiinfo.com\/fr\/wp-json\/wp\/v2\/product_tag?post=8425"}],"curies":[{"name":"wp","href":"https:\/\/api.w.org\/{rel}","templated":true}]}}