{"id":8215,"date":"2023-12-19T14:32:39","date_gmt":"2023-12-19T13:32:39","guid":{"rendered":"https:\/\/gmiinfo.com\/?post_type=product&#038;p=8215"},"modified":"2025-02-22T13:14:33","modified_gmt":"2025-02-22T12:14:33","slug":"casque-bluetooth-haylou-s35","status":"publish","type":"product","link":"https:\/\/gmiinfo.com\/fr\/produit\/casque-bluetooth-haylou-s35\/","title":{"rendered":"CASQUE BLUETOOTH HAYLOU S35"},"content":{"rendered":"<p data-sourcepos=\"1:1-1:233\">Le casque Bluetooth Haylou S35 ANC est un casque supra-auriculaire avec suppression active du bruit (ANC). Il offre une exp\u00e9rience audio immersive et confortable, que vous soyez en train de voyager, de travailler ou de vous d\u00e9tendre.<\/p>\n<p data-sourcepos=\"3:1-3:33\"><strong>Caract\u00e9ristiques principales:<\/strong><\/p>\n<ul data-sourcepos=\"5:1-8:0\">\n<li data-sourcepos=\"5:1-5:297\"><strong>Suppression active du bruit (ANC) de 42 dB:<\/strong>\u00a0Le casque Haylou S35 ANC utilise la technologie ANC pour bloquer les bruits environnants, tels que le bruit du trafic, les conversations et les machines. Vous pouvez ainsi profiter de votre musique ou de vos appels t\u00e9l\u00e9phoniques sans \u00eatre d\u00e9rang\u00e9.<\/li>\n<li data-sourcepos=\"6:1-6:213\"><strong>Son Hi-Res Audio:<\/strong>\u00a0Le casque Haylou S35 ANC est \u00e9quip\u00e9 de transducteurs dynamiques de 40 mm qui offrent un son riche et d\u00e9taill\u00e9. Vous pouvez profiter de votre musique pr\u00e9f\u00e9r\u00e9e avec une clart\u00e9 exceptionnelle.<\/li>\n<li data-sourcepos=\"7:1-8:0\"><strong>Confort d\u2019utilisation:<\/strong>\u00a0Les coussinets d\u2019oreilles du casque Haylou S35 ANC sont doux et a\u00e9r\u00e9s, ce qui les rend confortables \u00e0 porter pendant de longues p\u00e9riodes. Le casque est \u00e9galement pliable, ce qui le rend facile \u00e0 transporter.<\/li>\n<\/ul>\n<p data-sourcepos=\"9:1-9:30\"><strong>Sp\u00e9cifications techniques:<\/strong><\/p>\n<ul data-sourcepos=\"11:1-18:0\">\n<li data-sourcepos=\"11:1-11:28\"><strong>Version Bluetooth:<\/strong>\u00a05.2<\/li>\n<li data-sourcepos=\"12:1-12:41\"><strong>Plage de fr\u00e9quences:<\/strong>\u00a020 Hz \u2013 20 kHz<\/li>\n<li data-sourcepos=\"13:1-13:42\"><strong>R\u00e9ponse en fr\u00e9quence:<\/strong>\u00a020 Hz \u2013 20 kHz<\/li>\n<li data-sourcepos=\"14:1-14:30\"><strong>Sensibilit\u00e9:<\/strong>\u00a0100dB \u00b1 3dB<\/li>\n<li data-sourcepos=\"15:1-15:20\"><strong>Imp\u00e9dance:<\/strong>\u00a032\u03a9<\/li>\n<li data-sourcepos=\"16:1-16:18\"><strong>Poids:<\/strong>\u00a0290 g<\/li>\n<li data-sourcepos=\"17:1-18:0\"><strong>Autonomie de la batterie:<\/strong>\u00a060 heures (ANC activ\u00e9) \/ 70 heures (ANC d\u00e9sactiv\u00e9)<\/li>\n<\/ul>","protected":false},"excerpt":{"rendered":"<p data-sourcepos=\"1:1-1:233\">Le casque Bluetooth Haylou S35 ANC est un casque supra-auriculaire avec suppression active du bruit (ANC). Il offre une exp\u00e9rience audio immersive et confortable, que vous soyez en train de voyager, de travailler ou de vous d\u00e9tendre.<\/p>\n<p data-sourcepos=\"3:1-3:33\"><strong>Caract\u00e9ristiques principales:<\/strong><\/p>\n<ul data-sourcepos=\"5:1-8:0\">\n<li data-sourcepos=\"5:1-5:297\"><strong>Suppression active du bruit (ANC) de 42 dB:<\/strong>\u00a0Le casque Haylou S35 ANC utilise la technologie ANC pour bloquer les bruits environnants, tels que le bruit du trafic, les conversations et les machines. Vous pouvez ainsi profiter de votre musique ou de vos appels t\u00e9l\u00e9phoniques sans \u00eatre d\u00e9rang\u00e9.<\/li>\n<li data-sourcepos=\"6:1-6:213\"><strong>Son Hi-Res Audio:<\/strong>\u00a0Le casque Haylou S35 ANC est \u00e9quip\u00e9 de transducteurs dynamiques de 40 mm qui offrent un son riche et d\u00e9taill\u00e9. Vous pouvez profiter de votre musique pr\u00e9f\u00e9r\u00e9e avec une clart\u00e9 exceptionnelle.<\/li>\n<li data-sourcepos=\"7:1-8:0\"><strong>Confort d\u2019utilisation:<\/strong>\u00a0Les coussinets d\u2019oreilles du casque Haylou S35 ANC sont doux et a\u00e9r\u00e9s, ce qui les rend confortables \u00e0 porter pendant de longues p\u00e9riodes. Le casque est \u00e9galement pliable, ce qui le rend facile \u00e0 transporter.<\/li>\n<\/ul>\n<p data-sourcepos=\"9:1-9:30\"><strong>Sp\u00e9cifications techniques:<\/strong><\/p>\n<ul data-sourcepos=\"11:1-18:0\">\n<li data-sourcepos=\"11:1-11:28\"><strong>Version Bluetooth:<\/strong>\u00a05.2<\/li>\n<li data-sourcepos=\"12:1-12:41\"><strong>Plage de fr\u00e9quences:<\/strong>\u00a020 Hz \u2013 20 kHz<\/li>\n<li data-sourcepos=\"13:1-13:42\"><strong>R\u00e9ponse en fr\u00e9quence:<\/strong>\u00a020 Hz \u2013 20 kHz<\/li>\n<li data-sourcepos=\"14:1-14:30\"><strong>Sensibilit\u00e9:<\/strong>\u00a0100dB \u00b1 3dB<\/li>\n<li data-sourcepos=\"15:1-15:20\"><strong>Imp\u00e9dance:<\/strong>\u00a032\u03a9<\/li>\n<li data-sourcepos=\"16:1-16:18\"><strong>Poids:<\/strong>\u00a0290 g<\/li>\n<li data-sourcepos=\"17:1-18:0\"><strong>Autonomie de la batterie:<\/strong>\u00a060 heures (ANC activ\u00e9) \/ 70 heures (ANC d\u00e9sactiv\u00e9)<\/li>\n<\/ul>","protected":false},"featured_media":8216,"template":"","meta":[],"product_cat":[250,243],"product_tag":[],"class_list":["post-8215","product","type-product","status-publish","has-post-thumbnail","hentry","product_cat-casque-bluetooth","product_cat-gadget"],"_links":{"self":[{"href":"https:\/\/gmiinfo.com\/fr\/wp-json\/wp\/v2\/product\/8215","targetHints":{"allow":["GET"]}}],"collection":[{"href":"https:\/\/gmiinfo.com\/fr\/wp-json\/wp\/v2\/product"}],"about":[{"href":"https:\/\/gmiinfo.com\/fr\/wp-json\/wp\/v2\/types\/product"}],"wp:featuredmedia":[{"embeddable":true,"href":"https:\/\/gmiinfo.com\/fr\/wp-json\/wp\/v2\/media\/8216"}],"wp:attachment":[{"href":"https:\/\/gmiinfo.com\/fr\/wp-json\/wp\/v2\/media?parent=8215"}],"wp:term":[{"taxonomy":"product_cat","embeddable":true,"href":"https:\/\/gmiinfo.com\/fr\/wp-json\/wp\/v2\/product_cat?post=8215"},{"taxonomy":"product_tag","embeddable":true,"href":"https:\/\/gmiinfo.com\/fr\/wp-json\/wp\/v2\/product_tag?post=8215"}],"curies":[{"name":"wp","href":"https:\/\/api.w.org\/{rel}","templated":true}]}}