{"id":8173,"date":"2023-12-06T17:17:32","date_gmt":"2023-12-06T16:17:32","guid":{"rendered":"https:\/\/gmiinfo.com\/?post_type=product&#038;p=8173"},"modified":"2023-12-06T17:17:50","modified_gmt":"2023-12-06T16:17:50","slug":"casque-sans-fil-bluetooth-5-3-400mah-carte-tf-hoco-w35","status":"publish","type":"product","link":"https:\/\/gmiinfo.com\/fr\/produit\/casque-sans-fil-bluetooth-5-3-400mah-carte-tf-hoco-w35\/","title":{"rendered":"Casque Sans Fil Bluetooth 5.3 400mAh Carte TF Hoco W35"},"content":{"rendered":"<ul>\n<li>Bluetooth 5.3 : Offre une connexion sans fil stable et rapide, am\u00e9liorant la qualit\u00e9 audio et la port\u00e9e.<\/li>\n<li>Batterie de 400mAh : Fournit une autonomie prolong\u00e9e pour des heures d\u2019\u00e9coute ininterrompue.<\/li>\n<li>Prise en Charge des Cartes TF : Permet la lecture de musique directement depuis une carte m\u00e9moire, offrant une alternative au smartphone.<\/li>\n<li>Design Ergonomique : Assure un port confortable, adapt\u00e9 \u00e0 une utilisation prolong\u00e9e.<\/li>\n<li>Commandes Intuitives : Facilitent l\u2019ajustement du volume, le changement de piste et les appels mains libres, offrant une exp\u00e9rience d\u2019utilisation conviviale.<\/li>\n<\/ul>","protected":false},"excerpt":{"rendered":"<ul>\n<li>Bluetooth 5.3 : Offre une connexion sans fil stable et rapide, am\u00e9liorant la qualit\u00e9 audio et la port\u00e9e.<\/li>\n<li>Batterie de 400mAh : Fournit une autonomie prolong\u00e9e pour des heures d\u2019\u00e9coute ininterrompue.<\/li>\n<li>Prise en Charge des Cartes TF : Permet la lecture de musique directement depuis une carte m\u00e9moire, offrant une alternative au smartphone.<\/li>\n<li>Design Ergonomique : Assure un port confortable, adapt\u00e9 \u00e0 une utilisation prolong\u00e9e.<\/li>\n<li>Commandes Intuitives : Facilitent l\u2019ajustement du volume, le changement de piste et les appels mains libres, offrant une exp\u00e9rience d\u2019utilisation conviviale.<\/li>\n<\/ul>","protected":false},"featured_media":8178,"template":"","meta":[],"product_cat":[250],"product_tag":[],"class_list":["post-8173","product","type-product","status-publish","has-post-thumbnail","hentry","product_cat-casque-bluetooth"],"_links":{"self":[{"href":"https:\/\/gmiinfo.com\/fr\/wp-json\/wp\/v2\/product\/8173","targetHints":{"allow":["GET"]}}],"collection":[{"href":"https:\/\/gmiinfo.com\/fr\/wp-json\/wp\/v2\/product"}],"about":[{"href":"https:\/\/gmiinfo.com\/fr\/wp-json\/wp\/v2\/types\/product"}],"wp:featuredmedia":[{"embeddable":true,"href":"https:\/\/gmiinfo.com\/fr\/wp-json\/wp\/v2\/media\/8178"}],"wp:attachment":[{"href":"https:\/\/gmiinfo.com\/fr\/wp-json\/wp\/v2\/media?parent=8173"}],"wp:term":[{"taxonomy":"product_cat","embeddable":true,"href":"https:\/\/gmiinfo.com\/fr\/wp-json\/wp\/v2\/product_cat?post=8173"},{"taxonomy":"product_tag","embeddable":true,"href":"https:\/\/gmiinfo.com\/fr\/wp-json\/wp\/v2\/product_tag?post=8173"}],"curies":[{"name":"wp","href":"https:\/\/api.w.org\/{rel}","templated":true}]}}