{"id":8033,"date":"2023-11-28T12:12:20","date_gmt":"2023-11-28T11:12:20","guid":{"rendered":"https:\/\/gmiinfo.com\/?post_type=product&#038;p=8033"},"modified":"2023-11-28T12:49:40","modified_gmt":"2023-11-28T11:49:40","slug":"ecouteurs-sans-fil-inkax-t02-pro-bluetooth-blanc","status":"publish","type":"product","link":"https:\/\/gmiinfo.com\/fr\/produit\/ecouteurs-sans-fil-inkax-t02-pro-bluetooth-blanc\/","title":{"rendered":"\u00c9COUTEURS SANS FIL INKAX T02 PRO BLUETOOTH &#8211; BLANC"},"content":{"rendered":"<p>\u00c9couteurs Bluetooth INKAX T02 Pro &#8211; Technologie de connectivit\u00e9:\u00a0<strong>Bluetooth 5.3<\/strong>\u00a0&#8211; Distance de fonctionnement: 10m &#8211; Capacit\u00e9 de batterie:\u00a0<strong>30mAh (ecouteur), 300mAh (boitier de charge)\u00a0<\/strong>&#8211; Autonomie en veille:\u00a0<strong>60h\u00a0<\/strong>, en conversation:\u00a0<strong>environ 4 heures<\/strong>\u00a0&#8211; Temps de charge: environ 2 heures &#8211;\u00a0<strong>Mode mono-auriculaire binaural<\/strong>\u00a0: les deux \u00e9couteurs peuvent fonctionner ensemble ou s\u00e9par\u00e9ment pour deux personnes et se connecter \u00e0 diff\u00e9rents appareils Bluetooth &#8211; Couleur Blanc &#8211; Garantie 1 an<\/p>","protected":false},"excerpt":{"rendered":"<p>\u00c9couteurs Bluetooth INKAX T02 Pro &#8211; Technologie de connectivit\u00e9:\u00a0Bluetooth 5.3\u00a0&#8211; Distance de fonctionnement: 10m &#8211; Capacit\u00e9 de batterie:\u00a030mAh (ecouteur), 300mAh (boitier de charge)\u00a0&#8211; Autonomie en veille:\u00a060h\u00a0, en conversation:\u00a0environ 4 heures\u00a0&#8211;<\/p>","protected":false},"featured_media":8034,"template":"","meta":[],"product_cat":[421],"product_tag":[],"class_list":["post-8033","product","type-product","status-publish","has-post-thumbnail","hentry","product_cat-airpods-bluetooth"],"_links":{"self":[{"href":"https:\/\/gmiinfo.com\/fr\/wp-json\/wp\/v2\/product\/8033","targetHints":{"allow":["GET"]}}],"collection":[{"href":"https:\/\/gmiinfo.com\/fr\/wp-json\/wp\/v2\/product"}],"about":[{"href":"https:\/\/gmiinfo.com\/fr\/wp-json\/wp\/v2\/types\/product"}],"wp:featuredmedia":[{"embeddable":true,"href":"https:\/\/gmiinfo.com\/fr\/wp-json\/wp\/v2\/media\/8034"}],"wp:attachment":[{"href":"https:\/\/gmiinfo.com\/fr\/wp-json\/wp\/v2\/media?parent=8033"}],"wp:term":[{"taxonomy":"product_cat","embeddable":true,"href":"https:\/\/gmiinfo.com\/fr\/wp-json\/wp\/v2\/product_cat?post=8033"},{"taxonomy":"product_tag","embeddable":true,"href":"https:\/\/gmiinfo.com\/fr\/wp-json\/wp\/v2\/product_tag?post=8033"}],"curies":[{"name":"wp","href":"https:\/\/api.w.org\/{rel}","templated":true}]}}