{"id":7727,"date":"2023-08-31T11:55:35","date_gmt":"2023-08-31T09:55:35","guid":{"rendered":"https:\/\/gmiinfo.com\/?post_type=product&#038;p=7727"},"modified":"2023-08-31T11:55:36","modified_gmt":"2023-08-31T09:55:36","slug":"havit-souris-optique-usb-hv-ms753","status":"publish","type":"product","link":"https:\/\/gmiinfo.com\/fr\/produit\/havit-souris-optique-usb-hv-ms753\/","title":{"rendered":"Havit Souris optique &#8211; Usb HV-MS753"},"content":{"rendered":"<p><b>La souris optique<\/b>\u00a0HAVIT HV-MS753\u00a0a un design compact et facile \u00e0 g\u00e9rer, son design ergonomique assure l&#8217;utilisation \u00e0 la fois par la main gauche ou la main droite selon sa lat\u00e9ralit\u00e9. il est petit durable et pratique \u00e0 transporter avec des boutons confortables et des molettes de d\u00e9filement Il a plus de 3 millions de fois la vie de la cl\u00e9 avec un moteur optique de haute d\u00e9finition qui fournit un contr\u00f4le du curseur plus lisse et pr\u00e9cis<\/p>","protected":false},"excerpt":{"rendered":"<ul>\n<li>Dur\u00e9e de vie des cl\u00e9s: 3 000 000 fois<\/li>\n<li>R\u00e9solution: 1000 DPI<\/li>\n<li>Tension de fonctionnement: 5V<\/li>\n<li>Nouveau produit de haute qualit\u00e9<\/li>\n<li>Longueur de c\u00e2ble: 1.35m<\/li>\n<li class=\"-pvxs\"><span class=\"-b\">SKU<\/span>: HA202EL0T79WSNAFAMZ<\/li>\n<li class=\"-pvxs\"><span class=\"-b\">Mod\u00e8le<\/span>: MS753<\/li>\n<li class=\"-pvxs\"><span class=\"-b\">Taille (Longueur x Largeur x Hauteur cm)<\/span>: 102*62*38mm<\/li>\n<li class=\"-pvxs\"><span class=\"-b\">Poids (kg)<\/span>: 0.2<\/li>\n<li class=\"-pvxs\"><span class=\"-b\">Couleur<\/span>: noir&amp;Rouge<\/li>\n<li><\/li>\n<\/ul>","protected":false},"featured_media":7730,"template":"","meta":[],"product_cat":[415,445],"product_tag":[],"class_list":["post-7727","product","type-product","status-publish","has-post-thumbnail","hentry","product_cat-accessoires-gaming","product_cat-souris"],"_links":{"self":[{"href":"https:\/\/gmiinfo.com\/fr\/wp-json\/wp\/v2\/product\/7727","targetHints":{"allow":["GET"]}}],"collection":[{"href":"https:\/\/gmiinfo.com\/fr\/wp-json\/wp\/v2\/product"}],"about":[{"href":"https:\/\/gmiinfo.com\/fr\/wp-json\/wp\/v2\/types\/product"}],"wp:featuredmedia":[{"embeddable":true,"href":"https:\/\/gmiinfo.com\/fr\/wp-json\/wp\/v2\/media\/7730"}],"wp:attachment":[{"href":"https:\/\/gmiinfo.com\/fr\/wp-json\/wp\/v2\/media?parent=7727"}],"wp:term":[{"taxonomy":"product_cat","embeddable":true,"href":"https:\/\/gmiinfo.com\/fr\/wp-json\/wp\/v2\/product_cat?post=7727"},{"taxonomy":"product_tag","embeddable":true,"href":"https:\/\/gmiinfo.com\/fr\/wp-json\/wp\/v2\/product_tag?post=7727"}],"curies":[{"name":"wp","href":"https:\/\/api.w.org\/{rel}","templated":true}]}}