{"id":7651,"date":"2023-05-15T18:25:48","date_gmt":"2023-05-15T16:25:48","guid":{"rendered":"https:\/\/gmiinfo.com\/?post_type=product&#038;p=7651"},"modified":"2023-05-15T18:25:49","modified_gmt":"2023-05-15T16:25:49","slug":"hoco-type-c-hub-hb14-easy-use-usb3-0hdmipd","status":"publish","type":"product","link":"https:\/\/gmiinfo.com\/fr\/produit\/hoco-type-c-hub-hb14-easy-use-usb3-0hdmipd\/","title":{"rendered":"Hoco Type-C hub \u201cHB14 Easy use\u201d USB3.0+HDMI+PD"},"content":{"rendered":"<h1>HB14 Convertisseur,\u00a0hub facile \u00e0 utiliser Type-C vers USB3.0 + HDMI + PD compatible avec la plupart des syst\u00e8mes d&#8217;exploitation<\/h1>\n<h1>1. Mat\u00e9riau : alliage d&#8217;aluminium, bo\u00eetier ABS.<\/h1>\n<h1>2. Tailles : 59,1 * 53,7 * 12,4 mm. Longueur du c\u00e2ble : 150 mm. Poids : 45g.<\/h1>\n<h1>3. Interface : Type-C m\u00e2le vers USB3.0 femelle, HDMI, Type-C (PD).<\/h1>\n<h1>4. Prise femelle de type C (uniquement alimentation unidirectionnelle): prend en charge PD2.0, tension de fonctionnement \/ courant 5V-20V \/ 3A, puissance de sortie maximale 67W.<\/h1>\n<h1>Prise USB femelle : USB3.0 prend en charge un maximum de 0,75 A.<\/h1>\n<h1>5. Pour les ordinateurs portables avec interface Type-C, d\u00e9veloppez les interfaces Type-C, USB et HDMI (connectez le projecteur ou le t\u00e9l\u00e9viseur HD).<\/h1>\n<h1>6. Compatible avec la plupart des syst\u00e8mes d&#8217;exploitation, tels que Windows et Mac OS.<\/h1>","protected":false},"excerpt":{"rendered":"<ul>\n<li>Marque : HOCO<\/li>\n<li>HB14 Convertisseur de moyeu facile \u00e0 utiliser<\/li>\n<li>Type-C vers USB3.0 + HDMI + PD<\/li>\n<li>compatible avec la plupart des syst\u00e8mes d&#8217;exploitation.<\/li>\n<li>Conception l\u00e9g\u00e8re<\/li>\n<\/ul>","protected":false},"featured_media":7652,"template":"","meta":[],"product_cat":[446],"product_tag":[],"class_list":["post-7651","product","type-product","status-publish","has-post-thumbnail","hentry","product_cat-adaptateurs"],"_links":{"self":[{"href":"https:\/\/gmiinfo.com\/fr\/wp-json\/wp\/v2\/product\/7651","targetHints":{"allow":["GET"]}}],"collection":[{"href":"https:\/\/gmiinfo.com\/fr\/wp-json\/wp\/v2\/product"}],"about":[{"href":"https:\/\/gmiinfo.com\/fr\/wp-json\/wp\/v2\/types\/product"}],"wp:featuredmedia":[{"embeddable":true,"href":"https:\/\/gmiinfo.com\/fr\/wp-json\/wp\/v2\/media\/7652"}],"wp:attachment":[{"href":"https:\/\/gmiinfo.com\/fr\/wp-json\/wp\/v2\/media?parent=7651"}],"wp:term":[{"taxonomy":"product_cat","embeddable":true,"href":"https:\/\/gmiinfo.com\/fr\/wp-json\/wp\/v2\/product_cat?post=7651"},{"taxonomy":"product_tag","embeddable":true,"href":"https:\/\/gmiinfo.com\/fr\/wp-json\/wp\/v2\/product_tag?post=7651"}],"curies":[{"name":"wp","href":"https:\/\/api.w.org\/{rel}","templated":true}]}}