{"id":7373,"date":"2022-04-15T12:37:01","date_gmt":"2022-04-15T10:37:01","guid":{"rendered":"https:\/\/gmiinfo.com\/?post_type=product&#038;p=7373"},"modified":"2022-04-15T12:37:01","modified_gmt":"2022-04-15T10:37:01","slug":"mini-clavier-bluetooth-noir","status":"publish","type":"product","link":"https:\/\/gmiinfo.com\/fr\/produit\/mini-clavier-bluetooth-noir\/","title":{"rendered":"Mini Clavier Bluetooth &#8211; Noir"},"content":{"rendered":"<p><strong>Mini<\/strong>\u00a0clavier bluetoothCaract\u00e9ristiques:<\/p>\n<p>92 touches, 2.4 GHz sans fil Clavier avec Touchpad.<\/p>\n<p>Touchpad DPI r\u00e9glable fonctions.<\/p>\n<p>Construit-en haute intelligent sensible touchpad avec 360-degr\u00e9 flip conception.<\/p>\n<p>Mini clavier avec touches de contr\u00f4le multim\u00e9dia et PC de contr\u00f4le du jeu.<\/p>\n<p>Auto sommeil et r\u00e9veil automatique mode.<\/p>\n<p>Forme innovante, protable, \u00e9l\u00e9gant.<\/p>\n<p>la conception Ergonomique de poche est facile \u00e0 transporter et \u00e0 utiliser.<\/p>\n<p>Construire-dans la batterie Li-ion rechargeable amovible qui a de temps d&#8217;attente.<\/p>\n<p>Parfait pour PC, Pad, Andriod TV Box, Google TV Box, Xbox360, PS3, HTPC\/<\/p>","protected":false},"excerpt":{"rendered":"<ul>\n<li>Mini clavier bluetoothCaract\u00e9ristiques:<\/li>\n<li>92 touches, 2.4 GHz sans fil Clavier avec Touchpad.<\/li>\n<li>Touchpad DPI r\u00e9glable fonctions.<\/li>\n<li>Construit-en haute intelligent sensible touchpad avec 360-degr\u00e9 flip conception.<\/li>\n<li>Mini clavier avec touches de contr\u00f4le multim\u00e9dia et PC de contr\u00f4le du jeu.<\/li>\n<li>Auto sommeil et r\u00e9veil automatique mode.<\/li>\n<li>Forme innovante, protable, \u00e9l\u00e9gant.<\/li>\n<li>la conception Ergonomique de poche est facile \u00e0 transporter et \u00e0 utiliser.<\/li>\n<li>Construire-dans la batterie Li-ion rechargeable amovible qui a de temps d&#8217;attente.<\/li>\n<li>Parfait pour PC, Pad, Andriod TV Box, Google TV Box, Xbox360, PS3, HTPC\/<\/li>\n<\/ul>","protected":false},"featured_media":7374,"template":"","meta":[],"product_cat":[415],"product_tag":[],"class_list":["post-7373","product","type-product","status-publish","has-post-thumbnail","hentry","product_cat-accessoires-gaming"],"_links":{"self":[{"href":"https:\/\/gmiinfo.com\/fr\/wp-json\/wp\/v2\/product\/7373","targetHints":{"allow":["GET"]}}],"collection":[{"href":"https:\/\/gmiinfo.com\/fr\/wp-json\/wp\/v2\/product"}],"about":[{"href":"https:\/\/gmiinfo.com\/fr\/wp-json\/wp\/v2\/types\/product"}],"wp:featuredmedia":[{"embeddable":true,"href":"https:\/\/gmiinfo.com\/fr\/wp-json\/wp\/v2\/media\/7374"}],"wp:attachment":[{"href":"https:\/\/gmiinfo.com\/fr\/wp-json\/wp\/v2\/media?parent=7373"}],"wp:term":[{"taxonomy":"product_cat","embeddable":true,"href":"https:\/\/gmiinfo.com\/fr\/wp-json\/wp\/v2\/product_cat?post=7373"},{"taxonomy":"product_tag","embeddable":true,"href":"https:\/\/gmiinfo.com\/fr\/wp-json\/wp\/v2\/product_tag?post=7373"}],"curies":[{"name":"wp","href":"https:\/\/api.w.org\/{rel}","templated":true}]}}