{"id":7368,"date":"2022-04-15T12:29:02","date_gmt":"2022-04-15T10:29:02","guid":{"rendered":"https:\/\/gmiinfo.com\/?post_type=product&#038;p=7368"},"modified":"2022-04-15T12:29:03","modified_gmt":"2022-04-15T10:29:03","slug":"anti-casse-tablette","status":"publish","type":"product","link":"https:\/\/gmiinfo.com\/fr\/produit\/anti-casse-tablette\/","title":{"rendered":"Anti Casse Tablette"},"content":{"rendered":"","protected":false},"excerpt":{"rendered":"<p>Prot\u00e9gez votre iPad avec les verres de protection MW ! Cette protection d\u2019\u00e9cran en verre tremp\u00e9, fabriqu\u00e9 au Japon, prot\u00e8gera votre iPad des chutes malencontreuses, des rayures et de l\u2019usure du temps. Ultra-r\u00e9sistant, le Glass Basic est la solution id\u00e9ale pour vous accompagner au quotidien.<\/p>","protected":false},"featured_media":7369,"template":"","meta":[],"product_cat":[452],"product_tag":[],"class_list":["post-7368","product","type-product","status-publish","has-post-thumbnail","hentry","product_cat-film-de-protection"],"_links":{"self":[{"href":"https:\/\/gmiinfo.com\/fr\/wp-json\/wp\/v2\/product\/7368","targetHints":{"allow":["GET"]}}],"collection":[{"href":"https:\/\/gmiinfo.com\/fr\/wp-json\/wp\/v2\/product"}],"about":[{"href":"https:\/\/gmiinfo.com\/fr\/wp-json\/wp\/v2\/types\/product"}],"wp:featuredmedia":[{"embeddable":true,"href":"https:\/\/gmiinfo.com\/fr\/wp-json\/wp\/v2\/media\/7369"}],"wp:attachment":[{"href":"https:\/\/gmiinfo.com\/fr\/wp-json\/wp\/v2\/media?parent=7368"}],"wp:term":[{"taxonomy":"product_cat","embeddable":true,"href":"https:\/\/gmiinfo.com\/fr\/wp-json\/wp\/v2\/product_cat?post=7368"},{"taxonomy":"product_tag","embeddable":true,"href":"https:\/\/gmiinfo.com\/fr\/wp-json\/wp\/v2\/product_tag?post=7368"}],"curies":[{"name":"wp","href":"https:\/\/api.w.org\/{rel}","templated":true}]}}