{"id":7361,"date":"2022-04-15T12:18:21","date_gmt":"2022-04-15T10:18:21","guid":{"rendered":"https:\/\/gmiinfo.com\/?post_type=product&#038;p=7361"},"modified":"2022-04-15T12:18:22","modified_gmt":"2022-04-15T10:18:22","slug":"anti-casse-polymer-samsung-s21-ultra","status":"publish","type":"product","link":"https:\/\/gmiinfo.com\/fr\/produit\/anti-casse-polymer-samsung-s21-ultra\/","title":{"rendered":"Anti Casse Polymer Samsung S21 Ultra"},"content":{"rendered":"","protected":false},"excerpt":{"rendered":"<p>Polym\u00e8re nano protecteur d&#8217;\u00e9cran de la marque vshop pour Samsung Galaxy s10 plus fait de mat\u00e9riel compos\u00e9 de nano-polym\u00e8re de polym\u00e8re, transmittance l\u00e9g\u00e8re de plus de 90%, r\u00e9sistance aux chocs \u00e0 la duret\u00e9 de 9H, peut r\u00e9sister \u00e0 rayures et frottement. Pleine colle s&#8217;adapte \u00e0 l&#8217;\u00e9cran, sensible au toucher, pas de bulles, pas de bords blancs, conception antipoussi\u00e8re, nettoyage quotidien pratique autour de l&#8217;\u00e9cran.<\/p>","protected":false},"featured_media":7362,"template":"","meta":[],"product_cat":[241,452],"product_tag":[],"class_list":["post-7361","product","type-product","status-publish","has-post-thumbnail","hentry","product_cat-accessoires-telephones","product_cat-film-de-protection"],"_links":{"self":[{"href":"https:\/\/gmiinfo.com\/fr\/wp-json\/wp\/v2\/product\/7361","targetHints":{"allow":["GET"]}}],"collection":[{"href":"https:\/\/gmiinfo.com\/fr\/wp-json\/wp\/v2\/product"}],"about":[{"href":"https:\/\/gmiinfo.com\/fr\/wp-json\/wp\/v2\/types\/product"}],"wp:featuredmedia":[{"embeddable":true,"href":"https:\/\/gmiinfo.com\/fr\/wp-json\/wp\/v2\/media\/7362"}],"wp:attachment":[{"href":"https:\/\/gmiinfo.com\/fr\/wp-json\/wp\/v2\/media?parent=7361"}],"wp:term":[{"taxonomy":"product_cat","embeddable":true,"href":"https:\/\/gmiinfo.com\/fr\/wp-json\/wp\/v2\/product_cat?post=7361"},{"taxonomy":"product_tag","embeddable":true,"href":"https:\/\/gmiinfo.com\/fr\/wp-json\/wp\/v2\/product_tag?post=7361"}],"curies":[{"name":"wp","href":"https:\/\/api.w.org\/{rel}","templated":true}]}}