{"id":7347,"date":"2022-04-15T11:40:16","date_gmt":"2022-04-15T09:40:16","guid":{"rendered":"https:\/\/gmiinfo.com\/?post_type=product&#038;p=7347"},"modified":"2022-08-15T16:12:55","modified_gmt":"2022-08-15T14:12:55","slug":"haut-parleur-aspor-a660-noir","status":"publish","type":"product","link":"https:\/\/gmiinfo.com\/fr\/produit\/haut-parleur-aspor-a660-noir\/","title":{"rendered":"Haut-Parleur Aspor &#8211; A660 &#8211; Noir"},"content":{"rendered":"","protected":false},"excerpt":{"rendered":"<p>ASPOR A660 Haut-parleur Bluetooth Portable Bluetooth FM Radio St\u00e9r\u00e9o Haut-parleur de t\u00e9l\u00e9phone portable<\/p>","protected":false},"featured_media":7348,"template":"","meta":[],"product_cat":[243,418],"product_tag":[],"class_list":["post-7347","product","type-product","status-publish","has-post-thumbnail","hentry","product_cat-gadget","product_cat-speakers"],"_links":{"self":[{"href":"https:\/\/gmiinfo.com\/fr\/wp-json\/wp\/v2\/product\/7347","targetHints":{"allow":["GET"]}}],"collection":[{"href":"https:\/\/gmiinfo.com\/fr\/wp-json\/wp\/v2\/product"}],"about":[{"href":"https:\/\/gmiinfo.com\/fr\/wp-json\/wp\/v2\/types\/product"}],"wp:featuredmedia":[{"embeddable":true,"href":"https:\/\/gmiinfo.com\/fr\/wp-json\/wp\/v2\/media\/7348"}],"wp:attachment":[{"href":"https:\/\/gmiinfo.com\/fr\/wp-json\/wp\/v2\/media?parent=7347"}],"wp:term":[{"taxonomy":"product_cat","embeddable":true,"href":"https:\/\/gmiinfo.com\/fr\/wp-json\/wp\/v2\/product_cat?post=7347"},{"taxonomy":"product_tag","embeddable":true,"href":"https:\/\/gmiinfo.com\/fr\/wp-json\/wp\/v2\/product_tag?post=7347"}],"curies":[{"name":"wp","href":"https:\/\/api.w.org\/{rel}","templated":true}]}}