{"id":7324,"date":"2022-04-14T12:03:15","date_gmt":"2022-04-14T10:03:15","guid":{"rendered":"https:\/\/gmiinfo.com\/?post_type=product&#038;p=7324"},"modified":"2022-08-15T16:13:08","modified_gmt":"2022-08-15T14:13:08","slug":"ecouteurs-sans-fil-ksix-free-pods","status":"publish","type":"product","link":"https:\/\/gmiinfo.com\/fr\/produit\/ecouteurs-sans-fil-ksix-free-pods\/","title":{"rendered":"\u00c9couteurs Sans Fil Ksix Free pods"},"content":{"rendered":"<div class=\"col-lg-5 col-md-5 col-sm-5 col-xs-12 sticky\">\n<section id=\"content\" class=\"page-content\">\n<div class=\"images-container\">\n<div id=\"webizoom\" class=\"js-qv-mask mask\">\n<p>&nbsp;<\/p>\n<\/div>\n<\/div>\n<\/section>\n<\/div>\n<div class=\"col-lg-4 col-md-4 col-sm-4 col-xs-12 propage\">\n<div class=\"product-reference\"><label class=\"label\">R\u00e9f\u00e9rence :<\/label>\u00a0BXATWS02<\/div>\n<div class=\"product-information\">\n<div id=\"product-description-short-36800\" class=\"prodes\">\n<p>\u00c9couteurs Sans Fil Ksix Free Pods &#8211; Microphone int\u00e9gr\u00e9 &#8211; Bluetooth &#8211; Diam\u00e8tre: 8 mm &#8211; Plage de fonctionnement: 10 m &#8211; Gamme de fr\u00e9quence: 20Hz-20Khz &#8211; Puissance maximale: 5V \/ 1A &#8211; Imp\u00e9dance: 32O &#8211; Sensibilit\u00e9: -42 \u00b1 3dB &#8211; Capacit\u00e9 de la batterie: 60 mAh &#8211; Capacit\u00e9 de la batterie du bo\u00eetier: 400 mAh &#8211; Autonomie: 3.5h &#8211; Autonomie bo\u00eetier: 8.5h &#8211; Charge compl\u00e8te: 1h &#8211; Couleur: Blanc &#8211; Garantie 1 an<\/p>\n<\/div>\n<\/div>\n<\/div>","protected":false},"excerpt":{"rendered":"<div class=\"col-lg-5 col-md-5 col-sm-5 col-xs-12 sticky\">\n<section id=\"content\" class=\"page-content\">\n<div class=\"images-container\">\n<div id=\"webizoom\" class=\"js-qv-mask mask\">\n<p>&nbsp;<\/p>\n<\/div>\n<\/div>\n<\/section>\n<\/div>\n<div class=\"col-lg-4 col-md-4 col-sm-4 col-xs-12 propage\">\n<div class=\"product-reference\"><label class=\"label\">R\u00e9f\u00e9rence :<\/label>\u00a0BXATWS02<\/div>\n<div class=\"product-information\">\n<div id=\"product-description-short-36800\" class=\"prodes\">\n<p>\u00c9couteurs Sans Fil Ksix Free Pods &#8211; Microphone int\u00e9gr\u00e9 &#8211; Bluetooth &#8211; Diam\u00e8tre: 8 mm &#8211; Plage de fonctionnement: 10 m &#8211; Gamme de fr\u00e9quence: 20Hz-20Khz &#8211; Puissance maximale: 5V \/ 1A &#8211; Imp\u00e9dance: 32O &#8211; Sensibilit\u00e9: -42 \u00b1 3dB &#8211; Capacit\u00e9 de la batterie: 60 mAh &#8211; Capacit\u00e9 de la batterie du bo\u00eetier: 400 mAh &#8211; Autonomie: 3.5h &#8211; Autonomie bo\u00eetier: 8.5h &#8211; Charge compl\u00e8te: 1h &#8211; Couleur: Blanc &#8211; Garantie 1 an<\/p>\n<\/div>\n<\/div>\n<\/div>","protected":false},"featured_media":7326,"template":"","meta":[],"product_cat":[421],"product_tag":[],"class_list":["post-7324","product","type-product","status-publish","has-post-thumbnail","hentry","product_cat-airpods-bluetooth"],"_links":{"self":[{"href":"https:\/\/gmiinfo.com\/fr\/wp-json\/wp\/v2\/product\/7324","targetHints":{"allow":["GET"]}}],"collection":[{"href":"https:\/\/gmiinfo.com\/fr\/wp-json\/wp\/v2\/product"}],"about":[{"href":"https:\/\/gmiinfo.com\/fr\/wp-json\/wp\/v2\/types\/product"}],"wp:featuredmedia":[{"embeddable":true,"href":"https:\/\/gmiinfo.com\/fr\/wp-json\/wp\/v2\/media\/7326"}],"wp:attachment":[{"href":"https:\/\/gmiinfo.com\/fr\/wp-json\/wp\/v2\/media?parent=7324"}],"wp:term":[{"taxonomy":"product_cat","embeddable":true,"href":"https:\/\/gmiinfo.com\/fr\/wp-json\/wp\/v2\/product_cat?post=7324"},{"taxonomy":"product_tag","embeddable":true,"href":"https:\/\/gmiinfo.com\/fr\/wp-json\/wp\/v2\/product_tag?post=7324"}],"curies":[{"name":"wp","href":"https:\/\/api.w.org\/{rel}","templated":true}]}}