{"id":7320,"date":"2022-04-14T11:58:24","date_gmt":"2022-04-14T09:58:24","guid":{"rendered":"https:\/\/gmiinfo.com\/?post_type=product&#038;p=7320"},"modified":"2022-04-14T11:59:00","modified_gmt":"2022-04-14T09:59:00","slug":"airpods-pro-apple","status":"publish","type":"product","link":"https:\/\/gmiinfo.com\/fr\/produit\/airpods-pro-apple\/","title":{"rendered":"AirPods Pro Apple"},"content":{"rendered":"<h4 class=\"h4-para-title\">Mettez de la magie dans vos oreilles<\/h4>\n<div class=\"para-list as-pdp-lastparalist\">\n<p>Les AirPods\u00a0Pro sont dot\u00e9s de la technologie de R\u00e9duction active du bruit pour vous immerger dans le son, d\u2019un mode Transparence pour vous permettre d\u2019\u00e9couter ce qu\u2019il se passe autour de vous, et d\u2019un design adaptatif qui permet de les porter confortablement toute la journ\u00e9e. \u00c0 l\u2019instar des AirPods, les AirPods\u00a0Pro se connectent \u00e0 vos appareils Apple comme par\u00a0magie. Et ils sont pr\u00eats \u00e0 \u00eatre utilis\u00e9s d\u00e8s leur sortie du bo\u00eetier.<\/p>\n<\/div>\n<h4 class=\"h4-para-title\">R\u00e9duction dynamique du bruit<\/h4>\n<div class=\"para-list as-pdp-lastparalist\">\n<p>Incroyablement l\u00e9gers, les AirPods\u00a0Pro avec R\u00e9duction du bruit vous isolent de votre environnement pour que vous puissiez vous concentrer sur ce que vous \u00e9coutez. Les AirPods\u00a0Pro utilisent deux micros, l\u2019un orient\u00e9 vers l\u2019ext\u00e9rieur et l\u2019un orient\u00e9 vers l\u2019int\u00e9rieur, pour une r\u00e9duction du bruit optimale. En s\u2019adaptant en continu \u00e0 la g\u00e9om\u00e9trie de votre oreille et \u00e0 l\u2019ajustement des embouts, la technologie de r\u00e9duction active du bruit r\u00e9duit le monde ext\u00e9rieur au silence et vous permet de vous plonger pleinement dans vos podcasts, appels et musique.<\/p>\n<\/div>\n<h4 class=\"h4-para-title\">Mode Transparence<\/h4>\n<div class=\"para-list as-pdp-lastparalist\">\n<p>En mode Transparence, vos AirPods\u00a0Pro laissent filtrer les bruits ext\u00e9rieurs pour vous permettre de garder le contact avec le monde qui vous entoure. Les micros int\u00e9rieur et ext\u00e9rieur des AirPods\u00a0Pro annulent l\u2019effet d\u2019isolation phonique des embouts en silicone afin que tout vous semble parfaitement naturel, comme lorsque vous parlez \u00e0 des gens autour de vous. Et la fonctionnalit\u00e9 Amplificateur de conversation rend plus audibles les personnes qui s\u2019adressent \u00e0 vous dans des environnements bruyants, en amplifiant le son de leur voix.<\/p>\n<\/div>\n<h4 class=\"h4-para-title\">Forme personnalisable<\/h4>\n<div class=\"para-list as-pdp-lastparalist\">\n<p>Disponibles en trois tailles, les embouts des AirPods\u00a0Pro en silicone souple vous offrent un confort optimal. Gr\u00e2ce \u00e0 un conduit interne fusel\u00e9, vos AirPods\u00a0Pro s\u2019adaptent \u00e0 la forme de vos oreilles et restent bien en place, garantissant une isolation exceptionnelle pour une r\u00e9duction du bruit sup\u00e9rieure.<\/p>\n<\/div>\n<h4 class=\"h4-para-title\">Bo\u00eetier de charge MagSafe<\/h4>\n<div class=\"para-list as-pdp-lastparalist\">\n<p>Plus de 24\u00a0heures d\u2019autonomie avec le bo\u00eetier de charge MagSafe\u00b9. Quand il est temps de recharger le bo\u00eetier, il suffit de le poser sur votre chargeur MagSafe ou une station de charge sans fil. Et si vous n\u2019avez pas de chargeur sans fil \u00e0 proximit\u00e9, utilisez simplement le\u00a0port Lightning.<\/p>\n<\/div>\n<h4 class=\"h4-para-title\">Qualit\u00e9 audio incomparable<\/h4>\n<div class=\"para-list as-pdp-lastparalist\">\n<p>Un haut-parleur exclusif faible distorsion et longue excursion d\u00e9livre des basses puissantes. Un amplificateur \u00e0 gamme dynamique \u00e9lev\u00e9e et \u00e0 tr\u00e8s faible consommation d\u2019\u00e9nergie g\u00e9n\u00e8re un son pur et cristallin tout en prolongeant l\u2019autonomie de vos AirPods. L\u2019audio spatial avec suivi dynamique des mouvements de la t\u00eate diffuse un son qui vous enveloppe\u00b2. Une \u00e9galisation adaptative r\u00e8gle automatiquement la musique en fonction de la forme de votre oreille pour vous offrir un son puissant et \u00e9quilibr\u00e9.<\/p>\n<\/div>\n<h4 class=\"h4-para-title\">Toujours plus de magie<\/h4>\n<div class=\"para-list as-pdp-lastparalist\">\n<p>La puce H1 con\u00e7ue par Apple assure une latence audio extr\u00eamement faible. Le capteur-pression sur la tige vous permet de contr\u00f4ler votre musique et vos appels et de passer du mode R\u00e9duction active du bruit au mode Transparence, et inversement. Gr\u00e2ce \u00e0 l\u2019Annonce des messages avec Siri, vous avez la possibilit\u00e9 de demander \u00e0 Siri de lire vos SMS via vos AirPods. Et avec le Partage audio, vous et un ami pouvez \u00e9couter le m\u00eame flux audio sur deux paires d\u2019AirPods. Ainsi, vous pouvez jouer \u00e0 un jeu, regarder un film ou \u00e9couter une chanson ensemble\u00b3.<\/p>\n<\/div>","protected":false},"excerpt":{"rendered":"<h4 class=\"h4-para-title\">Connectivit\u00e9: Bluetooth 5.0<\/h4>\n<h4 class=\"h4-para-title\">Batterie: Jusqu\u2019\u00e0 4,5 heures d\u2019\u00e9coute sur une seule charge (jusqu\u2019\u00e0 5 heures avec la R\u00e9duction active du bruit et le mode Transparence d\u00e9sactiv\u00e9s)\u2076<\/h4>\n<h4 class=\"h4-para-title\">Dimensions et poids<\/h4>\n<div class=\"para-list\">\n<p>AirPods\u00a0Pro (chacun)\u2075<\/p>\n<\/div>\n<div class=\"para-list\">\n<p>Hauteur\u00a0: 30,9\u00a0mm<\/p>\n<\/div>\n<div class=\"para-list\">\n<p>Largeur\u00a0: 21,8\u00a0mm<\/p>\n<\/div>\n<div class=\"para-list\">\n<p>\u00c9paisseur\u00a0: 24\u00a0mm<\/p>\n<\/div>\n<div class=\"para-list\">\n<p>Poids\u00a0: 5,4\u00a0g<\/p>\n<\/div>\n<div class=\"para-list\">\n<p>Bo\u00eetier de charge MagSafe\u2075<\/p>\n<\/div>\n<div class=\"para-list\">\n<p>Hauteur\u00a0: 45,2\u00a0mm<\/p>\n<\/div>\n<div class=\"para-list\">\n<p>Largeur\u00a0: 60,6\u00a0mm<\/p>\n<\/div>\n<div class=\"para-list\">\n<p>\u00c9paisseur\u00a0: 21,7\u00a0mm<\/p>\n<\/div>\n<div class=\"para-list as-pdp-lastparalist\">\n<p>Poids\u00a0: 45,6\u00a0g<\/p>\n<\/div>","protected":false},"featured_media":7322,"template":"","meta":[],"product_cat":[421],"product_tag":[],"class_list":["post-7320","product","type-product","status-publish","has-post-thumbnail","hentry","product_cat-airpods-bluetooth"],"_links":{"self":[{"href":"https:\/\/gmiinfo.com\/fr\/wp-json\/wp\/v2\/product\/7320","targetHints":{"allow":["GET"]}}],"collection":[{"href":"https:\/\/gmiinfo.com\/fr\/wp-json\/wp\/v2\/product"}],"about":[{"href":"https:\/\/gmiinfo.com\/fr\/wp-json\/wp\/v2\/types\/product"}],"wp:featuredmedia":[{"embeddable":true,"href":"https:\/\/gmiinfo.com\/fr\/wp-json\/wp\/v2\/media\/7322"}],"wp:attachment":[{"href":"https:\/\/gmiinfo.com\/fr\/wp-json\/wp\/v2\/media?parent=7320"}],"wp:term":[{"taxonomy":"product_cat","embeddable":true,"href":"https:\/\/gmiinfo.com\/fr\/wp-json\/wp\/v2\/product_cat?post=7320"},{"taxonomy":"product_tag","embeddable":true,"href":"https:\/\/gmiinfo.com\/fr\/wp-json\/wp\/v2\/product_tag?post=7320"}],"curies":[{"name":"wp","href":"https:\/\/api.w.org\/{rel}","templated":true}]}}