{"id":7312,"date":"2022-04-13T15:28:17","date_gmt":"2022-04-13T13:28:17","guid":{"rendered":"https:\/\/gmiinfo.com\/?post_type=product&#038;p=7312"},"modified":"2023-05-12T10:40:53","modified_gmt":"2023-05-12T08:40:53","slug":"zqs-haut-parleur-bluetooth","status":"publish","type":"product","link":"https:\/\/gmiinfo.com\/fr\/produit\/zqs-haut-parleur-bluetooth\/","title":{"rendered":"ZQS Haut parleur Bluetooth"},"content":{"rendered":"<p>Caract\u00e9ristiques 1.<b>\u00a0Super Bass 2<\/b>. Batterie au lithium rechargeable haute capacit\u00e9 3. Prend en charge diverses entr\u00e9es audio : carte m\u00e9moire, BT, FM, TF\/AUX 4. Haute qualit\u00e9, design unique. Style \u00e9l\u00e9gant 5. Effet st\u00e9r\u00e9o, appel super clair\u00a0<b>avec microphone<\/b>\u00a0<b>6. Lumi\u00e8re\u00a0<\/b>LED 7. TWS Multifonction (Activer deux haut-parleurs coupl\u00e9s via Bluetooth) SP\u00c9CIFICATIONS Haut-parleur : 8&#8243; Puissance de sortie : 16 W R\u00e9ponse en fr\u00e9quence : 45Hz &#8211; 18KHz S\/N : 50dB Puissance d&#8217;entr\u00e9e : 3,7V Taille du haut-parleur.ARTICLES DE PRODUIT\u00a0:\u00a0ZQS 4243\u00a0TAILLES DU PRODUIT\u00a0:39\u00a0*\u00a019 CM\u00a0CAPACIT\u00c9 DE LA BATTERIE LI:\u00a03.7V \/ 24000 MAHCARACT\u00c9RISTIQUES\u00a0:\u00a0BT\/USB\/TF CARTE\/MICROPHONE\/AUXILIAIRE\/RADIO FMVERSION BT :\u00a0V5.0HAUT-PARLEUR :\u00a08 POUCESSOURCE D&#8217;ALIMENTATION\u00a0:\u00a0BATTERIETYPE D&#8217;ENCEINTE\u00a0:\u00a0PORTABLEGAMME DE FR\u00c9QUENCE\u00a0:\u00a0200\u00a0HZ-15\u00a0KHZTEMPS DE CHARGE :\u00a04-5 HEURESTYPE D&#8217;ENSEMBLE\u00a0:\u00a0HAUT- PARLEURPUISSANCE DE SORTIE :\u00a0156 WTENSION DE CHARGE:\u00a0DC 5V<\/p>","protected":false},"excerpt":{"rendered":"<ul>\n<li class=\"hdr -upp -fs14 -m -pam\"><strong style=\"font-size: 16px\">ARTICLES DE PRODUIT :\u00a0<\/strong><span style=\"font-size: 16px\">ZQS 4243<\/span><\/li>\n<\/ul>\n<div class=\"markup -pam\">\n<ul>\n<li><strong>TAILLES DU PRODUIT\u00a0:\u00a0<\/strong>39*19 CM<\/li>\n<li><strong>CAPACIT\u00c9 DE LA BATTERIE LI:\u00a0<\/strong>3.7V \/ 1800 MAH<\/li>\n<li><strong>CARACT\u00c9RISTIQUES\u00a0:\u00a0<\/strong>BT\/USB\/TF CARTE\/MICROPHONE\/AUXILIAIRE\/RADIO FM<\/li>\n<li><strong>VERSION BT :\u00a0<\/strong>V5.0<\/li>\n<li><strong>HAUT-PARLEUR :\u00a0<\/strong>8 POUCES<\/li>\n<li><strong>SOURCE D&#8217;ALIMENTATION\u00a0:\u00a0<\/strong>BATTERIE<\/li>\n<li><strong>TYPE D&#8217;ENCEINTE\u00a0:\u00a0<\/strong>PORTABLE<\/li>\n<li><strong>GAMME DE FR\u00c9QUENCE\u00a0:\u00a0<\/strong>200\u00a0HZ-15\u00a0KHZ<\/li>\n<li><strong>TEMPS DE CHARGE :\u00a0<\/strong>4-5 HEURES<\/li>\n<li><strong>TYPE D&#8217;ENSEMBLE\u00a0:\u00a0<\/strong>HAUT- PARLEUR<\/li>\n<li><strong>PUISSANCE DE SORTIE : 16<\/strong>\u00a0W<\/li>\n<li><strong>TENSION DE CHARGE:\u00a0<\/strong>DC 5V<\/li>\n<\/ul>\n<\/div>","protected":false},"featured_media":7313,"template":"","meta":[],"product_cat":[243,418],"product_tag":[],"class_list":["post-7312","product","type-product","status-publish","has-post-thumbnail","hentry","product_cat-gadget","product_cat-speakers"],"_links":{"self":[{"href":"https:\/\/gmiinfo.com\/fr\/wp-json\/wp\/v2\/product\/7312","targetHints":{"allow":["GET"]}}],"collection":[{"href":"https:\/\/gmiinfo.com\/fr\/wp-json\/wp\/v2\/product"}],"about":[{"href":"https:\/\/gmiinfo.com\/fr\/wp-json\/wp\/v2\/types\/product"}],"wp:featuredmedia":[{"embeddable":true,"href":"https:\/\/gmiinfo.com\/fr\/wp-json\/wp\/v2\/media\/7313"}],"wp:attachment":[{"href":"https:\/\/gmiinfo.com\/fr\/wp-json\/wp\/v2\/media?parent=7312"}],"wp:term":[{"taxonomy":"product_cat","embeddable":true,"href":"https:\/\/gmiinfo.com\/fr\/wp-json\/wp\/v2\/product_cat?post=7312"},{"taxonomy":"product_tag","embeddable":true,"href":"https:\/\/gmiinfo.com\/fr\/wp-json\/wp\/v2\/product_tag?post=7312"}],"curies":[{"name":"wp","href":"https:\/\/api.w.org\/{rel}","templated":true}]}}