{"id":7310,"date":"2022-04-13T15:24:19","date_gmt":"2022-04-13T13:24:19","guid":{"rendered":"https:\/\/gmiinfo.com\/?post_type=product&#038;p=7310"},"modified":"2023-08-31T11:41:37","modified_gmt":"2023-08-31T09:41:37","slug":"haut-parleur-rechargeable-radio-bluetooth-gt-111","status":"publish","type":"product","link":"https:\/\/gmiinfo.com\/fr\/produit\/haut-parleur-rechargeable-radio-bluetooth-gt-111\/","title":{"rendered":"Haut Parleur Rechargeable Radio Bluetooth &#8211; GT-111"},"content":{"rendered":"<p>Un<b>\u00a0haut-parleur<\/b>\u00a0est un transducteur \u00e9lectroacoustique destin\u00e9 \u00e0 produire des sons \u00e0 partir d&#8217;un signal \u00e9lectrique. Il est en cela l&#8217;inverse du microphone. Par extension, on emploie parfois ce terme pour d\u00e9signer un appareil complet destin\u00e9 \u00e0 la reproduction sonore<\/p>","protected":false},"excerpt":{"rendered":"<ul>\n<li>Haut Parleur\u00a0Rechargeable Radio Bluetooth EXTRA BASS GT-111<\/li>\n<li>Puissance\u00a0: 5W*2<\/li>\n<li>Connectivit\u00e9: Bluetooth, Radio FM, Carte m\u00e9moire, USB<\/li>\n<li>Utilisation\u00a0: Sans Fil Rechargeable<\/li>\n<li>Temps de Charge\u00a0: 2-4Heures<\/li>\n<li>Temps d\u2019utilisation\u00a0: 2-4Heures<\/li>\n<li>Batterie\u00a0: 1200mA<\/li>\n<li>Dimension\u00a0: 16*8*7.5cm<\/li>\n<li>\u00a0Couleur:\u00a0MULTI COULEUR<\/li>\n<\/ul>","protected":false},"featured_media":7311,"template":"","meta":[],"product_cat":[243,418],"product_tag":[],"class_list":["post-7310","product","type-product","status-publish","has-post-thumbnail","hentry","product_cat-gadget","product_cat-speakers"],"_links":{"self":[{"href":"https:\/\/gmiinfo.com\/fr\/wp-json\/wp\/v2\/product\/7310","targetHints":{"allow":["GET"]}}],"collection":[{"href":"https:\/\/gmiinfo.com\/fr\/wp-json\/wp\/v2\/product"}],"about":[{"href":"https:\/\/gmiinfo.com\/fr\/wp-json\/wp\/v2\/types\/product"}],"wp:featuredmedia":[{"embeddable":true,"href":"https:\/\/gmiinfo.com\/fr\/wp-json\/wp\/v2\/media\/7311"}],"wp:attachment":[{"href":"https:\/\/gmiinfo.com\/fr\/wp-json\/wp\/v2\/media?parent=7310"}],"wp:term":[{"taxonomy":"product_cat","embeddable":true,"href":"https:\/\/gmiinfo.com\/fr\/wp-json\/wp\/v2\/product_cat?post=7310"},{"taxonomy":"product_tag","embeddable":true,"href":"https:\/\/gmiinfo.com\/fr\/wp-json\/wp\/v2\/product_tag?post=7310"}],"curies":[{"name":"wp","href":"https:\/\/api.w.org\/{rel}","templated":true}]}}