{"id":7249,"date":"2022-04-09T14:16:50","date_gmt":"2022-04-09T12:16:50","guid":{"rendered":"https:\/\/gmiinfo.com\/?post_type=product&#038;p=7249"},"modified":"2022-09-16T11:14:40","modified_gmt":"2022-09-16T09:14:40","slug":"camera-de-securite-a-domicile-xiaomi-mi-360-1080p-bhr4885gl","status":"publish","type":"product","link":"https:\/\/gmiinfo.com\/fr\/produit\/camera-de-securite-a-domicile-xiaomi-mi-360-1080p-bhr4885gl\/","title":{"rendered":"CAM\u00c9RA DE S\u00c9CURIT\u00c9 \u00c0 DOMICILE XIAOMI MI 360\u00b0 1080P ( BHR4885GL)"},"content":{"rendered":"","protected":false},"excerpt":{"rendered":"<p>Cam\u00e9ra de S\u00e9curit\u00e9 \u00e0 Domicile XIAOMI &#8211; <strong>Panorama 360\u00b0\u00a0<\/strong>&#8211; R\u00e9solution:<strong>1920 x 1080\u00a0Pixels\u00a0<\/strong>&#8211; Capteur:<strong>\u00a0CMOS\u00a0<\/strong>&#8211; Angle de vue:\u00a0<strong>110\u00b0<\/strong>\u00a0&#8211; Stockage local:<strong>\u00a0carte Micro SD jusqu&#8217;\u00e0 32 Go<\/strong>\u00a0&#8211; Vision nocturne:\u00a0<strong>LED infrarouge 940 nm<\/strong>\u00a0&#8211; Connectivit\u00e9:\u00a0<strong>Wi-Fi\u00a0<\/strong>&#8211;\u00a0Syst\u00e8mes d&#8217;exploitation compatibles:\u00a0<strong>Android 4.4, IOS 9.0<\/strong>\u00a0&#8211; Dimensions: 108 x 75 x 75 mm &#8211; Couleur: Blanc<\/p>","protected":false},"featured_media":7251,"template":"","meta":[],"product_cat":[456],"product_tag":[],"class_list":["post-7249","product","type-product","status-publish","has-post-thumbnail","hentry","product_cat-camera-de-securite"],"_links":{"self":[{"href":"https:\/\/gmiinfo.com\/fr\/wp-json\/wp\/v2\/product\/7249","targetHints":{"allow":["GET"]}}],"collection":[{"href":"https:\/\/gmiinfo.com\/fr\/wp-json\/wp\/v2\/product"}],"about":[{"href":"https:\/\/gmiinfo.com\/fr\/wp-json\/wp\/v2\/types\/product"}],"wp:featuredmedia":[{"embeddable":true,"href":"https:\/\/gmiinfo.com\/fr\/wp-json\/wp\/v2\/media\/7251"}],"wp:attachment":[{"href":"https:\/\/gmiinfo.com\/fr\/wp-json\/wp\/v2\/media?parent=7249"}],"wp:term":[{"taxonomy":"product_cat","embeddable":true,"href":"https:\/\/gmiinfo.com\/fr\/wp-json\/wp\/v2\/product_cat?post=7249"},{"taxonomy":"product_tag","embeddable":true,"href":"https:\/\/gmiinfo.com\/fr\/wp-json\/wp\/v2\/product_tag?post=7249"}],"curies":[{"name":"wp","href":"https:\/\/api.w.org\/{rel}","templated":true}]}}