{"id":7083,"date":"2022-03-10T10:25:52","date_gmt":"2022-03-10T09:25:52","guid":{"rendered":"https:\/\/gmiinfo.com\/?post_type=product&#038;p=7083"},"modified":"2023-05-12T10:42:12","modified_gmt":"2023-05-12T08:42:12","slug":"xiaomi-mi-electric-scooter-essential-trottinette","status":"publish","type":"product","link":"https:\/\/gmiinfo.com\/fr\/produit\/xiaomi-mi-electric-scooter-essential-trottinette\/","title":{"rendered":"XIAOMI MI ELECTRIC SCOOTER ESSENTIAL TROTTINETTE"},"content":{"rendered":"","protected":false},"excerpt":{"rendered":"<div class=\"product-reference\"><\/div>\n<div id=\"product-description-short-39898\" class=\"product-des\">\n<p>Vitesse maximale :\u00a0<strong>20 km\/h<\/strong><\/p>\n<p>&#8211; Poids : 12 kg<\/p>\n<p>&#8211; Facilement pliable en 3 secondes Autonomie : jusqu\u2019\u00e0 20km<\/p>\n<p>&#8211; Capacit\u00e9 totale de\u00a0<strong>183Wh<\/strong>\u00a0gr\u00e2ce \u00e0 40 cellules lithium-ion<\/p>\n<p>&#8211; Pneus antid\u00e9rapants de 8,5 pouces et amortisseurs absorbent efficacement les chocs<\/p>\n<p>&#8211; R\u00e9gulateur de vitesse sophistiqu\u00e9 : aide \u00e0 maintenir une vitesse constante fix\u00e9e par le conducteur<\/p>\n<p>&#8211; Syst\u00e8me de freinage r\u00e9g\u00e9n\u00e9ratif et \u00e0 disque \u00e0 la roue arri\u00e8re et syst\u00e8me E-ABS \u00e0 la roue avant.<\/p>\n<\/div>","protected":false},"featured_media":7084,"template":"","meta":[],"product_cat":[454],"product_tag":[455],"class_list":["post-7083","product","type-product","status-publish","has-post-thumbnail","hentry","product_cat-electric-scooter","product_tag-electric-scooter"],"_links":{"self":[{"href":"https:\/\/gmiinfo.com\/fr\/wp-json\/wp\/v2\/product\/7083","targetHints":{"allow":["GET"]}}],"collection":[{"href":"https:\/\/gmiinfo.com\/fr\/wp-json\/wp\/v2\/product"}],"about":[{"href":"https:\/\/gmiinfo.com\/fr\/wp-json\/wp\/v2\/types\/product"}],"wp:featuredmedia":[{"embeddable":true,"href":"https:\/\/gmiinfo.com\/fr\/wp-json\/wp\/v2\/media\/7084"}],"wp:attachment":[{"href":"https:\/\/gmiinfo.com\/fr\/wp-json\/wp\/v2\/media?parent=7083"}],"wp:term":[{"taxonomy":"product_cat","embeddable":true,"href":"https:\/\/gmiinfo.com\/fr\/wp-json\/wp\/v2\/product_cat?post=7083"},{"taxonomy":"product_tag","embeddable":true,"href":"https:\/\/gmiinfo.com\/fr\/wp-json\/wp\/v2\/product_tag?post=7083"}],"curies":[{"name":"wp","href":"https:\/\/api.w.org\/{rel}","templated":true}]}}